{"id":773390,"date":"2025-08-28T16:14:21","date_gmt":"2025-08-28T13:14:21","guid":{"rendered":"https:\/\/roveyayinevi.com.tr\/index.php\/urun\/kim-var-orada\/"},"modified":"2026-04-15T03:39:45","modified_gmt":"2026-04-15T00:39:45","slug":"kim-var-orada","status":"publish","type":"product","link":"https:\/\/roveyayinevi.com.tr\/index.php\/urun\/kim-var-orada\/","title":{"rendered":"Kim Var Orada?"},"content":{"rendered":"<p>Bazen bir yabanc\u0131n\u0131n hik\u00e2yesi, senin hayat yolculu\u011funa pusula olur\u2026 Bir gece \u00dcmit, evlerinin ardiyesinde gizlenen bir yabanc\u0131yla kar\u015f\u0131la\u015f\u0131r. Kimli\u011fi belirsiz olan ve ge\u00e7mi\u015fiyle hesapla\u015fan bu adamla kurdu\u011fu ba\u011f, \u00dcmit\u2019in hayat\u0131na bamba\u015fka bir pencere a\u00e7ar. Peki ama bu adam ger\u00e7ekte kimdir ve herkesten saklamaya \u00e7al\u0131\u015ft\u0131\u011f\u0131 \u015fey nedir? \u00dcmit, bu b\u00fcy\u00fck gizemi \u00e7\u00f6zmeye \u00e7al\u0131\u015f\u0131rken asl\u0131nda kendi ailesinin de i\u00e7inde oldu\u011fu bir s\u0131rr\u0131 \u00e7\u00f6zd\u00fc\u011f\u00fcn\u00fcn fark\u0131nda de\u011fildir.Sakl\u0131 ger\u00e7ekler a\u00e7\u0131\u011fa \u00e7\u0131kmaya ba\u015flad\u0131k\u00e7a, \u00e7ocuk\u00e7a bir merak ve merhametle filizlenen bu hik\u00e2ye, giderek aile sevgisi, \u00f6zg\u00fcven, g\u00fc\u00e7l\u00fc bir dostluk ve g\u00f6z ard\u0131 edilen hayatlara dair gizemli bir maceraya d\u00f6n\u00fc\u015fecektir.<\/p>\n","protected":false},"excerpt":{"rendered":"<p>Bazen bir yabanc\u0131n\u0131n hik\u00e2yesi, senin hayat yolculu\u011funa pusula olur\u2026 Bir gece \u00dcmit, evlerinin ardiyesinde gizlenen bir yabanc\u0131yla kar\u015f\u0131la\u015f\u0131r. Kimli\u011fi belirsiz olan ve ge\u00e7mi\u015fiyle hesapla\u015fan bu adamla<span class=\"excerpt-hellip\"> [\u2026]<\/span><\/p>\n","protected":false},"featured_media":0,"template":"","meta":{"_monsterinsights_skip_tracking":false,"_monsterinsights_sitenote_active":false,"_monsterinsights_sitenote_note":"","_monsterinsights_sitenote_category":0},"product_brand":[],"product_cat":[12416,12291],"product_tag":[],"class_list":{"0":"post-773390","1":"product","2":"type-product","3":"status-publish","5":"product_cat-cizgi-roman","6":"product_cat-edebiyat","7":"pa_cilt-ciltsiz","8":"pa_tur-kitap","9":"pa_yayinevi-carpe-diem-kitaplari","10":"pa_yazar-reyhan-yusufgizi","12":"first","13":"instock","14":"sale","15":"shipping-taxable","16":"purchasable","17":"product-type-simple"},"_links":{"self":[{"href":"https:\/\/roveyayinevi.com.tr\/index.php\/wp-json\/wp\/v2\/product\/773390","targetHints":{"allow":["GET"]}}],"collection":[{"href":"https:\/\/roveyayinevi.com.tr\/index.php\/wp-json\/wp\/v2\/product"}],"about":[{"href":"https:\/\/roveyayinevi.com.tr\/index.php\/wp-json\/wp\/v2\/types\/product"}],"wp:attachment":[{"href":"https:\/\/roveyayinevi.com.tr\/index.php\/wp-json\/wp\/v2\/media?parent=773390"}],"wp:term":[{"taxonomy":"product_brand","embeddable":true,"href":"https:\/\/roveyayinevi.com.tr\/index.php\/wp-json\/wp\/v2\/product_brand?post=773390"},{"taxonomy":"product_cat","embeddable":true,"href":"https:\/\/roveyayinevi.com.tr\/index.php\/wp-json\/wp\/v2\/product_cat?post=773390"},{"taxonomy":"product_tag","embeddable":true,"href":"https:\/\/roveyayinevi.com.tr\/index.php\/wp-json\/wp\/v2\/product_tag?post=773390"}],"curies":[{"name":"wp","href":"https:\/\/api.w.org\/{rel}","templated":true}]}}