{"id":773389,"date":"2025-08-28T16:14:19","date_gmt":"2025-08-28T13:14:19","guid":{"rendered":"https:\/\/roveyayinevi.com.tr\/index.php\/urun\/neden-iman-ederiz\/"},"modified":"2026-04-15T03:39:45","modified_gmt":"2026-04-15T00:39:45","slug":"neden-iman-ederiz","status":"publish","type":"product","link":"https:\/\/roveyayinevi.com.tr\/index.php\/urun\/neden-iman-ederiz\/","title":{"rendered":"Neden \u0130man Ederiz?"},"content":{"rendered":"<p>\u0130man, kalpte \u00f6nce beyaz bir par\u0131lt\u0131 olarak belirir. Kul salih ameller i\u015fledik\u00e7e bu par\u0131lt\u0131 b\u00fcy\u00fcr ve artar, sonunda kalbin tamam\u0131 bembeyaz olur.Hz. Ali\u0130sl\u00e2m, insan\u0131n hem akl\u0131na hem kalbine hitap eden, hayat\u0131n her y\u00f6n\u00fcn\u00fc kapsayan bir kulluk \u00e7a\u011fr\u0131s\u0131d\u0131r. Bu \u00e7a\u011fr\u0131 sadece bilgiyle de\u011fil bilin\u00e7, y\u00f6neli\u015f ve i\u00e7 d\u00fcnyada ger\u00e7ekle\u015fen bir de\u011fi\u015fimle tamamlan\u0131r. Dolay\u0131s\u0131yla kulluk, sadece d\u0131\u015fa yans\u0131yan davran\u0131\u015flardan ibaret de\u011fil, insan\u0131n i\u00e7inde ad\u0131m ad\u0131m in\u015fa edilen bir s\u00fcre\u00e7tir. Bu yolculu\u011fun ilk ve en \u00f6nemli ad\u0131m\u0131, inanc\u0131n sa\u011flam temeller \u00fczerine kurulmas\u0131d\u0131r. \u00c7\u00fcnk\u00fc do\u011fru bir inan\u00e7 olmadan ibadetler y\u00f6n\u00fcn\u00fc bulamaz, ahlaki olgunluk ise kal\u0131c\u0131 h\u00e2le gelemez. \u0130\u015fte elinizdeki bu eser, bu yolculu\u011fun ilk ve en temel ad\u0131m\u0131n\u0131 ele almakta, sahih inanc\u0131n ne oldu\u011funu, nas\u0131l yerle\u015fece\u011fini ve insan\u0131n i\u00e7 d\u00fcnyas\u0131nda nas\u0131l kar\u015f\u0131l\u0131k bulmas\u0131 gerekti\u011fini a\u00e7\u0131klamaktad\u0131r. Bu kitapta Allah\u2019\u0131n s\u0131fatlar\u0131ndan kadere, n\u00fcb\u00fcvvetten ahiret g\u00fcn\u00fcne kadar bir\u00e7ok temel ak\u00e2id meselesi sade ama derinlikli bir \u00fcslupla ele al\u0131nm\u0131\u015ft\u0131r.Neden \u0130man Ederiz? ba\u015fl\u0131\u011f\u0131yla T\u00fcrk\u00e7eye kazand\u0131r\u0131lan bu b\u00f6l\u00fcm, Gazz\u00e2l\u00ee\u2019nin ba\u015fyap\u0131t\u0131 \u0130hy\u00e2u Ul\u00fbmi\u2019d-d\u00een eserinin \u0130badat k\u0131sm\u0131ndan se\u00e7ilmi\u015f ve Dr. Kutbeddin Aky\u00fcz\u2019\u00fcn titiz \u00e7al\u0131\u015fmas\u0131yla okuyucuya sunulmu\u015ftur.<\/p>\n","protected":false},"excerpt":{"rendered":"<p>\u0130man, kalpte \u00f6nce beyaz bir par\u0131lt\u0131 olarak belirir. Kul salih ameller i\u015fledik\u00e7e bu par\u0131lt\u0131 b\u00fcy\u00fcr ve artar, sonunda kalbin tamam\u0131 bembeyaz olur.Hz. Ali\u0130sl\u00e2m, insan\u0131n hem akl\u0131na<span class=\"excerpt-hellip\"> [\u2026]<\/span><\/p>\n","protected":false},"featured_media":0,"template":"","meta":{"_monsterinsights_skip_tracking":false,"_monsterinsights_sitenote_active":false,"_monsterinsights_sitenote_note":"","_monsterinsights_sitenote_category":0},"product_brand":[],"product_cat":[12718,12719,15238],"product_tag":[],"class_list":{"0":"post-773389","1":"product","2":"type-product","3":"status-publish","5":"product_cat-din","6":"product_cat-islam","7":"product_cat-tasavvuf","8":"pa_cilt-ciltsiz","9":"pa_tur-kitap","10":"pa_yayinevi-sufi-kitap","11":"pa_yazar-imam-gazzali","13":"first","14":"instock","15":"sale","16":"shipping-taxable","17":"purchasable","18":"product-type-simple"},"_links":{"self":[{"href":"https:\/\/roveyayinevi.com.tr\/index.php\/wp-json\/wp\/v2\/product\/773389","targetHints":{"allow":["GET"]}}],"collection":[{"href":"https:\/\/roveyayinevi.com.tr\/index.php\/wp-json\/wp\/v2\/product"}],"about":[{"href":"https:\/\/roveyayinevi.com.tr\/index.php\/wp-json\/wp\/v2\/types\/product"}],"wp:attachment":[{"href":"https:\/\/roveyayinevi.com.tr\/index.php\/wp-json\/wp\/v2\/media?parent=773389"}],"wp:term":[{"taxonomy":"product_brand","embeddable":true,"href":"https:\/\/roveyayinevi.com.tr\/index.php\/wp-json\/wp\/v2\/product_brand?post=773389"},{"taxonomy":"product_cat","embeddable":true,"href":"https:\/\/roveyayinevi.com.tr\/index.php\/wp-json\/wp\/v2\/product_cat?post=773389"},{"taxonomy":"product_tag","embeddable":true,"href":"https:\/\/roveyayinevi.com.tr\/index.php\/wp-json\/wp\/v2\/product_tag?post=773389"}],"curies":[{"name":"wp","href":"https:\/\/api.w.org\/{rel}","templated":true}]}}