{"id":773388,"date":"2025-08-28T16:14:18","date_gmt":"2025-08-28T13:14:18","guid":{"rendered":"https:\/\/roveyayinevi.com.tr\/index.php\/urun\/hakiki-mutlulugun-sirri\/"},"modified":"2026-04-15T03:39:44","modified_gmt":"2026-04-15T00:39:44","slug":"hakiki-mutlulugun-sirri","status":"publish","type":"product","link":"https:\/\/roveyayinevi.com.tr\/index.php\/urun\/hakiki-mutlulugun-sirri\/","title":{"rendered":"Hakiki Mutlulu\u011fun S\u0131rr\u0131"},"content":{"rendered":"<p>Marifet ne \u00e7ok \u015fey bilmek ne de laf\u0131 \u00e7o\u011faltmakt\u0131r. Marifet, kalbin Rabbini tan\u0131mas\u0131d\u0131r.B\u00fcy\u00fck \u0130slam d\u00fc\u015f\u00fcn\u00fcr\u00fc \u0130mam Gazz\u00e2l\u00ee\u2019nin \u0130hy\u00e2u Ulumi\u2019d-din eserinden sonra herkesin anlayabilece\u011fi bir sadelikle kaleme ald\u0131\u011f\u0131 Kimy\u00e2-y\u0131 Sa\u00e2det, klasik \u0130slam d\u00fc\u015f\u00fcncesinin ahlak, tasavvuf ve nefs terbiyesi alan\u0131ndaki en etkili metinlerinden biri olmu\u015ftur.Gazz\u00e2l\u00ee bu eserinde, din\u00ee ilimlerin zahiri ile yetinmeyip onlar\u0131 ruhi bir temellendirmeyle bulu\u015fturma gayretindedir. Bilginin hikmete, ibadetin ihlasa, ahlak\u0131n davran\u0131\u015fa d\u00f6n\u00fc\u015fme gereklili\u011fi \u00fczerinden bir mutluluk re\u00e7etesi sunar. Bu y\u00f6n\u00fcyle Kimy\u00e2-y\u0131 Sa\u00e2det, \u0130slam d\u00fc\u015f\u00fcnce gelene\u011finde bilginin prati\u011fe d\u00f6n\u00fc\u015ft\u00fc\u011f\u00fc nadir \u00f6rneklerden biridir.\u0130nsan\u0131n saadet aray\u0131\u015f\u0131n\u0131n ve ruhsal d\u00f6n\u00fc\u015f\u00fcm\u00fcn\u00fcn kadim rehberi olan Gazz\u00e2l\u00ee\u2019nin bu zamans\u0131z eserini, Fars\u00e7a asl\u0131ndan Dr. Serhat G\u00fclta\u015f herkesin anlayabilece\u011fi ak\u0131c\u0131 bir dille \u00e7evirdi. Hakiki Mutlulu\u011fun S\u0131rr\u0131 ismiyle T\u00fcrk\u00e7eye aktard\u0131\u011f\u0131m\u0131z Kimy\u00e2-y\u0131 Sa\u00e2det serimizin ilk kitab\u0131yla bu \u00f6l\u00fcms\u00fcz eserin b\u00f6l\u00fcmlerini kitaplar halinde yay\u0131na haz\u0131rlamaya devam edece\u011fiz.<\/p>\n","protected":false},"excerpt":{"rendered":"<p>Marifet ne \u00e7ok \u015fey bilmek ne de laf\u0131 \u00e7o\u011faltmakt\u0131r. Marifet, kalbin Rabbini tan\u0131mas\u0131d\u0131r.B\u00fcy\u00fck \u0130slam d\u00fc\u015f\u00fcn\u00fcr\u00fc \u0130mam Gazz\u00e2l\u00ee\u2019nin \u0130hy\u00e2u Ulumi\u2019d-din eserinden sonra herkesin anlayabilece\u011fi bir sadelikle kaleme<span class=\"excerpt-hellip\"> [\u2026]<\/span><\/p>\n","protected":false},"featured_media":0,"template":"","meta":{"_monsterinsights_skip_tracking":false,"_monsterinsights_sitenote_active":false,"_monsterinsights_sitenote_note":"","_monsterinsights_sitenote_category":0},"product_brand":[],"product_cat":[12718,12719,15238],"product_tag":[],"class_list":{"0":"post-773388","1":"product","2":"type-product","3":"status-publish","5":"product_cat-din","6":"product_cat-islam","7":"product_cat-tasavvuf","8":"pa_cilt-ciltsiz","9":"pa_tur-kitap","10":"pa_yayinevi-sufi-kitap","11":"pa_yazar-imam-gazzali","13":"first","14":"instock","15":"sale","16":"shipping-taxable","17":"purchasable","18":"product-type-simple"},"_links":{"self":[{"href":"https:\/\/roveyayinevi.com.tr\/index.php\/wp-json\/wp\/v2\/product\/773388","targetHints":{"allow":["GET"]}}],"collection":[{"href":"https:\/\/roveyayinevi.com.tr\/index.php\/wp-json\/wp\/v2\/product"}],"about":[{"href":"https:\/\/roveyayinevi.com.tr\/index.php\/wp-json\/wp\/v2\/types\/product"}],"wp:attachment":[{"href":"https:\/\/roveyayinevi.com.tr\/index.php\/wp-json\/wp\/v2\/media?parent=773388"}],"wp:term":[{"taxonomy":"product_brand","embeddable":true,"href":"https:\/\/roveyayinevi.com.tr\/index.php\/wp-json\/wp\/v2\/product_brand?post=773388"},{"taxonomy":"product_cat","embeddable":true,"href":"https:\/\/roveyayinevi.com.tr\/index.php\/wp-json\/wp\/v2\/product_cat?post=773388"},{"taxonomy":"product_tag","embeddable":true,"href":"https:\/\/roveyayinevi.com.tr\/index.php\/wp-json\/wp\/v2\/product_tag?post=773388"}],"curies":[{"name":"wp","href":"https:\/\/api.w.org\/{rel}","templated":true}]}}