{"id":773386,"date":"2025-08-28T16:14:14","date_gmt":"2025-08-28T13:14:14","guid":{"rendered":"https:\/\/roveyayinevi.com.tr\/index.php\/urun\/hayatin-anlami-ve-amaci\/"},"modified":"2026-04-15T03:39:44","modified_gmt":"2026-04-15T00:39:44","slug":"hayatin-anlami-ve-amaci","status":"publish","type":"product","link":"https:\/\/roveyayinevi.com.tr\/index.php\/urun\/hayatin-anlami-ve-amaci\/","title":{"rendered":"Hayat\u0131n Anlam\u0131 ve Amac\u0131"},"content":{"rendered":"<p>Modern psikolojinin \u00f6nc\u00fclerinden Alfred Adler, kitaplar\u0131nda Bireysel Psikolojinin temellerini sade ve etkileyici bir dille anlat\u0131r. Hayat\u0131n Anlam\u0131 ve Amac\u0131, sadece bir psikoloji kitab\u0131 de\u011fil; insan ili\u015fkilerini, toplumsal i\u015fbirli\u011fi ve uyumu ve ki\u015fisel geli\u015fimi anlamak isteyen herkes i\u00e7in bir rehber niteli\u011findedir.\u201cHayat\u0131n anlam\u0131 nedir?\u201d sorusuna verilen onca anlam i\u00e7erisinde t\u00fcm do\u011fru cevaplarda ortak olan ve yanl\u0131\u015f cevaplarda eksik kalan\u0131n ne oldu\u011funa bakan Adler, kendini tan\u0131mak, ya\u015fam\u0131na y\u00f6n vermek ve toplumsal bir varl\u0131k olarak anlaml\u0131 bir hayat s\u00fcrmek isteyen herkes i\u00e7in g\u00fc\u00e7l\u00fc bir kaynak sunuyor. Adler\u2019in bug\u00fcn h\u00e2l\u00e2 ge\u00e7erlili\u011fini koruyan i\u00e7g\u00f6r\u00fcleri, okuru kendi ya\u015fam\u0131n\u0131 yeniden sorgulamaya davet ediyor. \u201cAdler\u2019in \u00fcst\u00fcnl\u00fck \u00e7abas\u0131 ve ya\u015fam amac\u0131 \u00fczerine d\u00fc\u015f\u00fcnceleri, logoterapinin temellerini atarken ilham kayna\u011f\u0131 oldu. O, bireyin anlam aray\u0131\u015f\u0131n\u0131n psikolojideki \u00f6nc\u00fcs\u00fcd\u00fcr.\u201dViktor Frankl (\u0130nsan\u0131n Anlam Aray\u0131\u015f\u0131 kitab\u0131n\u0131n yazar\u0131) \u201cAdler, bireyin toplumla kurdu\u011fu ba\u011fa verdi\u011fi \u00f6nemle, modern psikoterapinin en insani y\u00f6nlerini \u00f6ne \u00e7\u0131kard\u0131.\u201dRollo May<\/p>\n","protected":false},"excerpt":{"rendered":"<p>Modern psikolojinin \u00f6nc\u00fclerinden Alfred Adler, kitaplar\u0131nda Bireysel Psikolojinin temellerini sade ve etkileyici bir dille anlat\u0131r. Hayat\u0131n Anlam\u0131 ve Amac\u0131, sadece bir psikoloji kitab\u0131 de\u011fil; insan ili\u015fkilerini,<span class=\"excerpt-hellip\"> [\u2026]<\/span><\/p>\n","protected":false},"featured_media":0,"template":"","meta":{"_monsterinsights_skip_tracking":false,"_monsterinsights_sitenote_active":false,"_monsterinsights_sitenote_note":"","_monsterinsights_sitenote_category":0},"product_brand":[],"product_cat":[12358,12357],"product_tag":[],"class_list":{"0":"post-773386","1":"product","2":"type-product","3":"status-publish","5":"product_cat-genel-psikoloji","6":"product_cat-psikoloji","7":"pa_cilt-ciltsiz","8":"pa_tur-kitap","9":"pa_yayinevi-timas-yayinlari","10":"pa_yazar-alfred-adler","12":"first","13":"instock","14":"sale","15":"shipping-taxable","16":"purchasable","17":"product-type-simple"},"_links":{"self":[{"href":"https:\/\/roveyayinevi.com.tr\/index.php\/wp-json\/wp\/v2\/product\/773386","targetHints":{"allow":["GET"]}}],"collection":[{"href":"https:\/\/roveyayinevi.com.tr\/index.php\/wp-json\/wp\/v2\/product"}],"about":[{"href":"https:\/\/roveyayinevi.com.tr\/index.php\/wp-json\/wp\/v2\/types\/product"}],"wp:attachment":[{"href":"https:\/\/roveyayinevi.com.tr\/index.php\/wp-json\/wp\/v2\/media?parent=773386"}],"wp:term":[{"taxonomy":"product_brand","embeddable":true,"href":"https:\/\/roveyayinevi.com.tr\/index.php\/wp-json\/wp\/v2\/product_brand?post=773386"},{"taxonomy":"product_cat","embeddable":true,"href":"https:\/\/roveyayinevi.com.tr\/index.php\/wp-json\/wp\/v2\/product_cat?post=773386"},{"taxonomy":"product_tag","embeddable":true,"href":"https:\/\/roveyayinevi.com.tr\/index.php\/wp-json\/wp\/v2\/product_tag?post=773386"}],"curies":[{"name":"wp","href":"https:\/\/api.w.org\/{rel}","templated":true}]}}