{"id":773385,"date":"2025-08-28T16:14:12","date_gmt":"2025-08-28T13:14:12","guid":{"rendered":"https:\/\/roveyayinevi.com.tr\/index.php\/urun\/national-geographic-kids-kopek-baliklari\/"},"modified":"2026-04-15T03:39:44","modified_gmt":"2026-04-15T00:39:44","slug":"national-geographic-kids-kopek-baliklari","status":"publish","type":"product","link":"https:\/\/roveyayinevi.com.tr\/index.php\/urun\/national-geographic-kids-kopek-baliklari\/","title":{"rendered":"National Geographic Kids &#8211; K\u00f6pek Bal\u0131klar\u0131!"},"content":{"rendered":"<p>H\u0131zl\u0131d\u0131r. Sessizdir. Be\u015f s\u0131ra \u00f6l\u00fcmc\u00fcl di\u015fi vard\u0131r. \u015elap! Kar\u015f\u0131n\u0131zda k\u00f6pekbal\u0131\u011f\u0131! Dinozorlar yery\u00fcz\u00fcnde dola\u015fmadan \u00e7ok \u00f6nce derin denizlere h\u00fckmeden bal\u0131k! Bu bal\u0131\u011f\u0131n iskeleti kemik de\u011fil, yumu\u015fak k\u0131k\u0131rdakt\u0131r, bu sayede av\u0131 \u201cyutuldum!\u201d demeden \u00f6nce s\u00fcz\u00fcl\u00fcr, d\u00f6ner ve manevra yapar. Okyanustaki 25 milyon damla su aras\u0131nda yaln\u0131zca bir damla kan\u0131n kokusunu alabilir. Av\u0131n\u0131n yayd\u0131\u011f\u0131 elektri\u011fi hissedebilir. \u00d6mr\u00fc boyunca 10.000\u2019den fazla di\u015f kaybeder ve yeniler. T\u00fcm bunlar\u0131 ve daha fazlas\u0131n\u0131 g\u00f6rmek i\u00e7in bu kitab\u0131 ka\u00e7\u0131rma. Harika foto\u011fraflar \u00e7ocuklar\u0131 k\u00f6pekbal\u0131klar\u0131n\u0131n d\u00fcnyas\u0131na g\u00f6t\u00fcr\u00fcyor. E\u011flenceli bilgiler, k\u00f6pekbal\u0131klar\u0131n\u0131n korkutucu bilimini derinlemesine ke\u015ffetmelerini sa\u011fl\u0131yor. Bu y\u00fcksek ilgi g\u00f6ren, e\u011fitimsel olarak onaylanm\u0131\u015f okuma serisi, National Geographic\u2019in muhte\u015fem g\u00f6rselleriyle birlikte deneyimli ve yetenekli \u00e7ocuk kitab\u0131 yazarlar\u0131n\u0131n kaleme ald\u0131\u011f\u0131 metinleri sunar. Her kitap, bir s\u00f6zl\u00fck ve \u00e7ocuklar\u0131n kitapta \u00f6\u011frendiklerini kullanabilecekleri etkile\u015fimli etkinlikler i\u00e7erir. \u25cf       Seviye 1 kitaplar\u0131, i\u00e7eri\u011fi kinestetik \u00f6\u011frenme etkinlikleriyle peki\u015ftirir. \u25cf       Seviye 2 kitaplar\u0131, biraz daha geli\u015fmi\u015f metinler ve ek kelime da\u011farc\u0131\u011f\u0131 sunar. Seviye 3 kitaplar\u0131, daha geli\u015fmi\u015f okuyucular i\u00e7in daha katmanl\u0131 bilgiler i\u00e7erir.<\/p>\n","protected":false},"excerpt":{"rendered":"<p>H\u0131zl\u0131d\u0131r. Sessizdir. Be\u015f s\u0131ra \u00f6l\u00fcmc\u00fcl di\u015fi vard\u0131r. \u015elap! Kar\u015f\u0131n\u0131zda k\u00f6pekbal\u0131\u011f\u0131! Dinozorlar yery\u00fcz\u00fcnde dola\u015fmadan \u00e7ok \u00f6nce derin denizlere h\u00fckmeden bal\u0131k! Bu bal\u0131\u011f\u0131n iskeleti kemik de\u011fil, yumu\u015fak k\u0131k\u0131rdakt\u0131r,<span class=\"excerpt-hellip\"> [\u2026]<\/span><\/p>\n","protected":false},"featured_media":0,"template":"","meta":{"_monsterinsights_skip_tracking":false,"_monsterinsights_sitenote_active":false,"_monsterinsights_sitenote_note":"","_monsterinsights_sitenote_category":0},"product_brand":[],"product_cat":[13829,12274],"product_tag":[],"class_list":{"0":"post-773385","1":"product","2":"type-product","3":"status-publish","5":"product_cat-bilimsel-kitaplar","6":"product_cat-cocuk-ve-genclik-kitaplari","7":"pa_cilt-ciltsiz","8":"pa_tur-kitap","9":"pa_yayinevi-beta-kids","10":"pa_yazar-stephanie-warren-drimmer","12":"first","13":"instock","14":"sale","15":"shipping-taxable","16":"purchasable","17":"product-type-simple"},"_links":{"self":[{"href":"https:\/\/roveyayinevi.com.tr\/index.php\/wp-json\/wp\/v2\/product\/773385","targetHints":{"allow":["GET"]}}],"collection":[{"href":"https:\/\/roveyayinevi.com.tr\/index.php\/wp-json\/wp\/v2\/product"}],"about":[{"href":"https:\/\/roveyayinevi.com.tr\/index.php\/wp-json\/wp\/v2\/types\/product"}],"wp:attachment":[{"href":"https:\/\/roveyayinevi.com.tr\/index.php\/wp-json\/wp\/v2\/media?parent=773385"}],"wp:term":[{"taxonomy":"product_brand","embeddable":true,"href":"https:\/\/roveyayinevi.com.tr\/index.php\/wp-json\/wp\/v2\/product_brand?post=773385"},{"taxonomy":"product_cat","embeddable":true,"href":"https:\/\/roveyayinevi.com.tr\/index.php\/wp-json\/wp\/v2\/product_cat?post=773385"},{"taxonomy":"product_tag","embeddable":true,"href":"https:\/\/roveyayinevi.com.tr\/index.php\/wp-json\/wp\/v2\/product_tag?post=773385"}],"curies":[{"name":"wp","href":"https:\/\/api.w.org\/{rel}","templated":true}]}}