{"id":773383,"date":"2025-08-28T16:14:08","date_gmt":"2025-08-28T13:14:08","guid":{"rendered":"https:\/\/roveyayinevi.com.tr\/index.php\/urun\/national-geographic-kids-taslar-ve-mineraller\/"},"modified":"2026-04-15T03:39:44","modified_gmt":"2026-04-15T00:39:44","slug":"national-geographic-kids-taslar-ve-mineraller","status":"publish","type":"product","link":"https:\/\/roveyayinevi.com.tr\/index.php\/urun\/national-geographic-kids-taslar-ve-mineraller\/","title":{"rendered":"National Geograph\u0131c Kids &#8211; Ta\u015flar ve Mineraller"},"content":{"rendered":"<p>Parlayan de\u011ferli ta\u015flardan \u0131\u015f\u0131ldayan kristallere ve erimi\u015f lavlara kadar bu harika resimlerle dolu kitap, \u00e7ocuklar\u0131 ta\u015flar ve minerallerin heyecan verici d\u00fcnyas\u0131yla tan\u0131\u015ft\u0131r\u0131yor; hem yap\u0131 ta\u015flar\u0131n\u0131 hem de g\u00f6z kama\u015ft\u0131r\u0131c\u0131 yanlar\u0131n\u0131 ke\u015ffetmelerini sa\u011fl\u0131yor. Kolay anla\u015f\u0131l\u0131r metinlerle yaz\u0131lm\u0131\u015f bu ikinci seviye okuma kitab\u0131, gelece\u011fin jeologlar\u0131n\u0131 yeti\u015ftirmeye yard\u0131mc\u0131 olacak! Bu y\u00fcksek ilgi g\u00f6ren, e\u011fitimsel olarak onaylanm\u0131\u015f okuma serisi, National Geographic\u2019in muhte\u015fem g\u00f6rselleriyle birlikte deneyimli ve yetenekli \u00e7ocuk kitab\u0131 yazarlar\u0131n\u0131n kaleme ald\u0131\u011f\u0131 metinleri sunar. Her kitap, bir s\u00f6zl\u00fck ve \u00e7ocuklar\u0131n kitapta \u00f6\u011frendiklerini kullanabilecekleri etkile\u015fimli etkinlikler i\u00e7erir. \u25cf       Seviye 1 kitaplar\u0131, i\u00e7eri\u011fi kinestetik \u00f6\u011frenme etkinlikleriyle peki\u015ftirir. \u25cf       Seviye 2 kitaplar\u0131, biraz daha geli\u015fmi\u015f metinler ve ek kelime da\u011farc\u0131\u011f\u0131 sunar. Seviye 3 kitaplar\u0131, daha geli\u015fmi\u015f okuyucular i\u00e7in daha katmanl\u0131 bilgiler i\u00e7erir.<\/p>\n","protected":false},"excerpt":{"rendered":"<p>Parlayan de\u011ferli ta\u015flardan \u0131\u015f\u0131ldayan kristallere ve erimi\u015f lavlara kadar bu harika resimlerle dolu kitap, \u00e7ocuklar\u0131 ta\u015flar ve minerallerin heyecan verici d\u00fcnyas\u0131yla tan\u0131\u015ft\u0131r\u0131yor; hem yap\u0131 ta\u015flar\u0131n\u0131 hem<span class=\"excerpt-hellip\"> [\u2026]<\/span><\/p>\n","protected":false},"featured_media":0,"template":"","meta":{"_monsterinsights_skip_tracking":false,"_monsterinsights_sitenote_active":false,"_monsterinsights_sitenote_note":"","_monsterinsights_sitenote_category":0},"product_brand":[],"product_cat":[13829,12274],"product_tag":[],"class_list":{"0":"post-773383","1":"product","2":"type-product","3":"status-publish","5":"product_cat-bilimsel-kitaplar","6":"product_cat-cocuk-ve-genclik-kitaplari","7":"pa_cilt-ciltsiz","8":"pa_tur-kitap","9":"pa_yayinevi-beta-kids","10":"pa_yazar-kathleen-weidner-zoehfeld","12":"first","13":"instock","14":"sale","15":"shipping-taxable","16":"purchasable","17":"product-type-simple"},"_links":{"self":[{"href":"https:\/\/roveyayinevi.com.tr\/index.php\/wp-json\/wp\/v2\/product\/773383","targetHints":{"allow":["GET"]}}],"collection":[{"href":"https:\/\/roveyayinevi.com.tr\/index.php\/wp-json\/wp\/v2\/product"}],"about":[{"href":"https:\/\/roveyayinevi.com.tr\/index.php\/wp-json\/wp\/v2\/types\/product"}],"wp:attachment":[{"href":"https:\/\/roveyayinevi.com.tr\/index.php\/wp-json\/wp\/v2\/media?parent=773383"}],"wp:term":[{"taxonomy":"product_brand","embeddable":true,"href":"https:\/\/roveyayinevi.com.tr\/index.php\/wp-json\/wp\/v2\/product_brand?post=773383"},{"taxonomy":"product_cat","embeddable":true,"href":"https:\/\/roveyayinevi.com.tr\/index.php\/wp-json\/wp\/v2\/product_cat?post=773383"},{"taxonomy":"product_tag","embeddable":true,"href":"https:\/\/roveyayinevi.com.tr\/index.php\/wp-json\/wp\/v2\/product_tag?post=773383"}],"curies":[{"name":"wp","href":"https:\/\/api.w.org\/{rel}","templated":true}]}}