{"id":773381,"date":"2025-08-28T16:14:04","date_gmt":"2025-08-28T13:14:04","guid":{"rendered":"https:\/\/roveyayinevi.com.tr\/index.php\/urun\/mitos-ve-insan\/"},"modified":"2026-04-15T03:39:44","modified_gmt":"2026-04-15T00:39:44","slug":"mitos-ve-insan","status":"publish","type":"product","link":"https:\/\/roveyayinevi.com.tr\/index.php\/urun\/mitos-ve-insan\/","title":{"rendered":"Mitos ve \u0130nsan"},"content":{"rendered":"<p>Roger Caillois \u0130nsan ve Kutsal\u2019da \u015fenlik \u00fczerine bir teori geli\u015ftiriyordu, Mitos ve \u0130nsan\u2019da ise \u00e7ok say\u0131da z\u0131tl\u0131\u011f\u0131n d\u00f6k\u00fcm\u00fcn\u00fc yaparak, bunlar\u0131n her birinde toplumsala ge\u00e7i\u015fin m\u00fcmk\u00fcn oldu\u011funu g\u00f6steriyor: Bir tarafta, \u00fcst\u00fcn g\u00fc\u00e7lere t\u00e2bi bir ruh h\u00e2linin d\u0131\u015favurumu olan peri masal\u0131, di\u011fer yanda ise o \u00fcst\u00fcn g\u00fc\u00e7lere kar\u015f\u0131 k\u00f6t\u00fc do\u011fa\u00fcst\u00fc g\u00fc\u00e7lerle ittifak eden, kuvvetiyle ma\u011frur, fantastik masal; bir tarafta, \u00fcst\u00fcn g\u00fc\u00e7ler \u00f6n\u00fcnde sayg\u0131yla boyun e\u011fen dindar insan, di\u011fer yanda ise o g\u00fc\u00e7leri zorlamaya \u00e7abalayan b\u00fcy\u00fcc\u00fc.   Bu z\u0131tl\u0131klar\u0131n etkile\u015fime ge\u00e7ti\u011fi yerde ise mimetizm devreye girmektedir: Ya\u015fam at\u0131l\u0131m\u0131 ile cans\u0131zla\u015fma aras\u0131nda; varkalma i\u00e7g\u00fcd\u00fcs\u00fc ile vazge\u00e7me i\u00e7g\u00fcd\u00fcs\u00fc aras\u0131nda.   Mesela peygamberdevesi \u00fczerine b\u00f6l\u00fcmde, hayvanlar \u00e2lemiyle insanlar \u00e2lemi aras\u0131ndaki, insan\u0131n i\u00e7selli\u011fiyle d\u00fcnyan\u0131n d\u0131\u015fsall\u0131\u011f\u0131 aras\u0131ndaki, biyolojik ve psikolojik faaliyet ile simgele\u015ftirme aras\u0131ndaki her t\u00fcrden s\u0131n\u0131r\u0131 ortadan kald\u0131rmaktad\u0131r. \u201cD\u0131\u015fsal ger\u00e7eklikten tahayy\u00fcle dayal\u0131 ya\u015fama, d\u00fczkanatl\u0131lardan insana giden yol, belki uzun ama kesintisizdir. Her tarafta ayn\u0131 iplikler ayn\u0131 desenleri dokumaktad\u0131r. \u00d6zerk hi\u00e7bir \u015fey, tecrit edilmi\u015f hi\u00e7bir \u015fey yoktur; sebepsiz ve ama\u00e7s\u0131z hi\u00e7bir \u015fey: Bizatihi mitos da bir fiilin muadilidir.\u201d   Nitekim mitos, birey psikolojisinin en gizli ve en ate\u015fli emelleriyle toplumsal varolu\u015fun bask\u0131lar\u0131n\u0131n birle\u015fti\u011fi noktada, tahayy\u00fcle dayal\u0131 ya\u015fam\u0131n m\u00fcstesna bir tezah\u00fcr\u00fc gibi g\u00f6r\u00fcn\u00fcr. <\/p>\n","protected":false},"excerpt":{"rendered":"<p>Roger Caillois \u0130nsan ve Kutsal\u2019da \u015fenlik \u00fczerine bir teori geli\u015ftiriyordu, Mitos ve \u0130nsan\u2019da ise \u00e7ok say\u0131da z\u0131tl\u0131\u011f\u0131n d\u00f6k\u00fcm\u00fcn\u00fc yaparak, bunlar\u0131n her birinde toplumsala ge\u00e7i\u015fin m\u00fcmk\u00fcn oldu\u011funu<span class=\"excerpt-hellip\"> [\u2026]<\/span><\/p>\n","protected":false},"featured_media":0,"template":"","meta":{"_monsterinsights_skip_tracking":false,"_monsterinsights_sitenote_active":false,"_monsterinsights_sitenote_note":"","_monsterinsights_sitenote_category":0},"product_brand":[],"product_cat":[15499,13488],"product_tag":[],"class_list":{"0":"post-773381","1":"product","2":"type-product","3":"status-publish","5":"product_cat-antropoloji","6":"product_cat-toplum-ve-insan","7":"pa_cilt-ciltsiz","8":"pa_tur-kitap","9":"pa_yayinevi-dogu-bati-yayinlari","10":"pa_yazar-roger-caillois","12":"first","13":"instock","14":"sale","15":"shipping-taxable","16":"purchasable","17":"product-type-simple"},"_links":{"self":[{"href":"https:\/\/roveyayinevi.com.tr\/index.php\/wp-json\/wp\/v2\/product\/773381","targetHints":{"allow":["GET"]}}],"collection":[{"href":"https:\/\/roveyayinevi.com.tr\/index.php\/wp-json\/wp\/v2\/product"}],"about":[{"href":"https:\/\/roveyayinevi.com.tr\/index.php\/wp-json\/wp\/v2\/types\/product"}],"wp:attachment":[{"href":"https:\/\/roveyayinevi.com.tr\/index.php\/wp-json\/wp\/v2\/media?parent=773381"}],"wp:term":[{"taxonomy":"product_brand","embeddable":true,"href":"https:\/\/roveyayinevi.com.tr\/index.php\/wp-json\/wp\/v2\/product_brand?post=773381"},{"taxonomy":"product_cat","embeddable":true,"href":"https:\/\/roveyayinevi.com.tr\/index.php\/wp-json\/wp\/v2\/product_cat?post=773381"},{"taxonomy":"product_tag","embeddable":true,"href":"https:\/\/roveyayinevi.com.tr\/index.php\/wp-json\/wp\/v2\/product_tag?post=773381"}],"curies":[{"name":"wp","href":"https:\/\/api.w.org\/{rel}","templated":true}]}}