{"id":773380,"date":"2025-08-28T16:14:03","date_gmt":"2025-08-28T13:14:03","guid":{"rendered":"https:\/\/roveyayinevi.com.tr\/index.php\/urun\/egoizmfobisiyle-yasamanin-psikolojisi\/"},"modified":"2026-04-15T03:39:44","modified_gmt":"2026-04-15T00:39:44","slug":"egoizmfobisiyle-yasamanin-psikolojisi","status":"publish","type":"product","link":"https:\/\/roveyayinevi.com.tr\/index.php\/urun\/egoizmfobisiyle-yasamanin-psikolojisi\/","title":{"rendered":"Egoizmfobisiyle Ya\u015faman\u0131n Psikolojisi"},"content":{"rendered":"<p>Egoizmfobisiyle Ya\u015faman\u0131n Psikolojisi, egoizmin ve \u00f6zgecili\u011fin psikolojik temellerini ele alarak, insanlar\u0131n sosyal etkile\u015fimleri ve ahlaki kararlar\u0131 \u00fczerindeki etkilerini analiz etmektedir. Yazar, bencil davran\u0131\u015flar\u0131n her zaman olumsuz olmad\u0131\u011f\u0131n\u0131, bazen bireyin kendini korumas\u0131 i\u00e7in gerekli bir strateji olabilece\u011fini vurgulamaktad\u0131r. Benzer \u015fekilde, a\u015f\u0131r\u0131 fedakarl\u0131\u011f\u0131n da bireyin psikolojik sa\u011fl\u0131\u011f\u0131n\u0131 olumsuz etkileyebilece\u011fini savunmaktad\u0131r.      \u00c7al\u0131\u015fma, bireyin karar mekanizmalar\u0131, \u00f6\u011frenme s\u00fcre\u00e7leri, g\u00fcven ve korku gibi kavramlar\u0131 detayl\u0131 bir \u015fekilde ele almaktad\u0131r. \u00d6zellikle egofobik olarak adland\u0131r\u0131lan kavram, bireyin kendi bencilli\u011finden korkma hali olarak tan\u0131mlanmakta ve bunun psikolojik sonu\u00e7lar\u0131 incelenmektedir. Yazar, egoizmfobisi ya\u015fayan ki\u015filerin genellikle insan ili\u015fkilerinde zorland\u0131\u011f\u0131n\u0131, yaln\u0131zla\u015fmaya meyilli oldu\u011funu ve sosyal normlara kar\u015f\u0131 daha hassas bir tutum sergilediklerini belirtmektedir.      Kitab\u0131n temel hipotezlerinden biri, bireyin toplumda kabul g\u00f6rmesi i\u00e7in s\u00fcrekli bir \u00f6zgecilik sergilemek zorunda hissetti\u011fi ve bu durumun psikolojik bask\u0131ya neden olabilece\u011fi y\u00f6n\u00fcndedir. Egoizmfobisiyle Ya\u015faman\u0131n Psikolojisi, bencil davran\u0131\u015f\u0131n toplum taraf\u0131ndan olumsuz alg\u0131lanmas\u0131na ra\u011fmen, asl\u0131nda bireyin kendisini koruma i\u00e7g\u00fcd\u00fcs\u00fcn\u00fcn bir sonucu oldu\u011funu \u00f6ne s\u00fcrmektedir.      Kitab\u0131n yap\u0131s\u0131nda, psikolojiye dair temel kavramlar a\u00e7\u0131kland\u0131ktan sonra, bireyin karar alma s\u00fcre\u00e7leri, \u00f6\u011frenme y\u00f6ntemleri ve g\u00fcven mekanizmalar\u0131 ele al\u0131nmaktad\u0131r. Ard\u0131ndan, kibir, etik ve ahlak gibi konular\u0131n egoizmle ili\u015fkisi irdelenmektedir. Egoizmfobisiyle Ya\u015faman\u0131n Psikolojisi, psikoloji, davran\u0131\u015f bilimleri ve etik konular\u0131 ele alan kurgu d\u0131\u015f\u0131 bir ara\u015ft\u0131rma kitab\u0131d\u0131r. Yazar, bireylerin egoist ya da altruist olma e\u011filimlerini detayl\u0131 bir \u015fekilde ele almakta, bu kavramlar\u0131 psikoloji ve felsefe a\u00e7\u0131s\u0131ndan incelemektedir.      Yazar\u0131n hayat\u0131na do\u011frudan dokunmu\u015f olan otobiyografik unsurlar, kitaba ki\u015fisel bir boyut katarak okuyucunun yazarla empati kurmas\u0131n\u0131 kolayla\u015ft\u0131rmaktad\u0131r. Dolay\u0131s\u0131yla ger\u00e7ek anlamda eseri duygusal bir ba\u011flamda g\u00fc\u00e7lendirmektedir.<\/p>\n","protected":false},"excerpt":{"rendered":"<p>Egoizmfobisiyle Ya\u015faman\u0131n Psikolojisi, egoizmin ve \u00f6zgecili\u011fin psikolojik temellerini ele alarak, insanlar\u0131n sosyal etkile\u015fimleri ve ahlaki kararlar\u0131 \u00fczerindeki etkilerini analiz etmektedir. Yazar, bencil davran\u0131\u015flar\u0131n her zaman olumsuz<span class=\"excerpt-hellip\"> [\u2026]<\/span><\/p>\n","protected":false},"featured_media":0,"template":"","meta":{"_monsterinsights_skip_tracking":false,"_monsterinsights_sitenote_active":false,"_monsterinsights_sitenote_note":"","_monsterinsights_sitenote_category":0},"product_brand":[],"product_cat":[12358,12357],"product_tag":[],"class_list":{"0":"post-773380","1":"product","2":"type-product","3":"status-publish","5":"product_cat-genel-psikoloji","6":"product_cat-psikoloji","7":"pa_cilt-ciltsiz","8":"pa_tur-kitap","9":"pa_yayinevi-elpis-yayinlari","10":"pa_yazar-alican-yesin","12":"first","13":"instock","14":"sale","15":"shipping-taxable","16":"purchasable","17":"product-type-simple"},"_links":{"self":[{"href":"https:\/\/roveyayinevi.com.tr\/index.php\/wp-json\/wp\/v2\/product\/773380","targetHints":{"allow":["GET"]}}],"collection":[{"href":"https:\/\/roveyayinevi.com.tr\/index.php\/wp-json\/wp\/v2\/product"}],"about":[{"href":"https:\/\/roveyayinevi.com.tr\/index.php\/wp-json\/wp\/v2\/types\/product"}],"wp:attachment":[{"href":"https:\/\/roveyayinevi.com.tr\/index.php\/wp-json\/wp\/v2\/media?parent=773380"}],"wp:term":[{"taxonomy":"product_brand","embeddable":true,"href":"https:\/\/roveyayinevi.com.tr\/index.php\/wp-json\/wp\/v2\/product_brand?post=773380"},{"taxonomy":"product_cat","embeddable":true,"href":"https:\/\/roveyayinevi.com.tr\/index.php\/wp-json\/wp\/v2\/product_cat?post=773380"},{"taxonomy":"product_tag","embeddable":true,"href":"https:\/\/roveyayinevi.com.tr\/index.php\/wp-json\/wp\/v2\/product_tag?post=773380"}],"curies":[{"name":"wp","href":"https:\/\/api.w.org\/{rel}","templated":true}]}}