{"id":773377,"date":"2025-08-28T16:13:56","date_gmt":"2025-08-28T13:13:56","guid":{"rendered":"https:\/\/roveyayinevi.com.tr\/index.php\/urun\/en-beklenmedik-anda\/"},"modified":"2026-04-15T03:39:44","modified_gmt":"2026-04-15T00:39:44","slug":"en-beklenmedik-anda","status":"publish","type":"product","link":"https:\/\/roveyayinevi.com.tr\/index.php\/urun\/en-beklenmedik-anda\/","title":{"rendered":"En Beklenmedik Anda"},"content":{"rendered":"<p>HAYAT NEREYE SAVURURSA SAVURSUN KALP DO\u011eRU YOLU BULUR     Eve\u2019in tek gecelik bir ili\u015fkinin ard\u0131ndan hamile kalmas\u0131yla, m\u00fckemmel istikrarda seyreden hayat\u0131 k\u00f6k\u00fcnden de\u011fi\u015fecekti.   Tam da en ihtiya\u00e7 duydu\u011fu anda, can dostu Willa\u2019yla aralar\u0131 bozulmu\u015ftu. Ama yaln\u0131zl\u0131\u011f\u0131n art\u0131k bo\u011fucu oldu\u011fu noktada destek hi\u00e7 aramad\u0131\u011f\u0131 bir yerden geldi. Willa\u2019n\u0131n abisi Shep kendini bildi bileli arkada\u015f\u0131yd\u0131 ama art\u0131k Eve\u2019e g\u00f6z kulak oluyor, ayaklar\u0131n\u0131 ovuyor, ne anlatsa dinliyordu\u2026 ve birden a\u015f\u0131r\u0131 ate\u015fli mi olmu\u015ftu ne? Eve aniden k\u0131v\u0131lc\u0131mlanan bu arzusu hormonlardan m\u0131yd\u0131 bilmiyordu ama Shep\u2019le olan dostlu\u011funu mahvetmeyi g\u00f6ze alamazd\u0131. Bir de bebe\u011finin babas\u0131n\u0131n karars\u0131zl\u0131\u011f\u0131 vard\u0131. O, resmin neresinde olacakt\u0131?  Peki tek ba\u015f\u0131na bir bebe\u011fe bakabilir miydi? Yakaland\u0131\u011f\u0131 bu girdab\u0131n ortas\u0131nda bilmedi\u011fi \u00e7ok \u015fey vard\u0131 ama \u015furas\u0131 kesindi: Hayattan daha fazlas\u0131n\u0131 istiyordu ve art\u0131k tek ba\u015f\u0131na m\u00fccadele etmek zorunda de\u011fildi.   \u201cSevginin her t\u00fcrl\u00fc hali \u00fczerine i\u00e7ten bir eser. Bu roman saf mutluluk.\u201d <\/p>\n","protected":false},"excerpt":{"rendered":"<p>HAYAT NEREYE SAVURURSA SAVURSUN KALP DO\u011eRU YOLU BULUR Eve\u2019in tek gecelik bir ili\u015fkinin ard\u0131ndan hamile kalmas\u0131yla, m\u00fckemmel istikrarda seyreden hayat\u0131 k\u00f6k\u00fcnden de\u011fi\u015fecekti. Tam da en ihtiya\u00e7<span class=\"excerpt-hellip\"> [\u2026]<\/span><\/p>\n","protected":false},"featured_media":0,"template":"","meta":{"_monsterinsights_skip_tracking":false,"_monsterinsights_sitenote_active":false,"_monsterinsights_sitenote_note":"","_monsterinsights_sitenote_category":0},"product_brand":[],"product_cat":[12291,12711],"product_tag":[],"class_list":{"0":"post-773377","1":"product","2":"type-product","3":"status-publish","5":"product_cat-edebiyat","6":"product_cat-roman-oyku","7":"pa_cilt-ciltsiz","8":"pa_tur-kitap","9":"pa_yayinevi-indigo-kitap","10":"pa_yazar-cara-bastone","12":"first","13":"instock","14":"sale","15":"shipping-taxable","16":"purchasable","17":"product-type-simple"},"_links":{"self":[{"href":"https:\/\/roveyayinevi.com.tr\/index.php\/wp-json\/wp\/v2\/product\/773377","targetHints":{"allow":["GET"]}}],"collection":[{"href":"https:\/\/roveyayinevi.com.tr\/index.php\/wp-json\/wp\/v2\/product"}],"about":[{"href":"https:\/\/roveyayinevi.com.tr\/index.php\/wp-json\/wp\/v2\/types\/product"}],"wp:attachment":[{"href":"https:\/\/roveyayinevi.com.tr\/index.php\/wp-json\/wp\/v2\/media?parent=773377"}],"wp:term":[{"taxonomy":"product_brand","embeddable":true,"href":"https:\/\/roveyayinevi.com.tr\/index.php\/wp-json\/wp\/v2\/product_brand?post=773377"},{"taxonomy":"product_cat","embeddable":true,"href":"https:\/\/roveyayinevi.com.tr\/index.php\/wp-json\/wp\/v2\/product_cat?post=773377"},{"taxonomy":"product_tag","embeddable":true,"href":"https:\/\/roveyayinevi.com.tr\/index.php\/wp-json\/wp\/v2\/product_tag?post=773377"}],"curies":[{"name":"wp","href":"https:\/\/api.w.org\/{rel}","templated":true}]}}