{"id":773370,"date":"2025-08-28T16:13:38","date_gmt":"2025-08-28T13:13:38","guid":{"rendered":"https:\/\/roveyayinevi.com.tr\/index.php\/urun\/21-yuzyilda-savas-ve-baris\/"},"modified":"2026-04-15T03:39:44","modified_gmt":"2026-04-15T00:39:44","slug":"21-yuzyilda-savas-ve-baris","status":"publish","type":"product","link":"https:\/\/roveyayinevi.com.tr\/index.php\/urun\/21-yuzyilda-savas-ve-baris\/","title":{"rendered":"21. Y\u00fczy\u0131lda Sava\u015f ve Bar\u0131\u015f"},"content":{"rendered":"<p>\u201cBar\u0131\u015f istiyorsan sava\u015fa haz\u0131r ol!\u201d\u2026 Sava\u015f ve bar\u0131\u015f aras\u0131ndaki uzun ve y\u0131k\u0131c\u0131 m\u00fccadele k\u0131smen bu vecizede d\u00fc\u011f\u00fcmlenir. \u0130nsanl\u0131k tarihi her ne kadar daha iyi bir gelecek i\u00e7in gayret g\u00f6stermi\u015f olsa da \u00e7eli\u015fkili ve karanl\u0131k y\u00f6nlerinden hi\u00e7bir zaman kurtulamam\u0131\u015ft\u0131r.   Politik felsefe a\u00e7\u0131s\u0131ndan sava\u015f ve bar\u0131\u015f ile ilgili ortaya konan d\u00fc\u015f\u00fcnceler ne anlam ifade ediyor? Bu kitab\u0131n esas amac\u0131 da sava\u015f ve bar\u0131\u015f ile ilgili temel tan\u0131m ve a\u00e7\u0131klamalar\u0131 bir araya getirmektir. Klasik anlat\u0131da birbirinden farkl\u0131 d\u00fc\u015f\u00fcnceler mevcuttur: Hugo Grotius sava\u015f hukukunu ve meselenin do\u011fas\u0131n\u0131 enine boyuna incelemi\u015f, Kant ise \u201cEbedi Bar\u0131\u015f\u201d\u0131n tesisi yolunda d\u00fcnya vatanda\u015fl\u0131\u011f\u0131 fikrini \u00f6ne s\u00fcrm\u00fc\u015ft\u00fcr. Hegel, sava\u015f kavram\u0131na evrensel bir karakter kazand\u0131rm\u0131\u015f ve sava\u015f\u0131 devletlerin devlet olma yolunda bir al\u00e2metifarikas\u0131 olarak g\u00f6rm\u00fc\u015ft\u00fcr. Clausewitz a\u00e7\u0131s\u0131ndan sava\u015f, d\u00fc\u015fman\u0131 irademizi kabule zorlamak i\u00e7in bir \u015fiddet kullanma eylemidir. Clausewitz\u2019e g\u00f6re uygar halklar\u0131n sava\u015f\u0131 her zaman i\u00e7in siyasal bir nedene dayan\u0131r ve bu sebeple sava\u015f, siyasal bir niteliktedir. Politik niyet, bir amac\u0131 te\u015fkil ederken, sava\u015f bu amaca giden ara\u00e7t\u0131r. \u00d6zetle sava\u015f, ulusal politikalar\u0131n rasyonel ve vazge\u00e7ilmez bir arac\u0131d\u0131r. 20. y\u00fczy\u0131ldan itibaren sava\u015f\u0131n i\u00e7eri\u011fi ve yap\u0131s\u0131 topyek\u00fbn de\u011fi\u015fmi\u015ftir. G\u00fcn\u00fcm\u00fczde ise n\u00fckleer sava\u015flar, hiperbolik sava\u015flar g\u00fcndemdedir. T\u00fcm bu a\u015famalardan sonra kitab\u0131n yazar\u0131, Raymond Aron\u2019un d\u00fc\u015f\u00fcncelerini ayr\u0131nt\u0131l\u0131 bi\u00e7imde tahlil eder ve politik felsefe a\u00e7\u0131s\u0131ndan burada b\u00fct\u00fcnl\u00fckl\u00fc bir yakla\u015f\u0131m sergiler. <\/p>\n","protected":false},"excerpt":{"rendered":"<p>\u201cBar\u0131\u015f istiyorsan sava\u015fa haz\u0131r ol!\u201d\u2026 Sava\u015f ve bar\u0131\u015f aras\u0131ndaki uzun ve y\u0131k\u0131c\u0131 m\u00fccadele k\u0131smen bu vecizede d\u00fc\u011f\u00fcmlenir. \u0130nsanl\u0131k tarihi her ne kadar daha iyi bir gelecek<span class=\"excerpt-hellip\"> [\u2026]<\/span><\/p>\n","protected":false},"featured_media":0,"template":"","meta":{"_monsterinsights_skip_tracking":false,"_monsterinsights_sitenote_active":false,"_monsterinsights_sitenote_note":"","_monsterinsights_sitenote_category":0},"product_brand":[],"product_cat":[12337,14706],"product_tag":[],"class_list":{"0":"post-773370","1":"product","2":"type-product","3":"status-publish","5":"product_cat-politika-siyaset","6":"product_cat-siyaset-bilimi","7":"pa_cilt-ciltsiz","8":"pa_tur-kitap","9":"pa_yayinevi-dogu-bati-yayinlari","10":"pa_yazar-ali-engin-oba","12":"first","13":"instock","14":"sale","15":"shipping-taxable","16":"purchasable","17":"product-type-simple"},"_links":{"self":[{"href":"https:\/\/roveyayinevi.com.tr\/index.php\/wp-json\/wp\/v2\/product\/773370","targetHints":{"allow":["GET"]}}],"collection":[{"href":"https:\/\/roveyayinevi.com.tr\/index.php\/wp-json\/wp\/v2\/product"}],"about":[{"href":"https:\/\/roveyayinevi.com.tr\/index.php\/wp-json\/wp\/v2\/types\/product"}],"wp:attachment":[{"href":"https:\/\/roveyayinevi.com.tr\/index.php\/wp-json\/wp\/v2\/media?parent=773370"}],"wp:term":[{"taxonomy":"product_brand","embeddable":true,"href":"https:\/\/roveyayinevi.com.tr\/index.php\/wp-json\/wp\/v2\/product_brand?post=773370"},{"taxonomy":"product_cat","embeddable":true,"href":"https:\/\/roveyayinevi.com.tr\/index.php\/wp-json\/wp\/v2\/product_cat?post=773370"},{"taxonomy":"product_tag","embeddable":true,"href":"https:\/\/roveyayinevi.com.tr\/index.php\/wp-json\/wp\/v2\/product_tag?post=773370"}],"curies":[{"name":"wp","href":"https:\/\/api.w.org\/{rel}","templated":true}]}}