{"id":773363,"date":"2025-08-28T16:13:25","date_gmt":"2025-08-28T13:13:25","guid":{"rendered":"https:\/\/roveyayinevi.com.tr\/index.php\/urun\/haris-hubris-ikarus\/"},"modified":"2026-04-15T03:39:29","modified_gmt":"2026-04-15T00:39:29","slug":"haris-hubris-ikarus","status":"publish","type":"product","link":"https:\/\/roveyayinevi.com.tr\/index.php\/urun\/haris-hubris-ikarus\/","title":{"rendered":"Haris Hubris \u0130karus"},"content":{"rendered":"<p>Demiri saman gibi ezebilecek, tun\u00e7lar\u0131 ise \u00e7\u00fcr\u00fck oduna \u00e7evirebilecek kadar g\u00fc\u00e7l\u00fc bir Leviathan\u2019\u0131n s\u0131rt\u0131na binmi\u015f siyas\u00ee d\u00fczenbazlar\u0131 oradan indirmek i\u00e7in ne yapmal\u0131y\u0131z? Demir \u00f6k\u00e7eli ayakkab\u0131lar\u0131yla halk\u0131 ezen tiranlardan ya da despotlardan nas\u0131l kurtulabiliriz? Siyas\u00ee partilerdeki tek adam rejimlerine nas\u0131l son verebiliriz? Siyas\u00ee partilerdeki lider despotizmini ve onun etraf\u0131ndaki oligar\u015finin tun\u00e7 g\u00fcc\u00fcn\u00fc nas\u0131l k\u0131r\u0131p par\u00e7alayabiliriz? Bu kitapta iktidar h\u0131rs\u0131 ve y\u00f6netimde kalma arzusunu ifade eden Makyavelizm felsefesi incelenmektedir. \u201cZafer, ara\u00e7lar\u0131 me\u015fru k\u0131lar\u201d (finis coronat opus) \u015feklinde ifade edilen Makyavelizm, iktidarda kalmak u\u011fruna her ne pahas\u0131na olursa olsun her t\u00fcrl\u00fc arac\u0131 kullanmay\u0131 me\u015fru ve m\u00fbbah g\u00f6r\u00fcr. Makyavelizm esasen herestetik ad\u0131 verilen bir siyas\u00ee manip\u00fclasyon sanat\u0131 kullan\u0131larak icra edilir. Millet\u00e7ilik, paternalizm, pop\u00fclizm, yanda\u015f kapitalizmi, siyas\u00ee ittifak, partizanl\u0131k, siyas\u00ee trolizm, dinler ve inan\u00e7lar, ideolojiler ve t\u00fcrl\u00fc siyas\u00ee manip\u00fclasyonlar iktidar\u0131 kazanma ve devleti ele ge\u00e7irme anlam\u0131na gelen herestetik sanat\u0131n\u0131n icras\u0131nda kullan\u0131lan f\u0131r\u00e7alar\u0131d\u0131r. \u0130nsanl\u0131k tarihinin ya\u015fanan tecr\u00fcbeleri bize g\u00f6stermi\u015ftir ki, s\u0131n\u0131rs\u0131z ve keyf\u00ee devlet g\u00fcc\u00fc ka\u00e7\u0131n\u0131lmaz olarak ad\u0131na despotizm, tiranl\u0131k, zorbal\u0131k denen rejimlere d\u00f6n\u00fc\u015f\u00fcr. Otokrasi, otoritarizm, totalitarizm, diktat\u00f6rl\u00fck gibi rejimler mutlak ve s\u0131n\u0131rs\u0131z siyasal g\u00fcc\u00fc tan\u0131mlayan Leviathan rejimleridir. Trajik olan se\u00e7im ve oylamaya dayal\u0131 temsil\u00ee demokrasilerin se\u00e7imle gelen bir tek adam rejimine ve onun \u00e7evresini saran partizan z\u00fcmrenin (oligar\u015fi) h\u00e2kimiyetine d\u00f6n\u00fc\u015fmesi ve bu otoriterle\u015fme e\u011filiminin d\u00fcnyada yayg\u0131nla\u015fmas\u0131d\u0131r. Demokrasi d\u00fcnya \u00e7ap\u0131nda geriliyor olman\u0131n \u00f6tesinde giderek kendi kendini yok ediyor. Demokrasiyi yeniden in\u015fa etmek yerine demokrasiye alternatif bir siyasi rejim tasar\u0131m\u0131 fikriyat\u0131 giderek g\u00fc\u00e7leniyor. Se\u00e7im ve oylaman\u0131n, se\u00e7im sand\u0131\u011f\u0131n\u0131n, siyas\u00ee partilerin, siyaset\u00e7ilerin olmad\u0131\u011f\u0131 bir Demar\u015fi rejimine do\u011fru ilerlemek zorunday\u0131z.  Bu uzun evrimsel s\u00fcre\u00e7 bir hayal de\u011fil, \u00fctopya de\u011fil, distopya hi\u00e7 de\u011fil! Sand\u0131\u011f\u0131n demokrasi olmad\u0131\u011f\u0131 ger\u00e7e\u011fini er ya da ge\u00e7 anlamak zorunda kalaca\u011f\u0131z. \u0130\u015fte o zaman Leviathan\u2019\u0131n s\u0131rt\u0131na binmi\u015f k\u0131l\u0131\u00e7 sallayan h\u00e2ris ve hubris siyaset\u00e7ilerin sonu gelmi\u015f olacak\u2026 <\/p>\n","protected":false},"excerpt":{"rendered":"<p>Demiri saman gibi ezebilecek, tun\u00e7lar\u0131 ise \u00e7\u00fcr\u00fck oduna \u00e7evirebilecek kadar g\u00fc\u00e7l\u00fc bir Leviathan\u2019\u0131n s\u0131rt\u0131na binmi\u015f siyas\u00ee d\u00fczenbazlar\u0131 oradan indirmek i\u00e7in ne yapmal\u0131y\u0131z? Demir \u00f6k\u00e7eli ayakkab\u0131lar\u0131yla halk\u0131<span class=\"excerpt-hellip\"> [\u2026]<\/span><\/p>\n","protected":false},"featured_media":0,"template":"","meta":{"_monsterinsights_skip_tracking":false,"_monsterinsights_sitenote_active":false,"_monsterinsights_sitenote_note":"","_monsterinsights_sitenote_category":0},"product_brand":[],"product_cat":[13059,12337],"product_tag":[],"class_list":{"0":"post-773363","1":"product","2":"type-product","3":"status-publish","5":"product_cat-diger-politika-siyaset","6":"product_cat-politika-siyaset","7":"pa_cilt-ciltsiz","8":"pa_tur-kitap","9":"pa_yayinevi-serbest-kitaplar","10":"pa_yazar-coskun-can-aktan","12":"first","13":"instock","14":"sale","15":"shipping-taxable","16":"purchasable","17":"product-type-simple"},"_links":{"self":[{"href":"https:\/\/roveyayinevi.com.tr\/index.php\/wp-json\/wp\/v2\/product\/773363","targetHints":{"allow":["GET"]}}],"collection":[{"href":"https:\/\/roveyayinevi.com.tr\/index.php\/wp-json\/wp\/v2\/product"}],"about":[{"href":"https:\/\/roveyayinevi.com.tr\/index.php\/wp-json\/wp\/v2\/types\/product"}],"wp:attachment":[{"href":"https:\/\/roveyayinevi.com.tr\/index.php\/wp-json\/wp\/v2\/media?parent=773363"}],"wp:term":[{"taxonomy":"product_brand","embeddable":true,"href":"https:\/\/roveyayinevi.com.tr\/index.php\/wp-json\/wp\/v2\/product_brand?post=773363"},{"taxonomy":"product_cat","embeddable":true,"href":"https:\/\/roveyayinevi.com.tr\/index.php\/wp-json\/wp\/v2\/product_cat?post=773363"},{"taxonomy":"product_tag","embeddable":true,"href":"https:\/\/roveyayinevi.com.tr\/index.php\/wp-json\/wp\/v2\/product_tag?post=773363"}],"curies":[{"name":"wp","href":"https:\/\/api.w.org\/{rel}","templated":true}]}}