{"id":773359,"date":"2025-08-28T16:13:17","date_gmt":"2025-08-28T13:13:17","guid":{"rendered":"https:\/\/roveyayinevi.com.tr\/index.php\/urun\/cocuklar-icin-mandala-hayvanlar-diyari\/"},"modified":"2026-04-15T03:39:29","modified_gmt":"2026-04-15T00:39:29","slug":"cocuklar-icin-mandala-hayvanlar-diyari","status":"publish","type":"product","link":"https:\/\/roveyayinevi.com.tr\/index.php\/urun\/cocuklar-icin-mandala-hayvanlar-diyari\/","title":{"rendered":"\u00c7ocuklar \u0130\u00e7in Mandala &#8211; Hayvanlar Diyar\u0131"},"content":{"rendered":"<p>\u00c7ocuklar \u0130\u00e7in Mandala  HAYVANLAR D\u0130YARI \u00c7ek &#8211; KoparMandalalar\u0131n sana do\u011fadaki canl\u0131lar\u0131 tan\u0131tabilece\u011fini biliyor muydun?  Kitab\u0131n sayfalar\u0131n\u0131 arala ve renkli hayvanlar diyar\u0131n\u0131 ke\u015ffet!<\/p>\n","protected":false},"excerpt":{"rendered":"<p>\u00c7ocuklar \u0130\u00e7in Mandala HAYVANLAR D\u0130YARI \u00c7ek &#8211; KoparMandalalar\u0131n sana do\u011fadaki canl\u0131lar\u0131 tan\u0131tabilece\u011fini biliyor muydun? Kitab\u0131n sayfalar\u0131n\u0131 arala ve renkli hayvanlar diyar\u0131n\u0131 ke\u015ffet!<\/p>\n","protected":false},"featured_media":0,"template":"","meta":{"_monsterinsights_skip_tracking":false,"_monsterinsights_sitenote_active":false,"_monsterinsights_sitenote_note":"","_monsterinsights_sitenote_category":0},"product_brand":[],"product_cat":[12644,12274],"product_tag":[],"class_list":{"0":"post-773359","1":"product","2":"type-product","3":"status-publish","5":"product_cat-boyama-kitaplari","6":"product_cat-cocuk-ve-genclik-kitaplari","7":"pa_cilt-ciltsiz","8":"pa_tur-kitap","9":"pa_yayinevi-bilgi-park","10":"pa_yazar-kolektif","12":"first","13":"instock","14":"sale","15":"shipping-taxable","16":"purchasable","17":"product-type-simple"},"_links":{"self":[{"href":"https:\/\/roveyayinevi.com.tr\/index.php\/wp-json\/wp\/v2\/product\/773359","targetHints":{"allow":["GET"]}}],"collection":[{"href":"https:\/\/roveyayinevi.com.tr\/index.php\/wp-json\/wp\/v2\/product"}],"about":[{"href":"https:\/\/roveyayinevi.com.tr\/index.php\/wp-json\/wp\/v2\/types\/product"}],"wp:attachment":[{"href":"https:\/\/roveyayinevi.com.tr\/index.php\/wp-json\/wp\/v2\/media?parent=773359"}],"wp:term":[{"taxonomy":"product_brand","embeddable":true,"href":"https:\/\/roveyayinevi.com.tr\/index.php\/wp-json\/wp\/v2\/product_brand?post=773359"},{"taxonomy":"product_cat","embeddable":true,"href":"https:\/\/roveyayinevi.com.tr\/index.php\/wp-json\/wp\/v2\/product_cat?post=773359"},{"taxonomy":"product_tag","embeddable":true,"href":"https:\/\/roveyayinevi.com.tr\/index.php\/wp-json\/wp\/v2\/product_tag?post=773359"}],"curies":[{"name":"wp","href":"https:\/\/api.w.org\/{rel}","templated":true}]}}