{"id":773356,"date":"2025-08-28T16:13:12","date_gmt":"2025-08-28T13:13:12","guid":{"rendered":"https:\/\/roveyayinevi.com.tr\/index.php\/urun\/eglenceli-cizgilerminikler-icin-mandala\/"},"modified":"2026-04-15T03:39:29","modified_gmt":"2026-04-15T00:39:29","slug":"eglenceli-cizgilerminikler-icin-mandala","status":"publish","type":"product","link":"https:\/\/roveyayinevi.com.tr\/index.php\/urun\/eglenceli-cizgilerminikler-icin-mandala\/","title":{"rendered":"E\u011flenceli \u00c7izgiler;Minikler \u0130\u00e7in Mandala"},"content":{"rendered":"<p>Mandalalar\u0131n dikkatini art\u0131rabilece\u011fini biliyor muydun? Kitab\u0131n sayfalar\u0131n\u0131 arala ve birbirinden e\u011flenceli \u00e7izgilere odaklanmaya ba\u015fla!<\/p>\n","protected":false},"excerpt":{"rendered":"<p>Mandalalar\u0131n dikkatini art\u0131rabilece\u011fini biliyor muydun? Kitab\u0131n sayfalar\u0131n\u0131 arala ve birbirinden e\u011flenceli \u00e7izgilere odaklanmaya ba\u015fla!<\/p>\n","protected":false},"featured_media":0,"template":"","meta":{"_monsterinsights_skip_tracking":false,"_monsterinsights_sitenote_active":false,"_monsterinsights_sitenote_note":"","_monsterinsights_sitenote_category":0},"product_brand":[],"product_cat":[12644,12274],"product_tag":[],"class_list":{"0":"post-773356","1":"product","2":"type-product","3":"status-publish","5":"product_cat-boyama-kitaplari","6":"product_cat-cocuk-ve-genclik-kitaplari","7":"pa_cilt-ciltsiz","8":"pa_tur-kitap","9":"pa_yayinevi-bilgi-park","10":"pa_yazar-kolektif","12":"first","13":"instock","14":"sale","15":"shipping-taxable","16":"purchasable","17":"product-type-simple"},"_links":{"self":[{"href":"https:\/\/roveyayinevi.com.tr\/index.php\/wp-json\/wp\/v2\/product\/773356","targetHints":{"allow":["GET"]}}],"collection":[{"href":"https:\/\/roveyayinevi.com.tr\/index.php\/wp-json\/wp\/v2\/product"}],"about":[{"href":"https:\/\/roveyayinevi.com.tr\/index.php\/wp-json\/wp\/v2\/types\/product"}],"wp:attachment":[{"href":"https:\/\/roveyayinevi.com.tr\/index.php\/wp-json\/wp\/v2\/media?parent=773356"}],"wp:term":[{"taxonomy":"product_brand","embeddable":true,"href":"https:\/\/roveyayinevi.com.tr\/index.php\/wp-json\/wp\/v2\/product_brand?post=773356"},{"taxonomy":"product_cat","embeddable":true,"href":"https:\/\/roveyayinevi.com.tr\/index.php\/wp-json\/wp\/v2\/product_cat?post=773356"},{"taxonomy":"product_tag","embeddable":true,"href":"https:\/\/roveyayinevi.com.tr\/index.php\/wp-json\/wp\/v2\/product_tag?post=773356"}],"curies":[{"name":"wp","href":"https:\/\/api.w.org\/{rel}","templated":true}]}}