{"id":773345,"date":"2025-08-28T16:12:53","date_gmt":"2025-08-28T13:12:53","guid":{"rendered":"https:\/\/roveyayinevi.com.tr\/index.php\/urun\/kendine-renk-kather-yas-icin-mandala\/"},"modified":"2026-04-15T03:39:29","modified_gmt":"2026-04-15T00:39:29","slug":"kendine-renk-kather-yas-icin-mandala","status":"publish","type":"product","link":"https:\/\/roveyayinevi.com.tr\/index.php\/urun\/kendine-renk-kather-yas-icin-mandala\/","title":{"rendered":"Kendine Renk Kat;Her Ya\u015f \u0130\u00e7in Mandala"},"content":{"rendered":"<p>Mandalalar\u0131 boyamak zihninizde yeni ufuklar a\u00e7arak her bir \u00e7izgiyle kendinizi yeniden ke\u015ffetmenize ve i\u00e7 d\u00fcnyan\u0131za renk katman\u0131za olanak tan\u0131r.<\/p>\n","protected":false},"excerpt":{"rendered":"<p>Mandalalar\u0131 boyamak zihninizde yeni ufuklar a\u00e7arak her bir \u00e7izgiyle kendinizi yeniden ke\u015ffetmenize ve i\u00e7 d\u00fcnyan\u0131za renk katman\u0131za olanak tan\u0131r.<\/p>\n","protected":false},"featured_media":0,"template":"","meta":{"_monsterinsights_skip_tracking":false,"_monsterinsights_sitenote_active":false,"_monsterinsights_sitenote_note":"","_monsterinsights_sitenote_category":0},"product_brand":[],"product_cat":[38511,15563],"product_tag":[],"class_list":{"0":"post-773345","1":"product","2":"type-product","3":"status-publish","5":"product_cat-buyukler-icin-boyama-mandala","6":"product_cat-hobi","7":"pa_cilt-ciltsiz","8":"pa_tur-kitap","9":"pa_yayinevi-bilgi-park","10":"pa_yazar-kolektif","12":"first","13":"instock","14":"sale","15":"shipping-taxable","16":"purchasable","17":"product-type-simple"},"_links":{"self":[{"href":"https:\/\/roveyayinevi.com.tr\/index.php\/wp-json\/wp\/v2\/product\/773345","targetHints":{"allow":["GET"]}}],"collection":[{"href":"https:\/\/roveyayinevi.com.tr\/index.php\/wp-json\/wp\/v2\/product"}],"about":[{"href":"https:\/\/roveyayinevi.com.tr\/index.php\/wp-json\/wp\/v2\/types\/product"}],"wp:attachment":[{"href":"https:\/\/roveyayinevi.com.tr\/index.php\/wp-json\/wp\/v2\/media?parent=773345"}],"wp:term":[{"taxonomy":"product_brand","embeddable":true,"href":"https:\/\/roveyayinevi.com.tr\/index.php\/wp-json\/wp\/v2\/product_brand?post=773345"},{"taxonomy":"product_cat","embeddable":true,"href":"https:\/\/roveyayinevi.com.tr\/index.php\/wp-json\/wp\/v2\/product_cat?post=773345"},{"taxonomy":"product_tag","embeddable":true,"href":"https:\/\/roveyayinevi.com.tr\/index.php\/wp-json\/wp\/v2\/product_tag?post=773345"}],"curies":[{"name":"wp","href":"https:\/\/api.w.org\/{rel}","templated":true}]}}