{"id":773343,"date":"2025-08-28T16:12:48","date_gmt":"2025-08-28T13:12:48","guid":{"rendered":"https:\/\/roveyayinevi.com.tr\/index.php\/urun\/mandala-macerasicocuklar-icin-mandala\/"},"modified":"2026-04-15T03:39:29","modified_gmt":"2026-04-15T00:39:29","slug":"mandala-macerasicocuklar-icin-mandala","status":"publish","type":"product","link":"https:\/\/roveyayinevi.com.tr\/index.php\/urun\/mandala-macerasicocuklar-icin-mandala\/","title":{"rendered":"Mandala Maceras\u0131;\u00c7ocuklar \u0130\u00e7in Mandala"},"content":{"rendered":"<p>Mandalalar\u0131n sab\u0131rl\u0131 olmay\u0131 \u00f6\u011fretebilece\u011fini biliyor muydun?Kitab\u0131n sayfalar\u0131n\u0131 arala ve mandalalar\u0131n maceralarla dolu d\u00fcnyas\u0131na kar\u0131\u015f!<\/p>\n","protected":false},"excerpt":{"rendered":"<p>Mandalalar\u0131n sab\u0131rl\u0131 olmay\u0131 \u00f6\u011fretebilece\u011fini biliyor muydun?Kitab\u0131n sayfalar\u0131n\u0131 arala ve mandalalar\u0131n maceralarla dolu d\u00fcnyas\u0131na kar\u0131\u015f!<\/p>\n","protected":false},"featured_media":0,"template":"","meta":{"_monsterinsights_skip_tracking":false,"_monsterinsights_sitenote_active":false,"_monsterinsights_sitenote_note":"","_monsterinsights_sitenote_category":0},"product_brand":[],"product_cat":[12644,12274],"product_tag":[],"class_list":{"0":"post-773343","1":"product","2":"type-product","3":"status-publish","5":"product_cat-boyama-kitaplari","6":"product_cat-cocuk-ve-genclik-kitaplari","7":"pa_cilt-ciltsiz","8":"pa_tur-kitap","9":"pa_yayinevi-bilgi-park","10":"pa_yazar-kolektif","12":"first","13":"instock","14":"sale","15":"shipping-taxable","16":"purchasable","17":"product-type-simple"},"_links":{"self":[{"href":"https:\/\/roveyayinevi.com.tr\/index.php\/wp-json\/wp\/v2\/product\/773343","targetHints":{"allow":["GET"]}}],"collection":[{"href":"https:\/\/roveyayinevi.com.tr\/index.php\/wp-json\/wp\/v2\/product"}],"about":[{"href":"https:\/\/roveyayinevi.com.tr\/index.php\/wp-json\/wp\/v2\/types\/product"}],"wp:attachment":[{"href":"https:\/\/roveyayinevi.com.tr\/index.php\/wp-json\/wp\/v2\/media?parent=773343"}],"wp:term":[{"taxonomy":"product_brand","embeddable":true,"href":"https:\/\/roveyayinevi.com.tr\/index.php\/wp-json\/wp\/v2\/product_brand?post=773343"},{"taxonomy":"product_cat","embeddable":true,"href":"https:\/\/roveyayinevi.com.tr\/index.php\/wp-json\/wp\/v2\/product_cat?post=773343"},{"taxonomy":"product_tag","embeddable":true,"href":"https:\/\/roveyayinevi.com.tr\/index.php\/wp-json\/wp\/v2\/product_tag?post=773343"}],"curies":[{"name":"wp","href":"https:\/\/api.w.org\/{rel}","templated":true}]}}