{"id":773340,"date":"2025-08-28T16:12:41","date_gmt":"2025-08-28T13:12:41","guid":{"rendered":"https:\/\/roveyayinevi.com.tr\/index.php\/urun\/super-tonton-boyama-kitabi\/"},"modified":"2026-04-15T03:39:29","modified_gmt":"2026-04-15T00:39:29","slug":"super-tonton-boyama-kitabi","status":"publish","type":"product","link":"https:\/\/roveyayinevi.com.tr\/index.php\/urun\/super-tonton-boyama-kitabi\/","title":{"rendered":"S\u00fcper Tonton Boyama Kitab\u0131"},"content":{"rendered":"<p>Merhaba K\u00fc\u00e7\u00fck Maceraperest!Boyamak yeni \u015feyler ke\u015ffetmenin en g\u00fczel yolu! Boyama yaparken hayal g\u00fcc\u00fcn\u00fc g\u00f6ky\u00fcz\u00fcne ta\u015f\u0131r ve dikkatini art\u0131r\u0131rs\u0131n.Tonton hayvanlar, birbirinden sevimli gezegenler, merak etti\u011fin meslekler bu kitapta seni bekliyor.Haydi, hayal et, boya ve d\u00fcnyan\u0131 renklendir!<\/p>\n","protected":false},"excerpt":{"rendered":"<p>Merhaba K\u00fc\u00e7\u00fck Maceraperest!Boyamak yeni \u015feyler ke\u015ffetmenin en g\u00fczel yolu! Boyama yaparken hayal g\u00fcc\u00fcn\u00fc g\u00f6ky\u00fcz\u00fcne ta\u015f\u0131r ve dikkatini art\u0131r\u0131rs\u0131n.Tonton hayvanlar, birbirinden sevimli gezegenler, merak etti\u011fin meslekler bu<span class=\"excerpt-hellip\"> [\u2026]<\/span><\/p>\n","protected":false},"featured_media":0,"template":"","meta":{"_monsterinsights_skip_tracking":false,"_monsterinsights_sitenote_active":false,"_monsterinsights_sitenote_note":"","_monsterinsights_sitenote_category":0},"product_brand":[],"product_cat":[12644,12274],"product_tag":[],"class_list":{"0":"post-773340","1":"product","2":"type-product","3":"status-publish","5":"product_cat-boyama-kitaplari","6":"product_cat-cocuk-ve-genclik-kitaplari","7":"pa_cilt-ciltsiz","8":"pa_tur-kitap","9":"pa_yayinevi-bilgi-park","10":"pa_yazar-kolektif","12":"first","13":"instock","14":"sale","15":"shipping-taxable","16":"purchasable","17":"product-type-simple"},"_links":{"self":[{"href":"https:\/\/roveyayinevi.com.tr\/index.php\/wp-json\/wp\/v2\/product\/773340","targetHints":{"allow":["GET"]}}],"collection":[{"href":"https:\/\/roveyayinevi.com.tr\/index.php\/wp-json\/wp\/v2\/product"}],"about":[{"href":"https:\/\/roveyayinevi.com.tr\/index.php\/wp-json\/wp\/v2\/types\/product"}],"wp:attachment":[{"href":"https:\/\/roveyayinevi.com.tr\/index.php\/wp-json\/wp\/v2\/media?parent=773340"}],"wp:term":[{"taxonomy":"product_brand","embeddable":true,"href":"https:\/\/roveyayinevi.com.tr\/index.php\/wp-json\/wp\/v2\/product_brand?post=773340"},{"taxonomy":"product_cat","embeddable":true,"href":"https:\/\/roveyayinevi.com.tr\/index.php\/wp-json\/wp\/v2\/product_cat?post=773340"},{"taxonomy":"product_tag","embeddable":true,"href":"https:\/\/roveyayinevi.com.tr\/index.php\/wp-json\/wp\/v2\/product_tag?post=773340"}],"curies":[{"name":"wp","href":"https:\/\/api.w.org\/{rel}","templated":true}]}}