{"id":773339,"date":"2025-08-28T16:12:38","date_gmt":"2025-08-28T13:12:38","guid":{"rendered":"https:\/\/roveyayinevi.com.tr\/index.php\/urun\/super-pofuduk-boyama-kitabi\/"},"modified":"2026-04-15T03:39:29","modified_gmt":"2026-04-15T00:39:29","slug":"super-pofuduk-boyama-kitabi","status":"publish","type":"product","link":"https:\/\/roveyayinevi.com.tr\/index.php\/urun\/super-pofuduk-boyama-kitabi\/","title":{"rendered":"S\u00fcper Pofuduk Boyama Kitab\u0131"},"content":{"rendered":"<p>Merhaba K\u00fc\u00e7\u00fck K\u00e2\u015fif!Boyamak yeteneklerimizi ke\u015ffetmenin en g\u00fczel yolu!Boyama yaparken sab\u0131rl\u0131 olmay\u0131 \u00f6\u011frenir, renklerin u\u00e7suz bucaks\u0131z d\u00fcnyas\u0131n\u0131 ke\u015ffedersin.Reng\u00e2renk ve pofuduk e\u015fyalar, sebzeler ve meyveler, gizemli gezegenler senin renklerinle tan\u0131\u015fmay\u0131 bekliyor.Haydi, boya kalemlerini al ve renklerin tad\u0131n\u0131 \u00e7\u0131kar!<\/p>\n","protected":false},"excerpt":{"rendered":"<p>Merhaba K\u00fc\u00e7\u00fck K\u00e2\u015fif!Boyamak yeteneklerimizi ke\u015ffetmenin en g\u00fczel yolu!Boyama yaparken sab\u0131rl\u0131 olmay\u0131 \u00f6\u011frenir, renklerin u\u00e7suz bucaks\u0131z d\u00fcnyas\u0131n\u0131 ke\u015ffedersin.Reng\u00e2renk ve pofuduk e\u015fyalar, sebzeler ve meyveler, gizemli gezegenler senin<span class=\"excerpt-hellip\"> [\u2026]<\/span><\/p>\n","protected":false},"featured_media":0,"template":"","meta":{"_monsterinsights_skip_tracking":false,"_monsterinsights_sitenote_active":false,"_monsterinsights_sitenote_note":"","_monsterinsights_sitenote_category":0},"product_brand":[],"product_cat":[12644,12274],"product_tag":[],"class_list":{"0":"post-773339","1":"product","2":"type-product","3":"status-publish","5":"product_cat-boyama-kitaplari","6":"product_cat-cocuk-ve-genclik-kitaplari","7":"pa_cilt-ciltsiz","8":"pa_tur-kitap","9":"pa_yayinevi-bilgi-park","10":"pa_yazar-kolektif","12":"first","13":"instock","14":"sale","15":"shipping-taxable","16":"purchasable","17":"product-type-simple"},"_links":{"self":[{"href":"https:\/\/roveyayinevi.com.tr\/index.php\/wp-json\/wp\/v2\/product\/773339","targetHints":{"allow":["GET"]}}],"collection":[{"href":"https:\/\/roveyayinevi.com.tr\/index.php\/wp-json\/wp\/v2\/product"}],"about":[{"href":"https:\/\/roveyayinevi.com.tr\/index.php\/wp-json\/wp\/v2\/types\/product"}],"wp:attachment":[{"href":"https:\/\/roveyayinevi.com.tr\/index.php\/wp-json\/wp\/v2\/media?parent=773339"}],"wp:term":[{"taxonomy":"product_brand","embeddable":true,"href":"https:\/\/roveyayinevi.com.tr\/index.php\/wp-json\/wp\/v2\/product_brand?post=773339"},{"taxonomy":"product_cat","embeddable":true,"href":"https:\/\/roveyayinevi.com.tr\/index.php\/wp-json\/wp\/v2\/product_cat?post=773339"},{"taxonomy":"product_tag","embeddable":true,"href":"https:\/\/roveyayinevi.com.tr\/index.php\/wp-json\/wp\/v2\/product_tag?post=773339"}],"curies":[{"name":"wp","href":"https:\/\/api.w.org\/{rel}","templated":true}]}}