{"id":773338,"date":"2025-08-28T16:12:35","date_gmt":"2025-08-28T13:12:35","guid":{"rendered":"https:\/\/roveyayinevi.com.tr\/index.php\/urun\/super-afacan-boyama-kitabi\/"},"modified":"2026-04-15T03:39:29","modified_gmt":"2026-04-15T00:39:29","slug":"super-afacan-boyama-kitabi","status":"publish","type":"product","link":"https:\/\/roveyayinevi.com.tr\/index.php\/urun\/super-afacan-boyama-kitabi\/","title":{"rendered":"S\u00fcper Afacan Boyama Kitab\u0131"},"content":{"rendered":"<p>Merhaba Afacan Sanat\u00e7\u0131!Boyamak hem e\u011flenmenin hem de \u00f6\u011frenmenin en g\u00fczel yolu!Boyama yaparken el becerini geli\u015ftirir, hayal g\u00fcc\u00fcn\u00fc ve yeteneklerini ke\u015ffedersin.Arabalar, reng\u00e2renk meyveler, birbirinden sevimli hayvanlar seni bekliyor. Haydi, en sevdi\u011fin renkleri se\u00e7 ve bu sihirli d\u00fcnyaya ad\u0131m at!<\/p>\n","protected":false},"excerpt":{"rendered":"<p>Merhaba Afacan Sanat\u00e7\u0131!Boyamak hem e\u011flenmenin hem de \u00f6\u011frenmenin en g\u00fczel yolu!Boyama yaparken el becerini geli\u015ftirir, hayal g\u00fcc\u00fcn\u00fc ve yeteneklerini ke\u015ffedersin.Arabalar, reng\u00e2renk meyveler, birbirinden sevimli hayvanlar seni<span class=\"excerpt-hellip\"> [\u2026]<\/span><\/p>\n","protected":false},"featured_media":0,"template":"","meta":{"_monsterinsights_skip_tracking":false,"_monsterinsights_sitenote_active":false,"_monsterinsights_sitenote_note":"","_monsterinsights_sitenote_category":0},"product_brand":[],"product_cat":[12644,12274],"product_tag":[],"class_list":{"0":"post-773338","1":"product","2":"type-product","3":"status-publish","5":"product_cat-boyama-kitaplari","6":"product_cat-cocuk-ve-genclik-kitaplari","7":"pa_cilt-ciltsiz","8":"pa_tur-kitap","9":"pa_yayinevi-bilgi-park","10":"pa_yazar-kolektif","12":"first","13":"instock","14":"sale","15":"shipping-taxable","16":"purchasable","17":"product-type-simple"},"_links":{"self":[{"href":"https:\/\/roveyayinevi.com.tr\/index.php\/wp-json\/wp\/v2\/product\/773338","targetHints":{"allow":["GET"]}}],"collection":[{"href":"https:\/\/roveyayinevi.com.tr\/index.php\/wp-json\/wp\/v2\/product"}],"about":[{"href":"https:\/\/roveyayinevi.com.tr\/index.php\/wp-json\/wp\/v2\/types\/product"}],"wp:attachment":[{"href":"https:\/\/roveyayinevi.com.tr\/index.php\/wp-json\/wp\/v2\/media?parent=773338"}],"wp:term":[{"taxonomy":"product_brand","embeddable":true,"href":"https:\/\/roveyayinevi.com.tr\/index.php\/wp-json\/wp\/v2\/product_brand?post=773338"},{"taxonomy":"product_cat","embeddable":true,"href":"https:\/\/roveyayinevi.com.tr\/index.php\/wp-json\/wp\/v2\/product_cat?post=773338"},{"taxonomy":"product_tag","embeddable":true,"href":"https:\/\/roveyayinevi.com.tr\/index.php\/wp-json\/wp\/v2\/product_tag?post=773338"}],"curies":[{"name":"wp","href":"https:\/\/api.w.org\/{rel}","templated":true}]}}