{"id":773336,"date":"2025-08-28T16:12:30","date_gmt":"2025-08-28T13:12:30","guid":{"rendered":"https:\/\/roveyayinevi.com.tr\/index.php\/urun\/minik-eller-boyuyor-meslekler-boyama\/"},"modified":"2026-04-15T03:39:29","modified_gmt":"2026-04-15T00:39:29","slug":"minik-eller-boyuyor-meslekler-boyama","status":"publish","type":"product","link":"https:\/\/roveyayinevi.com.tr\/index.php\/urun\/minik-eller-boyuyor-meslekler-boyama\/","title":{"rendered":"Minik Eller Boyuyor &#8211; Meslekler Boyama"},"content":{"rendered":"<p>B\u00fcy\u00fcy\u00fcnce ne olmak istedi\u011fini hi\u00e7 d\u00fc\u015f\u00fcnd\u00fcn m\u00fc?O h\u00e2lde hemen bu kitab\u0131n sayfalar\u0131n\u0131 arala.Bu kitaptaki meslekler senin i\u00e7in renkli bir macera sunuyor!Boyama yaparken hem meslekleri tan\u0131yacak hem de \u00e7ok e\u011fleneceksin.Haydi, eline kalemi al ve hayallerini renklendir!<\/p>\n","protected":false},"excerpt":{"rendered":"<p>B\u00fcy\u00fcy\u00fcnce ne olmak istedi\u011fini hi\u00e7 d\u00fc\u015f\u00fcnd\u00fcn m\u00fc?O h\u00e2lde hemen bu kitab\u0131n sayfalar\u0131n\u0131 arala.Bu kitaptaki meslekler senin i\u00e7in renkli bir macera sunuyor!Boyama yaparken hem meslekleri tan\u0131yacak hem<span class=\"excerpt-hellip\"> [\u2026]<\/span><\/p>\n","protected":false},"featured_media":0,"template":"","meta":{"_monsterinsights_skip_tracking":false,"_monsterinsights_sitenote_active":false,"_monsterinsights_sitenote_note":"","_monsterinsights_sitenote_category":0},"product_brand":[],"product_cat":[12644,12274],"product_tag":[],"class_list":{"0":"post-773336","1":"product","2":"type-product","3":"status-publish","5":"product_cat-boyama-kitaplari","6":"product_cat-cocuk-ve-genclik-kitaplari","7":"pa_cilt-ciltsiz","8":"pa_tur-kitap","9":"pa_yayinevi-bilgi-park","10":"pa_yazar-bilge-yorulmaz","12":"first","13":"instock","14":"sale","15":"shipping-taxable","16":"purchasable","17":"product-type-simple"},"_links":{"self":[{"href":"https:\/\/roveyayinevi.com.tr\/index.php\/wp-json\/wp\/v2\/product\/773336","targetHints":{"allow":["GET"]}}],"collection":[{"href":"https:\/\/roveyayinevi.com.tr\/index.php\/wp-json\/wp\/v2\/product"}],"about":[{"href":"https:\/\/roveyayinevi.com.tr\/index.php\/wp-json\/wp\/v2\/types\/product"}],"wp:attachment":[{"href":"https:\/\/roveyayinevi.com.tr\/index.php\/wp-json\/wp\/v2\/media?parent=773336"}],"wp:term":[{"taxonomy":"product_brand","embeddable":true,"href":"https:\/\/roveyayinevi.com.tr\/index.php\/wp-json\/wp\/v2\/product_brand?post=773336"},{"taxonomy":"product_cat","embeddable":true,"href":"https:\/\/roveyayinevi.com.tr\/index.php\/wp-json\/wp\/v2\/product_cat?post=773336"},{"taxonomy":"product_tag","embeddable":true,"href":"https:\/\/roveyayinevi.com.tr\/index.php\/wp-json\/wp\/v2\/product_tag?post=773336"}],"curies":[{"name":"wp","href":"https:\/\/api.w.org\/{rel}","templated":true}]}}