{"id":773333,"date":"2025-08-28T16:12:21","date_gmt":"2025-08-28T13:12:21","guid":{"rendered":"https:\/\/roveyayinevi.com.tr\/index.php\/urun\/minik-eller-boyuyor-sebzeler-boyama-kitabi-ornek-resimli\/"},"modified":"2026-04-15T03:39:29","modified_gmt":"2026-04-15T00:39:29","slug":"minik-eller-boyuyor-sebzeler-boyama-kitabi-ornek-resimli","status":"publish","type":"product","link":"https:\/\/roveyayinevi.com.tr\/index.php\/urun\/minik-eller-boyuyor-sebzeler-boyama-kitabi-ornek-resimli\/","title":{"rendered":"Minik Eller Boyuyor &#8211; Sebzeler Boyama Kitab\u0131 (\u00d6rnek Resimli)"},"content":{"rendered":"<p>Sa\u011fl\u0131kl\u0131 hayat\u0131n ilk ad\u0131m\u0131, taptaze sebzeleri tan\u0131maktan ge\u00e7er!Lezzetli domates, biber, kabak\u2026Sebzeleri boyarken hem do\u011fa sevgini hem de merak duygunu geli\u015ftireceksin.Haydi, eline kalemi al ve yemeklerimizin vazge\u00e7ilmezi olan sebzeleri boyamaya ba\u015fla!<\/p>\n","protected":false},"excerpt":{"rendered":"<p>Sa\u011fl\u0131kl\u0131 hayat\u0131n ilk ad\u0131m\u0131, taptaze sebzeleri tan\u0131maktan ge\u00e7er!Lezzetli domates, biber, kabak\u2026Sebzeleri boyarken hem do\u011fa sevgini hem de merak duygunu geli\u015ftireceksin.Haydi, eline kalemi al ve yemeklerimizin vazge\u00e7ilmezi<span class=\"excerpt-hellip\"> [\u2026]<\/span><\/p>\n","protected":false},"featured_media":0,"template":"","meta":{"_monsterinsights_skip_tracking":false,"_monsterinsights_sitenote_active":false,"_monsterinsights_sitenote_note":"","_monsterinsights_sitenote_category":0},"product_brand":[],"product_cat":[12644,12274],"product_tag":[],"class_list":{"0":"post-773333","1":"product","2":"type-product","3":"status-publish","5":"product_cat-boyama-kitaplari","6":"product_cat-cocuk-ve-genclik-kitaplari","7":"pa_cilt-ciltsiz","8":"pa_tur-kitap","9":"pa_yayinevi-bilgi-park","10":"pa_yazar-bilge-yorulmaz","12":"first","13":"instock","14":"sale","15":"shipping-taxable","16":"purchasable","17":"product-type-simple"},"_links":{"self":[{"href":"https:\/\/roveyayinevi.com.tr\/index.php\/wp-json\/wp\/v2\/product\/773333","targetHints":{"allow":["GET"]}}],"collection":[{"href":"https:\/\/roveyayinevi.com.tr\/index.php\/wp-json\/wp\/v2\/product"}],"about":[{"href":"https:\/\/roveyayinevi.com.tr\/index.php\/wp-json\/wp\/v2\/types\/product"}],"wp:attachment":[{"href":"https:\/\/roveyayinevi.com.tr\/index.php\/wp-json\/wp\/v2\/media?parent=773333"}],"wp:term":[{"taxonomy":"product_brand","embeddable":true,"href":"https:\/\/roveyayinevi.com.tr\/index.php\/wp-json\/wp\/v2\/product_brand?post=773333"},{"taxonomy":"product_cat","embeddable":true,"href":"https:\/\/roveyayinevi.com.tr\/index.php\/wp-json\/wp\/v2\/product_cat?post=773333"},{"taxonomy":"product_tag","embeddable":true,"href":"https:\/\/roveyayinevi.com.tr\/index.php\/wp-json\/wp\/v2\/product_tag?post=773333"}],"curies":[{"name":"wp","href":"https:\/\/api.w.org\/{rel}","templated":true}]}}