{"id":773332,"date":"2025-08-28T16:12:19","date_gmt":"2025-08-28T13:12:19","guid":{"rendered":"https:\/\/roveyayinevi.com.tr\/index.php\/urun\/minik-eller-boyuyor-meyveler-boyama-kitabi-ornek-resimli\/"},"modified":"2026-04-15T03:39:28","modified_gmt":"2026-04-15T00:39:28","slug":"minik-eller-boyuyor-meyveler-boyama-kitabi-ornek-resimli","status":"publish","type":"product","link":"https:\/\/roveyayinevi.com.tr\/index.php\/urun\/minik-eller-boyuyor-meyveler-boyama-kitabi-ornek-resimli\/","title":{"rendered":"Minik Eller Boyuyor &#8211; Meyveler Boyama Kitab\u0131 (\u00d6rnek Resimli)"},"content":{"rendered":"<p>\u00c7ilek, portakal, karpuz&#8230;Her sayfa bir meyve \u015fenli\u011fi! Kitaptaki sevimli meyveleri boyarken hem e\u011flenip do\u011fayla b\u00fct\u00fcnle\u015fecek hem de sa\u011fl\u0131kl\u0131 besinleri ke\u015ffedeceksin.Haydi, eline kalemi al ve reng\u00e2renk meyvelerin aras\u0131nda bir yolculu\u011fa \u00e7\u0131k!<\/p>\n","protected":false},"excerpt":{"rendered":"<p>\u00c7ilek, portakal, karpuz&#8230;Her sayfa bir meyve \u015fenli\u011fi! Kitaptaki sevimli meyveleri boyarken hem e\u011flenip do\u011fayla b\u00fct\u00fcnle\u015fecek hem de sa\u011fl\u0131kl\u0131 besinleri ke\u015ffedeceksin.Haydi, eline kalemi al ve reng\u00e2renk meyvelerin<span class=\"excerpt-hellip\"> [\u2026]<\/span><\/p>\n","protected":false},"featured_media":0,"template":"","meta":{"_monsterinsights_skip_tracking":false,"_monsterinsights_sitenote_active":false,"_monsterinsights_sitenote_note":"","_monsterinsights_sitenote_category":0},"product_brand":[],"product_cat":[12644,12274],"product_tag":[],"class_list":{"0":"post-773332","1":"product","2":"type-product","3":"status-publish","5":"product_cat-boyama-kitaplari","6":"product_cat-cocuk-ve-genclik-kitaplari","7":"pa_cilt-ciltsiz","8":"pa_tur-kitap","9":"pa_yayinevi-bilgi-park","10":"pa_yazar-bilge-yorulmaz","12":"first","13":"instock","14":"sale","15":"shipping-taxable","16":"purchasable","17":"product-type-simple"},"_links":{"self":[{"href":"https:\/\/roveyayinevi.com.tr\/index.php\/wp-json\/wp\/v2\/product\/773332","targetHints":{"allow":["GET"]}}],"collection":[{"href":"https:\/\/roveyayinevi.com.tr\/index.php\/wp-json\/wp\/v2\/product"}],"about":[{"href":"https:\/\/roveyayinevi.com.tr\/index.php\/wp-json\/wp\/v2\/types\/product"}],"wp:attachment":[{"href":"https:\/\/roveyayinevi.com.tr\/index.php\/wp-json\/wp\/v2\/media?parent=773332"}],"wp:term":[{"taxonomy":"product_brand","embeddable":true,"href":"https:\/\/roveyayinevi.com.tr\/index.php\/wp-json\/wp\/v2\/product_brand?post=773332"},{"taxonomy":"product_cat","embeddable":true,"href":"https:\/\/roveyayinevi.com.tr\/index.php\/wp-json\/wp\/v2\/product_cat?post=773332"},{"taxonomy":"product_tag","embeddable":true,"href":"https:\/\/roveyayinevi.com.tr\/index.php\/wp-json\/wp\/v2\/product_tag?post=773332"}],"curies":[{"name":"wp","href":"https:\/\/api.w.org\/{rel}","templated":true}]}}