{"id":773331,"date":"2025-08-28T16:12:18","date_gmt":"2025-08-28T13:12:18","guid":{"rendered":"https:\/\/roveyayinevi.com.tr\/index.php\/urun\/minik-eller-boyuyor-10-kitaplik-set\/"},"modified":"2026-04-15T03:39:28","modified_gmt":"2026-04-15T00:39:28","slug":"minik-eller-boyuyor-10-kitaplik-set","status":"publish","type":"product","link":"https:\/\/roveyayinevi.com.tr\/index.php\/urun\/minik-eller-boyuyor-10-kitaplik-set\/","title":{"rendered":"Minik Eller Boyuyor \u2013 10 Kitapl\u0131k Set"},"content":{"rendered":"<p>Harfler, Hayvanlar, Meslekler, Meyveler, Sebzeler, Renkler, Say\u0131lar, \u015eekiller, Ta\u015f\u0131tlar ve Ya\u015fant\u0131m\u0131z\u2026Her biri 16 sayfadan olu\u015fan, \u00f6rnek resimli toplam 10 kitapl\u0131k boyama seti.Hem e\u011flendirici hem de \u00f6\u011fretici\u2026<\/p>\n","protected":false},"excerpt":{"rendered":"<p>Harfler, Hayvanlar, Meslekler, Meyveler, Sebzeler, Renkler, Say\u0131lar, \u015eekiller, Ta\u015f\u0131tlar ve Ya\u015fant\u0131m\u0131z\u2026Her biri 16 sayfadan olu\u015fan, \u00f6rnek resimli toplam 10 kitapl\u0131k boyama seti.Hem e\u011flendirici hem de \u00f6\u011fretici\u2026<\/p>\n","protected":false},"featured_media":0,"template":"","meta":{"_monsterinsights_skip_tracking":false,"_monsterinsights_sitenote_active":false,"_monsterinsights_sitenote_note":"","_monsterinsights_sitenote_category":0},"product_brand":[],"product_cat":[12274,12518],"product_tag":[],"class_list":{"0":"post-773331","1":"product","2":"type-product","3":"status-publish","5":"product_cat-cocuk-ve-genclik-kitaplari","6":"product_cat-okul-oncesi-kitaplar","7":"pa_cilt-ciltsiz","8":"pa_tur-kitap","9":"pa_yayinevi-bilgi-park","10":"pa_yazar-kolektif","12":"first","13":"instock","14":"sale","15":"shipping-taxable","16":"purchasable","17":"product-type-simple"},"_links":{"self":[{"href":"https:\/\/roveyayinevi.com.tr\/index.php\/wp-json\/wp\/v2\/product\/773331","targetHints":{"allow":["GET"]}}],"collection":[{"href":"https:\/\/roveyayinevi.com.tr\/index.php\/wp-json\/wp\/v2\/product"}],"about":[{"href":"https:\/\/roveyayinevi.com.tr\/index.php\/wp-json\/wp\/v2\/types\/product"}],"wp:attachment":[{"href":"https:\/\/roveyayinevi.com.tr\/index.php\/wp-json\/wp\/v2\/media?parent=773331"}],"wp:term":[{"taxonomy":"product_brand","embeddable":true,"href":"https:\/\/roveyayinevi.com.tr\/index.php\/wp-json\/wp\/v2\/product_brand?post=773331"},{"taxonomy":"product_cat","embeddable":true,"href":"https:\/\/roveyayinevi.com.tr\/index.php\/wp-json\/wp\/v2\/product_cat?post=773331"},{"taxonomy":"product_tag","embeddable":true,"href":"https:\/\/roveyayinevi.com.tr\/index.php\/wp-json\/wp\/v2\/product_tag?post=773331"}],"curies":[{"name":"wp","href":"https:\/\/api.w.org\/{rel}","templated":true}]}}