{"id":773330,"date":"2025-08-28T16:12:16","date_gmt":"2025-08-28T13:12:16","guid":{"rendered":"https:\/\/roveyayinevi.com.tr\/index.php\/urun\/myart-7-myrina-yayinlari-sanat-dergisi\/"},"modified":"2026-04-15T03:39:28","modified_gmt":"2026-04-15T00:39:28","slug":"myart-7-myrina-yayinlari-sanat-dergisi","status":"publish","type":"product","link":"https:\/\/roveyayinevi.com.tr\/index.php\/urun\/myart-7-myrina-yayinlari-sanat-dergisi\/","title":{"rendered":"MYART-7 : Myrina Yay\u0131nlar\u0131 Sanat Dergisi"},"content":{"rendered":"<p>Myrina Yay\u0131nlar\u0131 Sanat Dergisi olan MYART&#8217;\u0131n 7. say\u0131s\u0131nda a\u015fa\u011f\u0131daki yazarlar ve konular yer almaktad\u0131r: B\u0130R ANADOLU \u015eAHESER\u0130: PERGAMON ZEUS SUNA\u011eI (Emre OKAN) \/ 5Topkap\u0131 Saray\u0131\u2019n\u0131n Arz Odas\u0131nda Sergilenen Baldaken Taht\u0131nL\u00e2ke Tavan Bezemesindeki \u0130ki Efsanevi Fig\u00fcr: S\u00eemurg ve Ejderha (Eda G\u00dcNE\u015e) \/ 10SERAM\u0130K DEKORLAMA Y\u00d6NTEM\u0130: M\u0130SH\u0130MA TEKN\u0130\u011e\u0130 (Elif ZENG\u0130N BI\u00c7AKKIRAN) \/ 12BELGESEL FOTO\u011eRAF MERHAMET, H\u00dcMAN\u0130ZM VE ADANMI\u015eLIKTIR (A. Beyhan \u00d6ZDEM\u0130R) \/ 15\u0130K\u0130 RENK, B\u0130R Y\u00dcZ, VAROLU\u015eUN \u0130NCE \u00c7\u0130ZG\u0130S\u0130 (G\u00f6n\u00fcl OCAK) \/ 19OSMANLI \u0130MPARATORLU\u011eUNDA FOTO\u011eRAF VE KADIN FOTO\u011eRAF\u00c7ILAR(Hatice \u00d6ktem KILI\u00c7ASLAN) \/ 20BEN\u0130M MAV\u0130M NEREDES\u0130N? (\u015eebnem ATILGAN) \/ 24SUBJEKT\u0130V\u0130ZM (\u00d6ZNELC\u0130L\u0130K) \u00dcZER\u0130NE B\u0130RKA\u00c7 S\u00d6Z VE FOTO\u011eRAFIN RUHU (Olcak REYENT) \/ 29HEYKELTIRA\u015e MEL\u0130H \u015eENT\u00dcRK ve D\u0130ORAMA \u00dcZER\u0130NE (Arma\u011fan CAN) \/ 36A\u015eK, KADIN VE TUTKU: Nimet EY\u0130G\u00dcN VE ESERLER\u0130 (Meltem TEK\u0130N) \/ 40SANAT VE \u00d6\u011eRETMENL\u0130K ARASINA KISA B\u0130R MOLA: Sema ARAT ile S\u00d6YLE\u015e\u0130 (Cenker AT\u0130LA) \/ 43YEL DE\u011e\u0130RMENLER\u0130NE KAR\u015eI:DON K\u0130\u015eOT\u2019UN RUHU VE KIRMIZI ALANIN H\u0130K\u00c2YES\u0130 (Dilek \u00d6ZALP) \/ 48KARGALARIN \u0130Z\u0130NDE: Mehmet Y\u0131ld\u0131r\u0131m DABAKO\u011eLU (Kerem KACAR) \/ 51RESSAM BURCU KAYA \u0130LE \u201cYUVA\u201d SER\u0130S\u0130 \u00dcZER\u0130NE (Cenker AT\u0130LA) \/ 53BANA G\u00d6LGEYLE GELME, REAL\u0130ZMLE GEL! (Ebru KARACA) \/ 57ZAMANIN FISILTISI: RESSAM LALE \u00d6ZT\u00dcRK \u0130LE DANTEL\u0130N,G\u00dcVERC\u0130N\u0130N VE HAFIZANIN \u0130Z\u0130NDE (Meltem TEK\u0130N) \/ 61GELECE\u011eE B\u0130R YAZIT: Hasan Naz\u0131m BALABAN (\u015eebnem ATILGAN) \/ 65D\u00d6RTG\u00d6Z (R. Eser KORTANO\u011eLU) \/ 68KAD\u0130M G\u00dcZELL\u0130\u011e\u0130N G\u00d6LGELER\u0130:Dante Gabriel Rossetti\u2019nin \u201cLady Lilith\u201d Eseri \u00dczerine Bir \u0130nceleme (Yaren KOCA) \/ 69H\u0130\u00c7 VE SANRI: UTKU VARLIK \u0130LE \u015e\u0130\u0130R\u0130N RES\u0130M HAL\u0130 (Alparslan BOZKURT) \/ 72\u00c7A\u011eDA\u015e SANATIN \u0130NOVAT\u0130F B\u0130R TEMS\u0130LC\u0130S\u0130: SELEN AY TA\u015eLI\u00c7UKUR (Kerem KACAR) \/ 79YA\u015eAMAYI, \u00dcRETMEY\u0130 VE SEVMEY\u0130 SANATA D\u00d6N\u00dc\u015eT\u00dcREN90 YA\u015eINDA B\u0130R \u0130LHAM KAYNA\u011eI: SEV\u0130L YAL\u00c7INDURAN (Ufuk UYSAL) 83D\u00d6VME SANAT\u00c7ISI SUDE ERDEM \u0130LE S\u00d6YLE\u015e\u0130\u201cD\u00d6VME\u201d SANATIN NERES\u0130NDE? (Ufuk UYSAL) \/ 89SERG\u0130: HEYKELTIRA\u015e EBRU YILMAZ \u00c7AKMAK (Cenker AT\u0130LA) \/ 97DUYGUSAL BOZGUN (Veysel \u00c7OLAK) \/ 101\u0130K\u0130 KOCAMI\u015e ADAM (Mehmet KUM) \/ 102KA\u00c7AMAK R\u00dcYALAR (Fatma ARAS) \/ 104ARALIK \u00c7A\u011eI (Asl\u0131han T\u00dcYL\u00dcO\u011eLU) \/ 105ROTASI \u00d6ZG\u00dcRL\u00dcK (Durmu\u015f TA\u015eDEM\u0130R) \/ 106\u00fczg\u00fcn\u00fcm (Neval SAVAK) \/ 106A\u011eACIN G\u00d6LGES\u0130 (Merve ADIN) \/ 107KABUK (Co\u015fkun BAKIRCI) \/ 108AYNI OLMAZ \u0130K\u0130 KEZ (\u00d6mer Aykut TOPAL) \/ 108TOPLUM VE EDEB\u0130YAT (H\u00fcseyin Ozan UYUMLU) \/ 109BEN DE B\u0130R YABANCI (\u0130lker Sedat D\u0130KE\u00c7) \/ 116ONU D\u00dc\u015e\u00dcNMEK \u00d6YLE G\u00dcZEL K\u0130&#8230; (Bilhan AKKAYA) \/ 117&#8230;ki, asl\u0131nda&#8230; (Ayd\u0131n AKY\u00dcZ) \/ 118N\u0130COLAS \u0130ANCHE (Batuhan K\u00dcLEK\u00c7\u0130) \/ 118KIRIK AYNALAR (Mehmet \u00d6ZDEM\u0130R) \/ 119U\u00c7SUZ (Mehmet G\u00dcNAY ERCAN) \/ 119B\u0130L\u0130N\u00c7 ve V\u0130CDAN (\u015eerif KAYA) \/ 120MENEK\u015eEDEK\u0130 \u0130NSAN (Deniz Selin S\u00d6NMEZ) \/ 121\u015eiir (isimsiz) (Bar\u0131\u015f U\u011eUR) \/ 122PERSONA&#8217;DA ARKET\u0130PSEL D\u00d6N\u00dc\u015e\u00dcMLER (Bar\u0131\u015f TALAY) \/ 123S\u0130YAH BEYAZ B\u0130R AN (Zeynep PARLAR) \/ 127SON DANS (\u0130clal ACAR) \/ 131TANRI\u2019YLA UZLA\u015eTIM (Emine AYDO\u011eDU) \/ 134DEY\u0130\u015e (Tacettin \u00c7ET\u0130N) \/ 136P\u0130M\u0130 \u00c7EK\u0130LM\u0130\u015e BOMBA G\u0130B\u0130Y\u0130Z (G\u00fclizar ATAN) 137 <\/p>\n","protected":false},"excerpt":{"rendered":"<p>Myrina Yay\u0131nlar\u0131 Sanat Dergisi olan MYART&#8217;\u0131n 7. say\u0131s\u0131nda a\u015fa\u011f\u0131daki yazarlar ve konular yer almaktad\u0131r: B\u0130R ANADOLU \u015eAHESER\u0130: PERGAMON ZEUS SUNA\u011eI (Emre OKAN) \/ 5Topkap\u0131 Saray\u0131\u2019n\u0131n Arz<span class=\"excerpt-hellip\"> [\u2026]<\/span><\/p>\n","protected":false},"featured_media":0,"template":"","meta":{"_monsterinsights_skip_tracking":false,"_monsterinsights_sitenote_active":false,"_monsterinsights_sitenote_note":"","_monsterinsights_sitenote_category":0},"product_brand":[],"product_cat":[22066,13527],"product_tag":[],"class_list":{"0":"post-773330","1":"product","2":"type-product","3":"status-publish","5":"product_cat-sanat-sureli-yayinlar","6":"product_cat-sureli-yayinlar","7":"pa_cilt-ciltsiz","8":"pa_tur-dergi","9":"pa_yayinevi-myrina-yayinlari","10":"pa_yazar-kolektif","12":"first","13":"instock","14":"sale","15":"shipping-taxable","16":"purchasable","17":"product-type-simple"},"_links":{"self":[{"href":"https:\/\/roveyayinevi.com.tr\/index.php\/wp-json\/wp\/v2\/product\/773330","targetHints":{"allow":["GET"]}}],"collection":[{"href":"https:\/\/roveyayinevi.com.tr\/index.php\/wp-json\/wp\/v2\/product"}],"about":[{"href":"https:\/\/roveyayinevi.com.tr\/index.php\/wp-json\/wp\/v2\/types\/product"}],"wp:attachment":[{"href":"https:\/\/roveyayinevi.com.tr\/index.php\/wp-json\/wp\/v2\/media?parent=773330"}],"wp:term":[{"taxonomy":"product_brand","embeddable":true,"href":"https:\/\/roveyayinevi.com.tr\/index.php\/wp-json\/wp\/v2\/product_brand?post=773330"},{"taxonomy":"product_cat","embeddable":true,"href":"https:\/\/roveyayinevi.com.tr\/index.php\/wp-json\/wp\/v2\/product_cat?post=773330"},{"taxonomy":"product_tag","embeddable":true,"href":"https:\/\/roveyayinevi.com.tr\/index.php\/wp-json\/wp\/v2\/product_tag?post=773330"}],"curies":[{"name":"wp","href":"https:\/\/api.w.org\/{rel}","templated":true}]}}