{"id":773329,"date":"2025-08-28T16:12:15","date_gmt":"2025-08-28T13:12:15","guid":{"rendered":"https:\/\/roveyayinevi.com.tr\/index.php\/urun\/episto-kleros\/"},"modified":"2026-04-15T03:39:28","modified_gmt":"2026-04-15T00:39:28","slug":"episto-kleros","status":"publish","type":"product","link":"https:\/\/roveyayinevi.com.tr\/index.php\/urun\/episto-kleros\/","title":{"rendered":"Episto &#8211; Kleros"},"content":{"rendered":"<p>Episto-Kleros temsilcilerin ve \u00fcst d\u00fczey y\u00f6neticilik makam\u0131nda bulunacak kamu g\u00f6revlilerinin liyakat temelli olarak rastgele se\u00e7ilmesini ve se\u00e7ildi\u011fi makamda s\u0131n\u0131rl\u0131 s\u00fcreli g\u00f6rev yapmas\u0131n\u0131 \u00f6ng\u00f6ren bir yeni siyas\u00ee rejim tasar\u0131m\u0131d\u0131r.   Se\u00e7im, atama, kura&#8230; Se\u00e7im demokrasinin, atama otokrasinin, kura ise Episto-Kleros ad\u0131 verilen Demar\u015fi rejiminin benimsedi\u011fi us\u00fbl ve esast\u0131r. Elinizdeki kitap sadece otokrasiye de\u011fil, temsil\u00ee demokrasiye meydan okuyan ve ba\u015fkald\u0131ran bir \u00e7al\u0131\u015fmad\u0131r.   Acaba ger\u00e7ek anlamda yarg\u0131n\u0131n tarafs\u0131zl\u0131\u011f\u0131n\u0131 ve ba\u011f\u0131ms\u0131zl\u0131\u011f\u0131n\u0131 tesis etmek i\u00e7in Anayasa Mahkemesi\u2019ne, H\u00e2kimler ve Savc\u0131lar Kurulu\u2019na, Dan\u0131\u015ftay\u2019a, Yarg\u0131tay\u2019a ve hatta Say\u0131\u015ftay\u2019a se\u00e7ilecek \u00fcyeleri liy\u00e2kat havuzundan kura ile se\u00e7sek olmaz m\u0131?   \u00d6zerk Kurumlar ya da D\u00fczenleyici \u00dcst Kurullar diye tarif edilen ve \u00f6z\u00fcnde siyas\u00ee iktidar\u0131n g\u00fcn\u00fcbirlik m\u00fcdahalelerinden uzak kalmas\u0131 gereken Merkez Bankas\u0131\u2019n\u0131n ve di\u011fer d\u00fczenleyici kurulu\u015flar\u0131n ba\u015fkan ve \u00fcyelerini liy\u00e2kat sahibi ki\u015filerden olu\u015fan bir havuzdan kura ile se\u00e7sek daha do\u011fru olmaz m\u0131?   Acaba ger\u00e7ek anlamda laikli\u011fi g\u00fcvence alt\u0131na almak, din istismarc\u0131l\u0131\u011f\u0131n\u0131 ortadan kald\u0131rmak ve dinin siyasete alet olmas\u0131n\u0131 engellemek i\u00e7in Din \u0130\u015fleri Y\u00fcksek Kurulu \u00fcyelerini ve Diyanet \u0130\u015fleri Ba\u015fkan\u0131\u2019n\u0131 liy\u00e2kat temelli bir havuzdan kurayla se\u00e7sek olmaz m\u0131?   \u00dcniversite rekt\u00f6rlerini se\u00e7imle de\u011fil, atamayla hi\u00e7 de\u011fil \u00f6nceden belirlenmi\u015f ve il\u00e2n edilmi\u015f liy\u00e2kat ilkelerini esas alarak kurayla se\u00e7sek olmaz m\u0131?   E\u011fer temsil\u00ee demokrasilerde milletvekillerini ger\u00e7ekte millet se\u00e7miyorsa, o takdirde lidervekillerini se\u00e7tiren oligar\u015fik demokratik rejime sona vermek i\u00e7in temsilcilerimizi belirli liyakat ilkelerine dayal\u0131 bir havuzdan kura ile se\u00e7sek daha do\u011fru olmaz m\u0131? Oyun, reyin, se\u00e7imin, sand\u0131\u011f\u0131n ve siyas\u00ee partilerin tarihe g\u00f6m\u00fcld\u00fc\u011f\u00fc bir Epistemik Yasama Organ\u0131 olu\u015fturmak acaba \u00e7ok mu abs\u00fcrd bir \u00f6neri? Se\u00e7im olmadan bir demokrasi tasar\u0131m\u0131 \u00fczerinde d\u00fc\u015f\u00fcnmek acaba \u00e7ok mu aletorik ya da \u00e7ok mu lotokratik bir \u00fctopya?   Co\u015fkun Can Aktan bu kitab\u0131nda liy\u00e2kat ve e\u015fit f\u0131rsatlar ilkelerine dayal\u0131 bir yeni siyas\u00ee rejimi in\u015fa edecek fikir \u00f6nerileri sunuyor. <\/p>\n","protected":false},"excerpt":{"rendered":"<p>Episto-Kleros temsilcilerin ve \u00fcst d\u00fczey y\u00f6neticilik makam\u0131nda bulunacak kamu g\u00f6revlilerinin liyakat temelli olarak rastgele se\u00e7ilmesini ve se\u00e7ildi\u011fi makamda s\u0131n\u0131rl\u0131 s\u00fcreli g\u00f6rev yapmas\u0131n\u0131 \u00f6ng\u00f6ren bir yeni siyas\u00ee<span class=\"excerpt-hellip\"> [\u2026]<\/span><\/p>\n","protected":false},"featured_media":0,"template":"","meta":{"_monsterinsights_skip_tracking":false,"_monsterinsights_sitenote_active":false,"_monsterinsights_sitenote_note":"","_monsterinsights_sitenote_category":0},"product_brand":[],"product_cat":[12337,14543],"product_tag":[],"class_list":{"0":"post-773329","1":"product","2":"type-product","3":"status-publish","5":"product_cat-politika-siyaset","6":"product_cat-turkiye-siyaseti-ve-politikasi","7":"pa_cilt-ciltsiz","8":"pa_tur-kitap","9":"pa_yayinevi-serbest-kitaplar","10":"pa_yazar-coskun-can-aktan","12":"first","13":"instock","14":"sale","15":"shipping-taxable","16":"purchasable","17":"product-type-simple"},"_links":{"self":[{"href":"https:\/\/roveyayinevi.com.tr\/index.php\/wp-json\/wp\/v2\/product\/773329","targetHints":{"allow":["GET"]}}],"collection":[{"href":"https:\/\/roveyayinevi.com.tr\/index.php\/wp-json\/wp\/v2\/product"}],"about":[{"href":"https:\/\/roveyayinevi.com.tr\/index.php\/wp-json\/wp\/v2\/types\/product"}],"wp:attachment":[{"href":"https:\/\/roveyayinevi.com.tr\/index.php\/wp-json\/wp\/v2\/media?parent=773329"}],"wp:term":[{"taxonomy":"product_brand","embeddable":true,"href":"https:\/\/roveyayinevi.com.tr\/index.php\/wp-json\/wp\/v2\/product_brand?post=773329"},{"taxonomy":"product_cat","embeddable":true,"href":"https:\/\/roveyayinevi.com.tr\/index.php\/wp-json\/wp\/v2\/product_cat?post=773329"},{"taxonomy":"product_tag","embeddable":true,"href":"https:\/\/roveyayinevi.com.tr\/index.php\/wp-json\/wp\/v2\/product_tag?post=773329"}],"curies":[{"name":"wp","href":"https:\/\/api.w.org\/{rel}","templated":true}]}}