{"id":773328,"date":"2025-08-28T16:12:14","date_gmt":"2025-08-28T13:12:14","guid":{"rendered":"https:\/\/roveyayinevi.com.tr\/index.php\/urun\/futbolda-endustriyellesme-degisen-stadyumlar-ve-taraftarlik-sakaryaspor-taraftarlari-uzerinden-bir-bakis\/"},"modified":"2026-04-15T03:39:28","modified_gmt":"2026-04-15T00:39:28","slug":"futbolda-endustriyellesme-degisen-stadyumlar-ve-taraftarlik-sakaryaspor-taraftarlari-uzerinden-bir-bakis","status":"publish","type":"product","link":"https:\/\/roveyayinevi.com.tr\/index.php\/urun\/futbolda-endustriyellesme-degisen-stadyumlar-ve-taraftarlik-sakaryaspor-taraftarlari-uzerinden-bir-bakis\/","title":{"rendered":"Futbolda End\u00fcstriyelle\u015fme, De\u011fi\u015fen Stadyumlar ve Taraftarl\u0131k Sakaryaspor Taraftarlar\u0131 \u00dczerinden Bir Bak\u0131\u015f"},"content":{"rendered":"<p>\u00b7         Futbolun End\u00fcstriyelle\u015fmesi, Stadyumlar ve Taraftarl\u0131\u011fa Genel Bir Bak\u0131\u015f   \u00b7         Futbolun Tarihsel Geli\u015fimi   \u00b7         Modern Futbol Do\u011fuyor   \u00b7         Futbol Osmanl\u0131 Topraklar\u0131na Geliyor   \u00b7         Cumhuriyet D\u00f6neminde T\u00fcrkiye\u2019de Futbol   \u00b7         T\u00fcrk Futbolunda Profesyonelle\u015fme ve Anadolu\u2019ya Yay\u0131l\u0131m   \u00b7         End\u00fcstriyelle\u015fen Futbol       <\/p>\n","protected":false},"excerpt":{"rendered":"<p>\u00b7 Futbolun End\u00fcstriyelle\u015fmesi, Stadyumlar ve Taraftarl\u0131\u011fa Genel Bir Bak\u0131\u015f \u00b7 Futbolun Tarihsel Geli\u015fimi \u00b7 Modern Futbol Do\u011fuyor \u00b7 Futbol Osmanl\u0131 Topraklar\u0131na Geliyor \u00b7 Cumhuriyet D\u00f6neminde T\u00fcrkiye\u2019de<span class=\"excerpt-hellip\"> [\u2026]<\/span><\/p>\n","protected":false},"featured_media":0,"template":"","meta":{"_monsterinsights_skip_tracking":false,"_monsterinsights_sitenote_active":false,"_monsterinsights_sitenote_note":"","_monsterinsights_sitenote_category":0},"product_brand":[],"product_cat":[15563,15564],"product_tag":[],"class_list":{"0":"post-773328","1":"product","2":"type-product","3":"status-publish","5":"product_cat-hobi","6":"product_cat-spor","7":"pa_cilt-ciltsiz","8":"pa_tur-kitap","9":"pa_yayinevi-gazi-kitabevi","10":"pa_yazar-gokhan-cakmak","12":"first","13":"instock","14":"sale","15":"shipping-taxable","16":"purchasable","17":"product-type-simple"},"_links":{"self":[{"href":"https:\/\/roveyayinevi.com.tr\/index.php\/wp-json\/wp\/v2\/product\/773328","targetHints":{"allow":["GET"]}}],"collection":[{"href":"https:\/\/roveyayinevi.com.tr\/index.php\/wp-json\/wp\/v2\/product"}],"about":[{"href":"https:\/\/roveyayinevi.com.tr\/index.php\/wp-json\/wp\/v2\/types\/product"}],"wp:attachment":[{"href":"https:\/\/roveyayinevi.com.tr\/index.php\/wp-json\/wp\/v2\/media?parent=773328"}],"wp:term":[{"taxonomy":"product_brand","embeddable":true,"href":"https:\/\/roveyayinevi.com.tr\/index.php\/wp-json\/wp\/v2\/product_brand?post=773328"},{"taxonomy":"product_cat","embeddable":true,"href":"https:\/\/roveyayinevi.com.tr\/index.php\/wp-json\/wp\/v2\/product_cat?post=773328"},{"taxonomy":"product_tag","embeddable":true,"href":"https:\/\/roveyayinevi.com.tr\/index.php\/wp-json\/wp\/v2\/product_tag?post=773328"}],"curies":[{"name":"wp","href":"https:\/\/api.w.org\/{rel}","templated":true}]}}