{"id":773324,"date":"2025-08-28T16:12:07","date_gmt":"2025-08-28T13:12:07","guid":{"rendered":"https:\/\/roveyayinevi.com.tr\/index.php\/urun\/anadoluya-deger-katanlar-yunus-emre\/"},"modified":"2026-04-15T03:39:28","modified_gmt":"2026-04-15T00:39:28","slug":"anadoluya-deger-katanlar-yunus-emre","status":"publish","type":"product","link":"https:\/\/roveyayinevi.com.tr\/index.php\/urun\/anadoluya-deger-katanlar-yunus-emre\/","title":{"rendered":"Anadolu\u2019ya De\u011fer Katanlar &#8211; Yunus Emre"},"content":{"rendered":"<p>\u00c7ocuk edebiyat\u0131m\u0131za iz b\u0131rakan yazarlar\u0131m\u0131zdan Mavisel Yener, \u00e7izgi roman t\u00fcr\u00fcnde haz\u0131rlad\u0131\u011f\u0131m\u0131z Anadolu&#8217;ya De\u011fer Katanlar serisinde Anadolu topraklar\u0131na iz b\u0131rakanlar\u0131n hik\u00e2yelerini anlatarak, onlar\u0131n g\u00fcn\u00fcm\u00fcz\u00fc ayd\u0131nlatan miraslar\u0131n\u0131 ke\u015ffetmemize rehberlik ediyor. Usta \u00e7izer Murat Say\u0131n&#8217;\u0131n \u00e7izgileriyle hik\u00e2yeler g\u00f6rsel bir \u015f\u00f6lene d\u00f6n\u00fc\u015f\u00fcyor, okuru farkl\u0131 bir okuma deneyimine davet ediyor.  Serinin bu kitab\u0131nda Yunus Emre&#8217;yi tan\u0131yacaks\u0131n\u0131z.<\/p>\n","protected":false},"excerpt":{"rendered":"<p>\u00c7ocuk edebiyat\u0131m\u0131za iz b\u0131rakan yazarlar\u0131m\u0131zdan Mavisel Yener, \u00e7izgi roman t\u00fcr\u00fcnde haz\u0131rlad\u0131\u011f\u0131m\u0131z Anadolu&#8217;ya De\u011fer Katanlar serisinde Anadolu topraklar\u0131na iz b\u0131rakanlar\u0131n hik\u00e2yelerini anlatarak, onlar\u0131n g\u00fcn\u00fcm\u00fcz\u00fc ayd\u0131nlatan miraslar\u0131n\u0131 ke\u015ffetmemize<span class=\"excerpt-hellip\"> [\u2026]<\/span><\/p>\n","protected":false},"featured_media":0,"template":"","meta":{"_monsterinsights_skip_tracking":false,"_monsterinsights_sitenote_active":false,"_monsterinsights_sitenote_note":"","_monsterinsights_sitenote_category":0},"product_brand":[],"product_cat":[12274,12284],"product_tag":[],"class_list":{"0":"post-773324","1":"product","2":"type-product","3":"status-publish","5":"product_cat-cocuk-ve-genclik-kitaplari","6":"product_cat-hikayeler","7":"pa_cilt-ciltsiz","8":"pa_tur-kitap","9":"pa_yayinevi-bilgi-yayinevi-cocuk","10":"pa_yazar-mavisel-yener","12":"first","13":"instock","14":"sale","15":"shipping-taxable","16":"purchasable","17":"product-type-simple"},"_links":{"self":[{"href":"https:\/\/roveyayinevi.com.tr\/index.php\/wp-json\/wp\/v2\/product\/773324","targetHints":{"allow":["GET"]}}],"collection":[{"href":"https:\/\/roveyayinevi.com.tr\/index.php\/wp-json\/wp\/v2\/product"}],"about":[{"href":"https:\/\/roveyayinevi.com.tr\/index.php\/wp-json\/wp\/v2\/types\/product"}],"wp:attachment":[{"href":"https:\/\/roveyayinevi.com.tr\/index.php\/wp-json\/wp\/v2\/media?parent=773324"}],"wp:term":[{"taxonomy":"product_brand","embeddable":true,"href":"https:\/\/roveyayinevi.com.tr\/index.php\/wp-json\/wp\/v2\/product_brand?post=773324"},{"taxonomy":"product_cat","embeddable":true,"href":"https:\/\/roveyayinevi.com.tr\/index.php\/wp-json\/wp\/v2\/product_cat?post=773324"},{"taxonomy":"product_tag","embeddable":true,"href":"https:\/\/roveyayinevi.com.tr\/index.php\/wp-json\/wp\/v2\/product_tag?post=773324"}],"curies":[{"name":"wp","href":"https:\/\/api.w.org\/{rel}","templated":true}]}}