{"id":773322,"date":"2025-08-28T16:12:03","date_gmt":"2025-08-28T13:12:03","guid":{"rendered":"https:\/\/roveyayinevi.com.tr\/index.php\/urun\/6-12-yas-grassroots-futbolunun-ve-rekreatif-katilimin-cocuk-koruma-perspektfinden-orgutsel-gelisim-modeli\/"},"modified":"2026-04-15T03:39:28","modified_gmt":"2026-04-15T00:39:28","slug":"6-12-yas-grassroots-futbolunun-ve-rekreatif-katilimin-cocuk-koruma-perspektfinden-orgutsel-gelisim-modeli","status":"publish","type":"product","link":"https:\/\/roveyayinevi.com.tr\/index.php\/urun\/6-12-yas-grassroots-futbolunun-ve-rekreatif-katilimin-cocuk-koruma-perspektfinden-orgutsel-gelisim-modeli\/","title":{"rendered":"6-12 Ya\u015f Grassroots Futbolunun ve Rekreatif Kat\u0131l\u0131m\u0131n \u00c7ocuk Koruma Perspektfinden \u00d6rg\u00fctsel Geli\u015fim Modeli"},"content":{"rendered":"<p>1. G\u0130R\u0130\u015e VE AMA\u00c7   2. GRASSROOTS Y\u00d6NET\u0130M YAPISI VE \u00c7OCUK KORUMA   3. \u00d6RG\u00dcTSEL YAPI   4. \u00d6RG\u00dcTSEL \u0130L\u0130\u015eK\u0130 MODELLER\u0130   5. GRASSROOTS VE FUTBOL   6. GERE\u00c7 VE Y\u00d6NTEM   7. BULGULAR   8. TARTI\u015eMA   9. SONU\u00c7             <\/p>\n","protected":false},"excerpt":{"rendered":"<p>1. G\u0130R\u0130\u015e VE AMA\u00c7 2. GRASSROOTS Y\u00d6NET\u0130M YAPISI VE \u00c7OCUK KORUMA 3. \u00d6RG\u00dcTSEL YAPI 4. \u00d6RG\u00dcTSEL \u0130L\u0130\u015eK\u0130 MODELLER\u0130 5. GRASSROOTS VE FUTBOL 6. GERE\u00c7 VE Y\u00d6NTEM<span class=\"excerpt-hellip\"> [\u2026]<\/span><\/p>\n","protected":false},"featured_media":0,"template":"","meta":{"_monsterinsights_skip_tracking":false,"_monsterinsights_sitenote_active":false,"_monsterinsights_sitenote_note":"","_monsterinsights_sitenote_category":0},"product_brand":[],"product_cat":[12573,12566],"product_tag":[],"class_list":{"0":"post-773322","1":"product","2":"type-product","3":"status-publish","5":"product_cat-akademik-kitaplar","6":"product_cat-egitim","7":"pa_cilt-ciltsiz","8":"pa_tur-kitap","9":"pa_yayinevi-gazi-kitabevi","10":"pa_yazar-serkan-esen","12":"first","13":"instock","14":"sale","15":"shipping-taxable","16":"purchasable","17":"product-type-simple"},"_links":{"self":[{"href":"https:\/\/roveyayinevi.com.tr\/index.php\/wp-json\/wp\/v2\/product\/773322","targetHints":{"allow":["GET"]}}],"collection":[{"href":"https:\/\/roveyayinevi.com.tr\/index.php\/wp-json\/wp\/v2\/product"}],"about":[{"href":"https:\/\/roveyayinevi.com.tr\/index.php\/wp-json\/wp\/v2\/types\/product"}],"wp:attachment":[{"href":"https:\/\/roveyayinevi.com.tr\/index.php\/wp-json\/wp\/v2\/media?parent=773322"}],"wp:term":[{"taxonomy":"product_brand","embeddable":true,"href":"https:\/\/roveyayinevi.com.tr\/index.php\/wp-json\/wp\/v2\/product_brand?post=773322"},{"taxonomy":"product_cat","embeddable":true,"href":"https:\/\/roveyayinevi.com.tr\/index.php\/wp-json\/wp\/v2\/product_cat?post=773322"},{"taxonomy":"product_tag","embeddable":true,"href":"https:\/\/roveyayinevi.com.tr\/index.php\/wp-json\/wp\/v2\/product_tag?post=773322"}],"curies":[{"name":"wp","href":"https:\/\/api.w.org\/{rel}","templated":true}]}}