{"id":773321,"date":"2025-08-28T16:12:01","date_gmt":"2025-08-28T13:12:01","guid":{"rendered":"https:\/\/roveyayinevi.com.tr\/index.php\/urun\/muhasebe-mizah-bobi-kopegin-kdvsi\/"},"modified":"2026-04-15T03:39:28","modified_gmt":"2026-04-15T00:39:28","slug":"muhasebe-mizah-bobi-kopegin-kdvsi","status":"publish","type":"product","link":"https:\/\/roveyayinevi.com.tr\/index.php\/urun\/muhasebe-mizah-bobi-kopegin-kdvsi\/","title":{"rendered":"Muhasebe Mizah Bobi K\u00f6pe\u011fin Kdv\u2019si"},"content":{"rendered":"<p>\u0130\u00e7selle\u015ftirerek Okuyan Herkes \u00c7ok \u015eey Kazan\u0131r MUHASEBE \u00dcZER\u0130NE M\u0130ZAH VERG\u0130 \u00dcZER\u0130NE M\u0130ZAH SOSYAL G\u00dcVENL\u0130K \u00dcZER\u0130NE M\u0130ZAH Muhasebenin g\u00fclen y\u00fcz\u00fcn\u00fc ve bununla ilgili ilgin\u00e7 \u00f6yk\u00fcleri, f\u0131kralar\u0131, an\u0131lar\u0131, hayret edilecek olaylar\u0131 bulacak, okuduktan sonra da arkada\u015f\u0131n\u0131za ya da yak\u0131n\u0131n\u0131za hediye olarak bir tane daha almak isteyeceksiniz\u2026 <\/p>\n","protected":false},"excerpt":{"rendered":"<p>\u0130\u00e7selle\u015ftirerek Okuyan Herkes \u00c7ok \u015eey Kazan\u0131r MUHASEBE \u00dcZER\u0130NE M\u0130ZAH VERG\u0130 \u00dcZER\u0130NE M\u0130ZAH SOSYAL G\u00dcVENL\u0130K \u00dcZER\u0130NE M\u0130ZAH Muhasebenin g\u00fclen y\u00fcz\u00fcn\u00fc ve bununla ilgili ilgin\u00e7 \u00f6yk\u00fcleri, f\u0131kralar\u0131, an\u0131lar\u0131,<span class=\"excerpt-hellip\"> [\u2026]<\/span><\/p>\n","protected":false},"featured_media":0,"template":"","meta":{"_monsterinsights_skip_tracking":false,"_monsterinsights_sitenote_active":false,"_monsterinsights_sitenote_note":"","_monsterinsights_sitenote_category":0},"product_brand":[],"product_cat":[12291,14825],"product_tag":[],"class_list":{"0":"post-773321","1":"product","2":"type-product","3":"status-publish","5":"product_cat-edebiyat","6":"product_cat-mizah","7":"pa_cilt-ciltsiz","8":"pa_tur-kitap","9":"pa_yayinevi-zet-yayinlari","10":"pa_yazar-nurettin-erkasap","12":"first","13":"instock","14":"sale","15":"shipping-taxable","16":"purchasable","17":"product-type-simple"},"_links":{"self":[{"href":"https:\/\/roveyayinevi.com.tr\/index.php\/wp-json\/wp\/v2\/product\/773321","targetHints":{"allow":["GET"]}}],"collection":[{"href":"https:\/\/roveyayinevi.com.tr\/index.php\/wp-json\/wp\/v2\/product"}],"about":[{"href":"https:\/\/roveyayinevi.com.tr\/index.php\/wp-json\/wp\/v2\/types\/product"}],"wp:attachment":[{"href":"https:\/\/roveyayinevi.com.tr\/index.php\/wp-json\/wp\/v2\/media?parent=773321"}],"wp:term":[{"taxonomy":"product_brand","embeddable":true,"href":"https:\/\/roveyayinevi.com.tr\/index.php\/wp-json\/wp\/v2\/product_brand?post=773321"},{"taxonomy":"product_cat","embeddable":true,"href":"https:\/\/roveyayinevi.com.tr\/index.php\/wp-json\/wp\/v2\/product_cat?post=773321"},{"taxonomy":"product_tag","embeddable":true,"href":"https:\/\/roveyayinevi.com.tr\/index.php\/wp-json\/wp\/v2\/product_tag?post=773321"}],"curies":[{"name":"wp","href":"https:\/\/api.w.org\/{rel}","templated":true}]}}