{"id":773320,"date":"2025-08-28T16:12:00","date_gmt":"2025-08-28T13:12:00","guid":{"rendered":"https:\/\/roveyayinevi.com.tr\/index.php\/urun\/dis-ticaret-teori-ve-uygulama\/"},"modified":"2026-04-15T03:39:28","modified_gmt":"2026-04-15T00:39:28","slug":"dis-ticaret-teori-ve-uygulama","status":"publish","type":"product","link":"https:\/\/roveyayinevi.com.tr\/index.php\/urun\/dis-ticaret-teori-ve-uygulama\/","title":{"rendered":"D\u0131\u015f Ticaret Teori ve Uygulama"},"content":{"rendered":"<p>B\u00d6L\u00dcM 1 DI\u015e T\u0130CARET TEOR\u0130LER\u0130   B\u00d6L\u00dcM 2 ULUSLARARASI H\u0130ZMET T\u0130CARET\u0130NDE REKABET G\u00dcC\u00dc: DI\u015e T\u0130CARETTE L\u0130DER \u00dcLKELER VE T\u00dcRK\u0130YE \u00dcZER\u0130NE DE\u011eERLEND\u0130RMELER   B\u00d6L\u00dcM 3 DI\u015e T\u0130CARET VE BE\u015eER\u0130 SERMAYEN\u0130N B\u00dcY\u00dcMEDEK\u0130 ROL\u00dc   B\u00d6L\u00dcM 4 DI\u015e T\u0130CARETTE YEN\u0130L\u0130K\u00c7\u0130 TEKNOLOJ\u0130LER VE UYGULAMALAR   B\u00d6L\u00dcM 5 DI\u015e T\u0130CARET F\u0130NANSMANI   B\u00d6L\u00dcM 6 DI\u015e T\u0130CARET \u0130ST\u0130HBARATI     B\u00d6L\u00dcM 7 BLOK Z\u0130NC\u0130R\u0130 TABANLI AKRED\u0130T\u0130F \u00d6DEME Y\u00d6NTEM\u0130   B\u00d6L\u00dcM 8 DI\u015e T\u0130CARET\u0130N S\u00dcRD\u00dcR\u00dcLEB\u0130L\u0130RL\u0130K VE \u0130KL\u0130M DE\u011e\u0130\u015e\u0130KL\u0130\u011e\u0130YLE ENTEGRASYONU   B\u00d6L\u00dcM 9 DI\u015e T\u0130CARET VE EKS\u0130K REKABET \u0130L\u0130\u015eK\u0130S\u0130 <\/p>\n","protected":false},"excerpt":{"rendered":"<p>B\u00d6L\u00dcM 1 DI\u015e T\u0130CARET TEOR\u0130LER\u0130 B\u00d6L\u00dcM 2 ULUSLARARASI H\u0130ZMET T\u0130CARET\u0130NDE REKABET G\u00dcC\u00dc: DI\u015e T\u0130CARETTE L\u0130DER \u00dcLKELER VE T\u00dcRK\u0130YE \u00dcZER\u0130NE DE\u011eERLEND\u0130RMELER B\u00d6L\u00dcM 3 DI\u015e T\u0130CARET VE BE\u015eER\u0130<span class=\"excerpt-hellip\"> [\u2026]<\/span><\/p>\n","protected":false},"featured_media":0,"template":"","meta":{"_monsterinsights_skip_tracking":false,"_monsterinsights_sitenote_active":false,"_monsterinsights_sitenote_note":"","_monsterinsights_sitenote_category":0},"product_brand":[],"product_cat":[13043,14144],"product_tag":[],"class_list":{"0":"post-773320","1":"product","2":"type-product","3":"status-publish","5":"product_cat-ekonomi","6":"product_cat-turkiye-ekonomisi","7":"pa_cilt-ciltsiz","8":"pa_tur-kitap","9":"pa_yayinevi-gazi-kitabevi","10":"pa_yazar-kolektif","12":"first","13":"instock","14":"sale","15":"shipping-taxable","16":"purchasable","17":"product-type-simple"},"_links":{"self":[{"href":"https:\/\/roveyayinevi.com.tr\/index.php\/wp-json\/wp\/v2\/product\/773320","targetHints":{"allow":["GET"]}}],"collection":[{"href":"https:\/\/roveyayinevi.com.tr\/index.php\/wp-json\/wp\/v2\/product"}],"about":[{"href":"https:\/\/roveyayinevi.com.tr\/index.php\/wp-json\/wp\/v2\/types\/product"}],"wp:attachment":[{"href":"https:\/\/roveyayinevi.com.tr\/index.php\/wp-json\/wp\/v2\/media?parent=773320"}],"wp:term":[{"taxonomy":"product_brand","embeddable":true,"href":"https:\/\/roveyayinevi.com.tr\/index.php\/wp-json\/wp\/v2\/product_brand?post=773320"},{"taxonomy":"product_cat","embeddable":true,"href":"https:\/\/roveyayinevi.com.tr\/index.php\/wp-json\/wp\/v2\/product_cat?post=773320"},{"taxonomy":"product_tag","embeddable":true,"href":"https:\/\/roveyayinevi.com.tr\/index.php\/wp-json\/wp\/v2\/product_tag?post=773320"}],"curies":[{"name":"wp","href":"https:\/\/api.w.org\/{rel}","templated":true}]}}