{"id":773317,"date":"2025-08-28T16:11:54","date_gmt":"2025-08-28T13:11:54","guid":{"rendered":"https:\/\/roveyayinevi.com.tr\/index.php\/urun\/teknopoli\/"},"modified":"2026-04-15T03:39:28","modified_gmt":"2026-04-15T00:39:28","slug":"teknopoli","status":"publish","type":"product","link":"https:\/\/roveyayinevi.com.tr\/index.php\/urun\/teknopoli\/","title":{"rendered":"Teknopoli"},"content":{"rendered":"<p>Teknoloji uzun m\u00fcddet sad\u0131k bir dost olarak g\u00f6r\u00fcld\u00fc; zira hayat\u0131 kolayla\u015ft\u0131r\u0131yor, h\u0131zland\u0131r\u0131yor ve uzat\u0131yordu. Ancak bu dostluk, sorgusuz bir ba\u011fl\u0131l\u0131\u011f\u0131 da beraberinde getirdi. \u00dcnl\u00fc k\u00fclt\u00fcr ele\u015ftirmeni Neil Postman, Teknopoli: K\u00fclt\u00fcr\u00fcn Teknolojiye Teslim Olu\u015fu adl\u0131 eserinde bu de\u011fi\u015fimin i\u00e7 y\u00fcz\u00fcn\u00fc ele al\u0131yor. Keskin tespitlerle dolu, yer yer esprili ve \u00e7o\u011fu zaman \u00fcrk\u00fct\u00fcc\u00fc bu \u00e7al\u0131\u015fmas\u0131nda Postman; bizi bir Teknopoli\u2019ye ad\u0131m ad\u0131m s\u00fcr\u00fcklendi\u011fimiz ger\u00e7e\u011fiyle y\u00fczle\u015ftiriyor: teknolojiyi yaln\u0131zca bir destek unsuru olarak kullanmayan, bunun yerine siyaset, sanat, e\u011fitim, zek\u00e2 ve hakikat alg\u0131s\u0131n\u0131 teknolojiye teslim eden bir topluma&#8230; Kontrols\u00fczce b\u00fcy\u00fcyen teknoloji; insanl\u0131\u011f\u0131n ya\u015famsal kaynaklar\u0131n\u0131 t\u00fcketen, ahlaki temelden yoksun, y\u00fczeysel bir k\u00fclt\u00fcr in\u015fa eden bir tehdide d\u00f6n\u00fc\u015f\u00fcyor. D\u00fc\u015f\u00fcnceyi, e\u011fitimi ve toplumsal ili\u015fkileri zay\u0131flat\u0131yor. Teknoloji hem dost, hem de giderek daha tehlikeli bir d\u00fc\u015fman h\u00e2line geliyor.   \u201cProvokatif bir kitap&#8230; Hayatlar\u0131m\u0131za y\u00f6n veren aletlerle m\u00fccadele etmek i\u00e7in \u00f6nemli bir eser.\u201d Dallas Morning News<\/p>\n","protected":false},"excerpt":{"rendered":"<p>Teknoloji uzun m\u00fcddet sad\u0131k bir dost olarak g\u00f6r\u00fcld\u00fc; zira hayat\u0131 kolayla\u015ft\u0131r\u0131yor, h\u0131zland\u0131r\u0131yor ve uzat\u0131yordu. Ancak bu dostluk, sorgusuz bir ba\u011fl\u0131l\u0131\u011f\u0131 da beraberinde getirdi. \u00dcnl\u00fc k\u00fclt\u00fcr ele\u015ftirmeni<span class=\"excerpt-hellip\"> [\u2026]<\/span><\/p>\n","protected":false},"featured_media":0,"template":"","meta":{"_monsterinsights_skip_tracking":false,"_monsterinsights_sitenote_active":false,"_monsterinsights_sitenote_note":"","_monsterinsights_sitenote_category":0},"product_brand":[],"product_cat":[15983,13488],"product_tag":[],"class_list":{"0":"post-773317","1":"product","2":"type-product","3":"status-publish","5":"product_cat-iletisim-ve-medya","6":"product_cat-toplum-ve-insan","7":"pa_cilt-ciltsiz","8":"pa_tur-kitap","9":"pa_yayinevi-paradigma-yayinlari","10":"pa_yazar-neil-postman","12":"first","13":"instock","14":"sale","15":"shipping-taxable","16":"purchasable","17":"product-type-simple"},"_links":{"self":[{"href":"https:\/\/roveyayinevi.com.tr\/index.php\/wp-json\/wp\/v2\/product\/773317","targetHints":{"allow":["GET"]}}],"collection":[{"href":"https:\/\/roveyayinevi.com.tr\/index.php\/wp-json\/wp\/v2\/product"}],"about":[{"href":"https:\/\/roveyayinevi.com.tr\/index.php\/wp-json\/wp\/v2\/types\/product"}],"wp:attachment":[{"href":"https:\/\/roveyayinevi.com.tr\/index.php\/wp-json\/wp\/v2\/media?parent=773317"}],"wp:term":[{"taxonomy":"product_brand","embeddable":true,"href":"https:\/\/roveyayinevi.com.tr\/index.php\/wp-json\/wp\/v2\/product_brand?post=773317"},{"taxonomy":"product_cat","embeddable":true,"href":"https:\/\/roveyayinevi.com.tr\/index.php\/wp-json\/wp\/v2\/product_cat?post=773317"},{"taxonomy":"product_tag","embeddable":true,"href":"https:\/\/roveyayinevi.com.tr\/index.php\/wp-json\/wp\/v2\/product_tag?post=773317"}],"curies":[{"name":"wp","href":"https:\/\/api.w.org\/{rel}","templated":true}]}}