{"id":773313,"date":"2025-08-28T16:11:46","date_gmt":"2025-08-28T13:11:46","guid":{"rendered":"https:\/\/roveyayinevi.com.tr\/index.php\/urun\/sakin-disciyi-korkutma\/"},"modified":"2026-04-15T03:39:28","modified_gmt":"2026-04-15T00:39:28","slug":"sakin-disciyi-korkutma","status":"publish","type":"product","link":"https:\/\/roveyayinevi.com.tr\/index.php\/urun\/sakin-disciyi-korkutma\/","title":{"rendered":"Sak\u0131n Di\u015f\u00e7iyi Korkutma"},"content":{"rendered":"<p>C\u00dcNEYT S\u00dcPER B\u0130R D\u0130\u015e\u00c7\u0130D\u0130R SADECE B\u0130R \u015eEYDEN H\u0130\u00c7 HO\u015eLANMAZ\u2026 Bu kitab\u0131 herkes okumal\u0131. Sam Smith m\u00fcthi\u015f! Bu kitapla hayat\u0131ma ne\u015fe dolgusu yapt\u0131rd\u0131m. Bu kitap bana ger\u00e7ekten yard\u0131mc\u0131 oldu. Bu kitab\u0131 okuduktan sonra art\u0131k korkmuyorum. Bu kitab\u0131 \u00f6neririm!<\/p>\n","protected":false},"excerpt":{"rendered":"<p>C\u00dcNEYT S\u00dcPER B\u0130R D\u0130\u015e\u00c7\u0130D\u0130R SADECE B\u0130R \u015eEYDEN H\u0130\u00c7 HO\u015eLANMAZ\u2026 Bu kitab\u0131 herkes okumal\u0131. Sam Smith m\u00fcthi\u015f! Bu kitapla hayat\u0131ma ne\u015fe dolgusu yapt\u0131rd\u0131m. Bu kitap bana ger\u00e7ekten<span class=\"excerpt-hellip\"> [\u2026]<\/span><\/p>\n","protected":false},"featured_media":0,"template":"","meta":{"_monsterinsights_skip_tracking":false,"_monsterinsights_sitenote_active":false,"_monsterinsights_sitenote_note":"","_monsterinsights_sitenote_category":0},"product_brand":[],"product_cat":[12274,12518],"product_tag":[],"class_list":{"0":"post-773313","1":"product","2":"type-product","3":"status-publish","5":"product_cat-cocuk-ve-genclik-kitaplari","6":"product_cat-okul-oncesi-kitaplar","7":"pa_cilt-ciltsiz","8":"pa_tur-kitap","9":"pa_yayinevi-koc-universitesi-yayinlari","10":"pa_yazar-sam-smith","12":"first","13":"instock","14":"sale","15":"shipping-taxable","16":"purchasable","17":"product-type-simple"},"_links":{"self":[{"href":"https:\/\/roveyayinevi.com.tr\/index.php\/wp-json\/wp\/v2\/product\/773313","targetHints":{"allow":["GET"]}}],"collection":[{"href":"https:\/\/roveyayinevi.com.tr\/index.php\/wp-json\/wp\/v2\/product"}],"about":[{"href":"https:\/\/roveyayinevi.com.tr\/index.php\/wp-json\/wp\/v2\/types\/product"}],"wp:attachment":[{"href":"https:\/\/roveyayinevi.com.tr\/index.php\/wp-json\/wp\/v2\/media?parent=773313"}],"wp:term":[{"taxonomy":"product_brand","embeddable":true,"href":"https:\/\/roveyayinevi.com.tr\/index.php\/wp-json\/wp\/v2\/product_brand?post=773313"},{"taxonomy":"product_cat","embeddable":true,"href":"https:\/\/roveyayinevi.com.tr\/index.php\/wp-json\/wp\/v2\/product_cat?post=773313"},{"taxonomy":"product_tag","embeddable":true,"href":"https:\/\/roveyayinevi.com.tr\/index.php\/wp-json\/wp\/v2\/product_tag?post=773313"}],"curies":[{"name":"wp","href":"https:\/\/api.w.org\/{rel}","templated":true}]}}