{"id":773312,"date":"2025-08-28T16:11:44","date_gmt":"2025-08-28T13:11:44","guid":{"rendered":"https:\/\/roveyayinevi.com.tr\/index.php\/urun\/nilayin-harika-montu\/"},"modified":"2026-04-15T03:39:28","modified_gmt":"2026-04-15T00:39:28","slug":"nilayin-harika-montu","status":"publish","type":"product","link":"https:\/\/roveyayinevi.com.tr\/index.php\/urun\/nilayin-harika-montu\/","title":{"rendered":"Nilay&#8217;\u0131n Harika Montu"},"content":{"rendered":"<p>N\u0130LAY SONUNDA HAYALLER\u0130N\u0130 S\u00dcSLEYEN MONTU BULDU AMA BELK\u0130 DE BU MONT BA\u015eKA B\u0130R\u0130N\u0130N DAHA \u00c7OK \u0130\u015e\u0130NE YARAYAB\u0130L\u0130R. \u0130steklerle ihtiya\u00e7lar aras\u0131nda denge kurman\u0131n \u00f6nemini anlatan bu hik\u00e2yede Nilay, Dayan\u0131\u015fma D\u00fckkan\u0131\u2019nda harika bir mont g\u00f6r\u00fcr ama ailesi ba\u015fka bir \u00e7ocu\u011fun bu monta daha \u00e7ok ihtiyac\u0131 oldu\u011funu fark eder.<\/p>\n","protected":false},"excerpt":{"rendered":"<p>N\u0130LAY SONUNDA HAYALLER\u0130N\u0130 S\u00dcSLEYEN MONTU BULDU AMA BELK\u0130 DE BU MONT BA\u015eKA B\u0130R\u0130N\u0130N DAHA \u00c7OK \u0130\u015e\u0130NE YARAYAB\u0130L\u0130R. \u0130steklerle ihtiya\u00e7lar aras\u0131nda denge kurman\u0131n \u00f6nemini anlatan bu hik\u00e2yede<span class=\"excerpt-hellip\"> [\u2026]<\/span><\/p>\n","protected":false},"featured_media":0,"template":"","meta":{"_monsterinsights_skip_tracking":false,"_monsterinsights_sitenote_active":false,"_monsterinsights_sitenote_note":"","_monsterinsights_sitenote_category":0},"product_brand":[],"product_cat":[12274,12518],"product_tag":[],"class_list":{"0":"post-773312","1":"product","2":"type-product","3":"status-publish","5":"product_cat-cocuk-ve-genclik-kitaplari","6":"product_cat-okul-oncesi-kitaplar","7":"pa_cilt-ciltsiz","8":"pa_tur-kitap","9":"pa_yayinevi-koc-universitesi-yayinlari","10":"pa_yazar-norene-paulson","12":"first","13":"instock","14":"sale","15":"shipping-taxable","16":"purchasable","17":"product-type-simple"},"_links":{"self":[{"href":"https:\/\/roveyayinevi.com.tr\/index.php\/wp-json\/wp\/v2\/product\/773312","targetHints":{"allow":["GET"]}}],"collection":[{"href":"https:\/\/roveyayinevi.com.tr\/index.php\/wp-json\/wp\/v2\/product"}],"about":[{"href":"https:\/\/roveyayinevi.com.tr\/index.php\/wp-json\/wp\/v2\/types\/product"}],"wp:attachment":[{"href":"https:\/\/roveyayinevi.com.tr\/index.php\/wp-json\/wp\/v2\/media?parent=773312"}],"wp:term":[{"taxonomy":"product_brand","embeddable":true,"href":"https:\/\/roveyayinevi.com.tr\/index.php\/wp-json\/wp\/v2\/product_brand?post=773312"},{"taxonomy":"product_cat","embeddable":true,"href":"https:\/\/roveyayinevi.com.tr\/index.php\/wp-json\/wp\/v2\/product_cat?post=773312"},{"taxonomy":"product_tag","embeddable":true,"href":"https:\/\/roveyayinevi.com.tr\/index.php\/wp-json\/wp\/v2\/product_tag?post=773312"}],"curies":[{"name":"wp","href":"https:\/\/api.w.org\/{rel}","templated":true}]}}