{"id":773311,"date":"2025-08-28T16:11:41","date_gmt":"2025-08-28T13:11:41","guid":{"rendered":"https:\/\/roveyayinevi.com.tr\/index.php\/urun\/eglenceli-sorular-ilginc-cevaplar-gezegenimiz\/"},"modified":"2026-04-15T03:39:28","modified_gmt":"2026-04-15T00:39:28","slug":"eglenceli-sorular-ilginc-cevaplar-gezegenimiz","status":"publish","type":"product","link":"https:\/\/roveyayinevi.com.tr\/index.php\/urun\/eglenceli-sorular-ilginc-cevaplar-gezegenimiz\/","title":{"rendered":"E\u011flenceli Sorular \u0130lgin\u00e7 Cevaplar &#8211; Gezegenimiz"},"content":{"rendered":"<p>\u00c7ikolatayla ARABALAR \u00e7al\u0131\u015fabilir mi? G\u00d6KKU\u015eAKLARI nas\u0131l olu\u015fur? Senin de akl\u0131nda bir s\u00fcr\u00fc \u0130LG\u0130N\u00c7 soru var m\u0131? \u0130lham verici cevaplarla dolu bir kitap! Gezegenimizle ilgili tuhaf, harika ve inan\u0131lmaz ger\u00e7ekleri, e\u011flenceli \u00e7izimler ve bilimsel bilgiler e\u015fli\u011finde ke\u015ffet. Neden BU KADAR koca kulaklar\u0131m var ki?<\/p>\n","protected":false},"excerpt":{"rendered":"<p>\u00c7ikolatayla ARABALAR \u00e7al\u0131\u015fabilir mi? G\u00d6KKU\u015eAKLARI nas\u0131l olu\u015fur? Senin de akl\u0131nda bir s\u00fcr\u00fc \u0130LG\u0130N\u00c7 soru var m\u0131? \u0130lham verici cevaplarla dolu bir kitap! Gezegenimizle ilgili tuhaf, harika<span class=\"excerpt-hellip\"> [\u2026]<\/span><\/p>\n","protected":false},"featured_media":0,"template":"","meta":{"_monsterinsights_skip_tracking":false,"_monsterinsights_sitenote_active":false,"_monsterinsights_sitenote_note":"","_monsterinsights_sitenote_category":0},"product_brand":[],"product_cat":[13829,12274],"product_tag":[],"class_list":{"0":"post-773311","1":"product","2":"type-product","3":"status-publish","5":"product_cat-bilimsel-kitaplar","6":"product_cat-cocuk-ve-genclik-kitaplari","7":"pa_cilt-ciltsiz","8":"pa_tur-kitap","9":"pa_yayinevi-koc-universitesi-yayinlari","10":"pa_yazar-camilla-de-la-bedoyere","12":"first","13":"instock","14":"sale","15":"shipping-taxable","16":"purchasable","17":"product-type-simple"},"_links":{"self":[{"href":"https:\/\/roveyayinevi.com.tr\/index.php\/wp-json\/wp\/v2\/product\/773311","targetHints":{"allow":["GET"]}}],"collection":[{"href":"https:\/\/roveyayinevi.com.tr\/index.php\/wp-json\/wp\/v2\/product"}],"about":[{"href":"https:\/\/roveyayinevi.com.tr\/index.php\/wp-json\/wp\/v2\/types\/product"}],"wp:attachment":[{"href":"https:\/\/roveyayinevi.com.tr\/index.php\/wp-json\/wp\/v2\/media?parent=773311"}],"wp:term":[{"taxonomy":"product_brand","embeddable":true,"href":"https:\/\/roveyayinevi.com.tr\/index.php\/wp-json\/wp\/v2\/product_brand?post=773311"},{"taxonomy":"product_cat","embeddable":true,"href":"https:\/\/roveyayinevi.com.tr\/index.php\/wp-json\/wp\/v2\/product_cat?post=773311"},{"taxonomy":"product_tag","embeddable":true,"href":"https:\/\/roveyayinevi.com.tr\/index.php\/wp-json\/wp\/v2\/product_tag?post=773311"}],"curies":[{"name":"wp","href":"https:\/\/api.w.org\/{rel}","templated":true}]}}