{"id":773309,"date":"2025-08-28T16:11:37","date_gmt":"2025-08-28T13:11:37","guid":{"rendered":"https:\/\/roveyayinevi.com.tr\/index.php\/urun\/beynin-maceralarii-beynin-dusunceleri\/"},"modified":"2026-04-15T03:39:28","modified_gmt":"2026-04-15T00:39:28","slug":"beynin-maceralarii-beynin-dusunceleri","status":"publish","type":"product","link":"https:\/\/roveyayinevi.com.tr\/index.php\/urun\/beynin-maceralarii-beynin-dusunceleri\/","title":{"rendered":"Beynin Maceralar\u0131\u0131 &#8211; Beynin D\u00fc\u015f\u00fcnceleri"},"content":{"rendered":"<p>Beynin Maceralar\u0131\u2019nda kahraman\u0131m\u0131z Beyin bir \u00e7izgi roman karakteri, ama bizim t\u00fcm \u00f6zelliklerimizi de ta\u015f\u0131yor. Serinin \u00fc\u00e7\u00fcnc\u00fc kitab\u0131 olan Beynin D\u00fc\u015f\u00fcnceleri\u2019nde, beynin belle\u011fi nas\u0131l kulland\u0131\u011f\u0131n\u0131, nas\u0131l yeni beceriler \u00f6\u011frendi\u011fini ve ileti\u015fim kurdu\u011funu e\u011flenceli bir \u015fekilde \u00f6\u011frenebilirsin. Fikrimizi de\u011fi\u015ftirdi\u011fimizde veya akl\u0131m\u0131za yeni bir fikir geldi\u011finde beynimizde neler oluyor? Bu sorular\u0131n yan\u0131tlar\u0131n\u0131 ve beyninle ilgili daha bir\u00e7ok ilgin\u00e7 bilgiyi ke\u015ffetmeye haz\u0131r m\u0131s\u0131n? Oxford \u00dcniversitesi \u00d6\u011fretim \u00dcyesi Do\u00e7. Dr. Sanjay Manohar, \u00e7al\u0131\u015fmalar\u0131n\u0131 n\u00f6roloji ve bili\u015fsel sinirbilim alanlar\u0131nda s\u00fcrd\u00fcren \u00f6nde gelen bir bilim insan\u0131d\u0131r.<\/p>\n","protected":false},"excerpt":{"rendered":"<p>Beynin Maceralar\u0131\u2019nda kahraman\u0131m\u0131z Beyin bir \u00e7izgi roman karakteri, ama bizim t\u00fcm \u00f6zelliklerimizi de ta\u015f\u0131yor. Serinin \u00fc\u00e7\u00fcnc\u00fc kitab\u0131 olan Beynin D\u00fc\u015f\u00fcnceleri\u2019nde, beynin belle\u011fi nas\u0131l kulland\u0131\u011f\u0131n\u0131, nas\u0131l yeni<span class=\"excerpt-hellip\"> [\u2026]<\/span><\/p>\n","protected":false},"featured_media":0,"template":"","meta":{"_monsterinsights_skip_tracking":false,"_monsterinsights_sitenote_active":false,"_monsterinsights_sitenote_note":"","_monsterinsights_sitenote_category":0},"product_brand":[],"product_cat":[13829,12274],"product_tag":[],"class_list":{"0":"post-773309","1":"product","2":"type-product","3":"status-publish","5":"product_cat-bilimsel-kitaplar","6":"product_cat-cocuk-ve-genclik-kitaplari","7":"pa_cilt-ciltsiz","8":"pa_tur-kitap","9":"pa_yayinevi-koc-universitesi-yayinlari","10":"pa_yazar-sanjay-manohar","12":"first","13":"instock","14":"sale","15":"shipping-taxable","16":"purchasable","17":"product-type-simple"},"_links":{"self":[{"href":"https:\/\/roveyayinevi.com.tr\/index.php\/wp-json\/wp\/v2\/product\/773309","targetHints":{"allow":["GET"]}}],"collection":[{"href":"https:\/\/roveyayinevi.com.tr\/index.php\/wp-json\/wp\/v2\/product"}],"about":[{"href":"https:\/\/roveyayinevi.com.tr\/index.php\/wp-json\/wp\/v2\/types\/product"}],"wp:attachment":[{"href":"https:\/\/roveyayinevi.com.tr\/index.php\/wp-json\/wp\/v2\/media?parent=773309"}],"wp:term":[{"taxonomy":"product_brand","embeddable":true,"href":"https:\/\/roveyayinevi.com.tr\/index.php\/wp-json\/wp\/v2\/product_brand?post=773309"},{"taxonomy":"product_cat","embeddable":true,"href":"https:\/\/roveyayinevi.com.tr\/index.php\/wp-json\/wp\/v2\/product_cat?post=773309"},{"taxonomy":"product_tag","embeddable":true,"href":"https:\/\/roveyayinevi.com.tr\/index.php\/wp-json\/wp\/v2\/product_tag?post=773309"}],"curies":[{"name":"wp","href":"https:\/\/api.w.org\/{rel}","templated":true}]}}