{"id":773308,"date":"2025-08-28T16:11:34","date_gmt":"2025-08-28T13:11:34","guid":{"rendered":"https:\/\/roveyayinevi.com.tr\/index.php\/urun\/3-dakikada-bilim-2-harika-icatlar\/"},"modified":"2026-01-28T04:03:01","modified_gmt":"2026-01-28T01:03:01","slug":"3-dakikada-bilim-2-harika-icatlar","status":"publish","type":"product","link":"https:\/\/roveyayinevi.com.tr\/index.php\/urun\/3-dakikada-bilim-2-harika-icatlar\/","title":{"rendered":"3 Dakikada Bilim-2 \/ Harika \u0130catlar"},"content":{"rendered":"<p>Bir fincan kahveyle ba\u015flayan sabah\u0131n\u0131zda, elektri\u011fi a\u00e7\u0131yor, di\u015flerinizi f\u0131r\u00e7al\u0131yor, bir tu\u015fla internete ba\u011flan\u0131yorsunuz\u2026 Peki hi\u00e7 d\u00fc\u015f\u00fcnd\u00fcn\u00fcz m\u00fc, hayat\u0131m\u0131z\u0131 kolayla\u015ft\u0131ran bu \u015feyler nas\u0131l icat edildi? Bu kitapta;  Konserve kutular\u0131n\u0131n cephedeki askerleri nas\u0131l doyurdu\u011funu,  Elektri\u011fin neden karanl\u0131\u011fa en b\u00fcy\u00fck sava\u015f a\u00e7an icat oldu\u011funu,  Bir ilac\u0131n koca bir \u015fehri nas\u0131l kurtard\u0131\u011f\u0131n\u0131,  \u0130nternetin d\u00fcnyay\u0131 nas\u0131l tek bir tu\u015fa d\u00f6n\u00fc\u015ft\u00fcrd\u00fc\u011f\u00fcn\u00fc \u00f6\u011freneceksiniz. Her biri 3 dakikada okuyabilece\u011finiz k\u0131sa, e\u011flenceli ve \u00e7arp\u0131c\u0131 bilgilerle; tarihi, bilimi ve g\u00fcnl\u00fck hayat\u0131 yeniden ke\u015ffetmeye haz\u0131r olun! D\u00fcnyay\u0131 de\u011fi\u015ftiren fikirlerin izinde, \u015fimdi s\u0131ra sizde! <\/p>\n","protected":false},"excerpt":{"rendered":"<p>Bir fincan kahveyle ba\u015flayan sabah\u0131n\u0131zda, elektri\u011fi a\u00e7\u0131yor, di\u015flerinizi f\u0131r\u00e7al\u0131yor, bir tu\u015fla internete ba\u011flan\u0131yorsunuz\u2026 Peki hi\u00e7 d\u00fc\u015f\u00fcnd\u00fcn\u00fcz m\u00fc, hayat\u0131m\u0131z\u0131 kolayla\u015ft\u0131ran bu \u015feyler nas\u0131l icat edildi? Bu kitapta;<span class=\"excerpt-hellip\"> [\u2026]<\/span><\/p>\n","protected":false},"featured_media":0,"template":"","meta":{"_monsterinsights_skip_tracking":false,"_monsterinsights_sitenote_active":false,"_monsterinsights_sitenote_note":"","_monsterinsights_sitenote_category":0},"product_brand":[],"product_cat":[13829,12274],"product_tag":[],"class_list":{"0":"post-773308","1":"product","2":"type-product","3":"status-publish","5":"product_cat-bilimsel-kitaplar","6":"product_cat-cocuk-ve-genclik-kitaplari","7":"pa_cilt-ciltsiz","8":"pa_tur-kitap","9":"pa_yayinevi-aile-yayinlari","10":"pa_yazar-kolektif","12":"first","13":"instock","14":"sale","15":"shipping-taxable","16":"purchasable","17":"product-type-simple"},"_links":{"self":[{"href":"https:\/\/roveyayinevi.com.tr\/index.php\/wp-json\/wp\/v2\/product\/773308","targetHints":{"allow":["GET"]}}],"collection":[{"href":"https:\/\/roveyayinevi.com.tr\/index.php\/wp-json\/wp\/v2\/product"}],"about":[{"href":"https:\/\/roveyayinevi.com.tr\/index.php\/wp-json\/wp\/v2\/types\/product"}],"wp:attachment":[{"href":"https:\/\/roveyayinevi.com.tr\/index.php\/wp-json\/wp\/v2\/media?parent=773308"}],"wp:term":[{"taxonomy":"product_brand","embeddable":true,"href":"https:\/\/roveyayinevi.com.tr\/index.php\/wp-json\/wp\/v2\/product_brand?post=773308"},{"taxonomy":"product_cat","embeddable":true,"href":"https:\/\/roveyayinevi.com.tr\/index.php\/wp-json\/wp\/v2\/product_cat?post=773308"},{"taxonomy":"product_tag","embeddable":true,"href":"https:\/\/roveyayinevi.com.tr\/index.php\/wp-json\/wp\/v2\/product_tag?post=773308"}],"curies":[{"name":"wp","href":"https:\/\/api.w.org\/{rel}","templated":true}]}}