{"id":773307,"date":"2025-08-28T16:11:32","date_gmt":"2025-08-28T13:11:32","guid":{"rendered":"https:\/\/roveyayinevi.com.tr\/index.php\/urun\/sille-3-masumlari-korumak-icin-mucadeleye-devam\/"},"modified":"2026-01-28T04:03:01","modified_gmt":"2026-01-28T01:03:01","slug":"sille-3-masumlari-korumak-icin-mucadeleye-devam","status":"publish","type":"product","link":"https:\/\/roveyayinevi.com.tr\/index.php\/urun\/sille-3-masumlari-korumak-icin-mucadeleye-devam\/","title":{"rendered":"Sille-3 \/  Masumlar\u0131 Korumak \u0130\u00e7in M\u00fccadeleye Devam"},"content":{"rendered":"<p>Yeni\u00e7eri Tokat\u00e7\u0131 Pa\u015fa\u2019n\u0131n torunu Cemil Sille ve zek\u00e2s\u0131yla g\u00f6z dolduran Kendo Hande bu defa \u00e7ok ama \u00e7ok karanl\u0131k bir maceran\u0131n tam ortas\u0131nda! Papaz Martin\u2019in b\u00fcy\u00fcl\u00fc kitab\u0131ndan \u00e7\u0131kan Dunganga, g\u00f6lgelerle sinsice dola\u015f\u0131yor. Cadde ortas\u0131nda dev bir ku\u015f oluyor, sonra pelerinli bir canavara d\u00f6n\u00fc\u015f\u00fcyor! Yetmiyor! Minicik kalan kahramanlar\u0131m\u0131z la\u011f\u0131m faresinden ka\u00e7\u0131yor! \u00dcstelik ekibe motorlu bir kahraman daha kat\u0131l\u0131yor: Maaariiiyyyyyyaaaa! Osmanl\u0131 tokad\u0131yla birlikte dostluk, cesaret ve biraz da aksiyon devreye giriyor! Acaba Cemil bu kez ne yapacak? Silleciler, kemerlerinizi ba\u011flay\u0131n! Bu tokat biraz sarsabilir! <\/p>\n","protected":false},"excerpt":{"rendered":"<p>Yeni\u00e7eri Tokat\u00e7\u0131 Pa\u015fa\u2019n\u0131n torunu Cemil Sille ve zek\u00e2s\u0131yla g\u00f6z dolduran Kendo Hande bu defa \u00e7ok ama \u00e7ok karanl\u0131k bir maceran\u0131n tam ortas\u0131nda! Papaz Martin\u2019in b\u00fcy\u00fcl\u00fc kitab\u0131ndan<span class=\"excerpt-hellip\"> [\u2026]<\/span><\/p>\n","protected":false},"featured_media":0,"template":"","meta":{"_monsterinsights_skip_tracking":false,"_monsterinsights_sitenote_active":false,"_monsterinsights_sitenote_note":"","_monsterinsights_sitenote_category":0},"product_brand":[],"product_cat":[12689,12274],"product_tag":[],"class_list":{"0":"post-773307","1":"product","2":"type-product","3":"status-publish","5":"product_cat-cizgi-roman-cocuk-ve-genclik-kitaplari","6":"product_cat-cocuk-ve-genclik-kitaplari","7":"pa_cilt-ciltsiz","8":"pa_tur-kitap","9":"pa_yayinevi-aile-yayinlari","10":"pa_yazar-umut-bayrak","12":"first","13":"instock","14":"sale","15":"shipping-taxable","16":"purchasable","17":"product-type-simple"},"_links":{"self":[{"href":"https:\/\/roveyayinevi.com.tr\/index.php\/wp-json\/wp\/v2\/product\/773307","targetHints":{"allow":["GET"]}}],"collection":[{"href":"https:\/\/roveyayinevi.com.tr\/index.php\/wp-json\/wp\/v2\/product"}],"about":[{"href":"https:\/\/roveyayinevi.com.tr\/index.php\/wp-json\/wp\/v2\/types\/product"}],"wp:attachment":[{"href":"https:\/\/roveyayinevi.com.tr\/index.php\/wp-json\/wp\/v2\/media?parent=773307"}],"wp:term":[{"taxonomy":"product_brand","embeddable":true,"href":"https:\/\/roveyayinevi.com.tr\/index.php\/wp-json\/wp\/v2\/product_brand?post=773307"},{"taxonomy":"product_cat","embeddable":true,"href":"https:\/\/roveyayinevi.com.tr\/index.php\/wp-json\/wp\/v2\/product_cat?post=773307"},{"taxonomy":"product_tag","embeddable":true,"href":"https:\/\/roveyayinevi.com.tr\/index.php\/wp-json\/wp\/v2\/product_tag?post=773307"}],"curies":[{"name":"wp","href":"https:\/\/api.w.org\/{rel}","templated":true}]}}