{"id":773306,"date":"2025-08-28T16:11:30","date_gmt":"2025-08-28T13:11:30","guid":{"rendered":"https:\/\/roveyayinevi.com.tr\/index.php\/urun\/beni-aya-gotur-2\/"},"modified":"2026-04-15T03:39:28","modified_gmt":"2026-04-15T00:39:28","slug":"beni-aya-gotur-2","status":"publish","type":"product","link":"https:\/\/roveyayinevi.com.tr\/index.php\/urun\/beni-aya-gotur-2\/","title":{"rendered":"Beni Ay&#8217;a G\u00f6t\u00fcr &#8211; 2"},"content":{"rendered":"<p>NASA VE A\u015eIRI TATLI GEL\u0130N\u0130 TSUKASA, A\u015eK DOLU YEN\u0130 EVL\u0130L\u0130K HAYATLARINA BA\u015eLADI.Evlendiler ama ortada ne d\u00fc\u011f\u00fcn ne y\u00fcz\u00fck ne de teklif vard\u0131. Acaba damat, gelini mutlu edebilecek mi?! Daha fazla a\u015fk ve birbiri ard\u0131na ortaya \u00e7\u0131kan yeni karakterlerle mutluluk dolu 2. Cilt kar\u015f\u0131n\u0131zda!<\/p>\n","protected":false},"excerpt":{"rendered":"<p>NASA VE A\u015eIRI TATLI GEL\u0130N\u0130 TSUKASA, A\u015eK DOLU YEN\u0130 EVL\u0130L\u0130K HAYATLARINA BA\u015eLADI.Evlendiler ama ortada ne d\u00fc\u011f\u00fcn ne y\u00fcz\u00fck ne de teklif vard\u0131. Acaba damat, gelini mutlu<span class=\"excerpt-hellip\"> [\u2026]<\/span><\/p>\n","protected":false},"featured_media":0,"template":"","meta":{"_monsterinsights_skip_tracking":false,"_monsterinsights_sitenote_active":false,"_monsterinsights_sitenote_note":"","_monsterinsights_sitenote_category":0},"product_brand":[],"product_cat":[12416,12291],"product_tag":[],"class_list":{"0":"post-773306","1":"product","2":"type-product","3":"status-publish","5":"product_cat-cizgi-roman","6":"product_cat-edebiyat","7":"pa_cilt-ciltsiz","8":"pa_tur-kitap","9":"pa_yayinevi-kayip-kita-yayinlari","10":"pa_yazar-kenjiro-hata","12":"first","13":"instock","14":"sale","15":"shipping-taxable","16":"purchasable","17":"product-type-simple"},"_links":{"self":[{"href":"https:\/\/roveyayinevi.com.tr\/index.php\/wp-json\/wp\/v2\/product\/773306","targetHints":{"allow":["GET"]}}],"collection":[{"href":"https:\/\/roveyayinevi.com.tr\/index.php\/wp-json\/wp\/v2\/product"}],"about":[{"href":"https:\/\/roveyayinevi.com.tr\/index.php\/wp-json\/wp\/v2\/types\/product"}],"wp:attachment":[{"href":"https:\/\/roveyayinevi.com.tr\/index.php\/wp-json\/wp\/v2\/media?parent=773306"}],"wp:term":[{"taxonomy":"product_brand","embeddable":true,"href":"https:\/\/roveyayinevi.com.tr\/index.php\/wp-json\/wp\/v2\/product_brand?post=773306"},{"taxonomy":"product_cat","embeddable":true,"href":"https:\/\/roveyayinevi.com.tr\/index.php\/wp-json\/wp\/v2\/product_cat?post=773306"},{"taxonomy":"product_tag","embeddable":true,"href":"https:\/\/roveyayinevi.com.tr\/index.php\/wp-json\/wp\/v2\/product_tag?post=773306"}],"curies":[{"name":"wp","href":"https:\/\/api.w.org\/{rel}","templated":true}]}}