{"id":773303,"date":"2025-08-28T16:11:24","date_gmt":"2025-08-28T13:11:24","guid":{"rendered":"https:\/\/roveyayinevi.com.tr\/index.php\/urun\/okuma-notlari-2\/"},"modified":"2026-04-15T03:39:28","modified_gmt":"2026-04-15T00:39:28","slug":"okuma-notlari-2","status":"publish","type":"product","link":"https:\/\/roveyayinevi.com.tr\/index.php\/urun\/okuma-notlari-2\/","title":{"rendered":"Okuma Notlar\u0131"},"content":{"rendered":"<p>Hilmi Yavuz\u2019un Okuma Notlar\u0131\u2019n\u0131n ilk bask\u0131s\u0131 1993\u2019te okurla bulu\u015fmu\u015ftu. \u0130kinci bask\u0131s\u0131 2003\u2019te, \u00fc\u00e7\u00fcnc\u00fc bask\u0131s\u0131 ise 2017\u2019de yap\u0131ld\u0131.   \u015eimdi, bu d\u00f6rd\u00fcnc\u00fc bask\u0131da Okuma Notlar\u0131 fikir \u00fcretiminin etosuna ve tarihine vak\u0131f, son derece merakl\u0131 ve i\u015flek bir zihnin t\u00fcm olanaklar\u0131yla metinlerde gezinmeye devam ediyor: Hilmi Yavuz, b\u00fcy\u00fck bir zevkle okuyor, yazarlar\u0131n okuma ve yazma deneyimlerini, metinler aras\u0131 ba\u011flant\u0131lar\u0131 not ediyor, vahim \u00e7eviri hatalar\u0131na dikkat \u00e7ekiyor, k\u0131y\u0131da kalm\u0131\u015f metinleri hayata \u00e7a\u011f\u0131r\u0131yor.   Okuma Notlar\u0131 bir okurun bir ba\u015fka okura g\u00f6nderdi\u011fi, zihin haritas\u0131n\u0131n edebiyat, felsefe, tarih, k\u00fclt\u00fcr u\u011fraklar\u0131nda bir seyahat daveti. <\/p>\n","protected":false},"excerpt":{"rendered":"<p>Hilmi Yavuz\u2019un Okuma Notlar\u0131\u2019n\u0131n ilk bask\u0131s\u0131 1993\u2019te okurla bulu\u015fmu\u015ftu. \u0130kinci bask\u0131s\u0131 2003\u2019te, \u00fc\u00e7\u00fcnc\u00fc bask\u0131s\u0131 ise 2017\u2019de yap\u0131ld\u0131. \u015eimdi, bu d\u00f6rd\u00fcnc\u00fc bask\u0131da Okuma Notlar\u0131 fikir \u00fcretiminin etosuna<span class=\"excerpt-hellip\"> [\u2026]<\/span><\/p>\n","protected":false},"featured_media":0,"template":"","meta":{"_monsterinsights_skip_tracking":false,"_monsterinsights_sitenote_active":false,"_monsterinsights_sitenote_note":"","_monsterinsights_sitenote_category":0},"product_brand":[],"product_cat":[12777,12291],"product_tag":[],"class_list":{"0":"post-773303","1":"product","2":"type-product","3":"status-publish","5":"product_cat-deneme","6":"product_cat-edebiyat","7":"pa_cilt-ciltsiz","8":"pa_tur-kitap","9":"pa_yayinevi-everest-yayinlari","10":"pa_yazar-hilmi-yavuz","12":"first","13":"instock","14":"sale","15":"shipping-taxable","16":"purchasable","17":"product-type-simple"},"_links":{"self":[{"href":"https:\/\/roveyayinevi.com.tr\/index.php\/wp-json\/wp\/v2\/product\/773303","targetHints":{"allow":["GET"]}}],"collection":[{"href":"https:\/\/roveyayinevi.com.tr\/index.php\/wp-json\/wp\/v2\/product"}],"about":[{"href":"https:\/\/roveyayinevi.com.tr\/index.php\/wp-json\/wp\/v2\/types\/product"}],"wp:attachment":[{"href":"https:\/\/roveyayinevi.com.tr\/index.php\/wp-json\/wp\/v2\/media?parent=773303"}],"wp:term":[{"taxonomy":"product_brand","embeddable":true,"href":"https:\/\/roveyayinevi.com.tr\/index.php\/wp-json\/wp\/v2\/product_brand?post=773303"},{"taxonomy":"product_cat","embeddable":true,"href":"https:\/\/roveyayinevi.com.tr\/index.php\/wp-json\/wp\/v2\/product_cat?post=773303"},{"taxonomy":"product_tag","embeddable":true,"href":"https:\/\/roveyayinevi.com.tr\/index.php\/wp-json\/wp\/v2\/product_tag?post=773303"}],"curies":[{"name":"wp","href":"https:\/\/api.w.org\/{rel}","templated":true}]}}