{"id":773300,"date":"2025-08-28T16:11:18","date_gmt":"2025-08-28T13:11:18","guid":{"rendered":"https:\/\/roveyayinevi.com.tr\/index.php\/urun\/rindane-rubailer-ve-sozler-1\/"},"modified":"2026-04-15T03:39:28","modified_gmt":"2026-04-15T00:39:28","slug":"rindane-rubailer-ve-sozler-1","status":"publish","type":"product","link":"https:\/\/roveyayinevi.com.tr\/index.php\/urun\/rindane-rubailer-ve-sozler-1\/","title":{"rendered":"Rindane \/ Rubailer ve S\u00f6zler -1-"},"content":{"rendered":"<p>Kaynaklarda ve baz\u0131 s\u00f6zl\u00fcklerde \u201crind\u201d; g\u00f6r\u00fcn\u00fc\u015fe ve d\u00fcnya i\u015flerine de\u011fer vermeyen, kurallardan uzak, b\u00fct\u00fcn varl\u0131\u011f\u0131 kendi i\u00e7 d\u00fcnyas\u0131na g\u00f6re de\u011ferlendiren, g\u00f6n\u00fcl g\u00f6z\u00fcyle g\u00f6ren, ho\u015fg\u00f6r\u00fcl\u00fc, kalender, derbeder ve serke\u015f ya\u015fay\u0131\u015f\u0131n\u0131n tersine arif, olgun ve g\u00f6n\u00fcl ehli kimseler olarak tan\u0131mlan\u0131r. \u201cRind\u00e2ne\u201d ise; rint\u00e7e, rint\u00e7esine, rint gibi davranan anlam\u0131na gelir. Yazar, \u015fair, ara\u015ft\u0131rmac\u0131 Selahattin Aydemir\u2019in rintv\u00e2r\u00ee yazd\u0131\u011f\u0131 \u015fiirler, d\u00f6rtl\u00fckler, rubai tarz\u0131 s\u00f6yleyi\u015fler ve s\u00f6zler bu kitapta yer almaktad\u0131r. Y\u00fcce Yaradan\u2019\u0131n \u201cBen gizli bir hazine  idim. Bilinmek istedim ve Adem\u2019i yaratt\u0131m.\u201d kel\u00e2m\u0131na g\u00f6re; insano\u011flu bu gizli s\u0131rr\u0131, bilmek i\u00e7in \u00e7\u0131rp\u0131n\u0131yor. Rintlerin bu s\u0131rr\u0131 rind\u00e2ne ya\u015fayarak bulmaya \u00e7al\u0131\u015ft\u0131\u011f\u0131n\u0131 kabullenen yazar Selahattin Aydemir, rubailerinde ve s\u00f6zlerinde. yazd\u0131klar\u0131nda; d\u00fc\u015f\u00fcnd\u00fcklerini s\u00f6yl\u00fcyor. <\/p>\n","protected":false},"excerpt":{"rendered":"<p>Kaynaklarda ve baz\u0131 s\u00f6zl\u00fcklerde \u201crind\u201d; g\u00f6r\u00fcn\u00fc\u015fe ve d\u00fcnya i\u015flerine de\u011fer vermeyen, kurallardan uzak, b\u00fct\u00fcn varl\u0131\u011f\u0131 kendi i\u00e7 d\u00fcnyas\u0131na g\u00f6re de\u011ferlendiren, g\u00f6n\u00fcl g\u00f6z\u00fcyle g\u00f6ren, ho\u015fg\u00f6r\u00fcl\u00fc, kalender, derbeder<span class=\"excerpt-hellip\"> [\u2026]<\/span><\/p>\n","protected":false},"featured_media":0,"template":"","meta":{"_monsterinsights_skip_tracking":false,"_monsterinsights_sitenote_active":false,"_monsterinsights_sitenote_note":"","_monsterinsights_sitenote_category":0},"product_brand":[],"product_cat":[12291,12509],"product_tag":[],"class_list":{"0":"post-773300","1":"product","2":"type-product","3":"status-publish","5":"product_cat-edebiyat","6":"product_cat-siir","7":"pa_cilt-ciltsiz","8":"pa_tur-kitap","9":"pa_yayinevi-kultur-ajans-yayinlari","10":"pa_yazar-selahattin-aydemir","12":"first","13":"instock","14":"sale","15":"shipping-taxable","16":"purchasable","17":"product-type-simple"},"_links":{"self":[{"href":"https:\/\/roveyayinevi.com.tr\/index.php\/wp-json\/wp\/v2\/product\/773300","targetHints":{"allow":["GET"]}}],"collection":[{"href":"https:\/\/roveyayinevi.com.tr\/index.php\/wp-json\/wp\/v2\/product"}],"about":[{"href":"https:\/\/roveyayinevi.com.tr\/index.php\/wp-json\/wp\/v2\/types\/product"}],"wp:attachment":[{"href":"https:\/\/roveyayinevi.com.tr\/index.php\/wp-json\/wp\/v2\/media?parent=773300"}],"wp:term":[{"taxonomy":"product_brand","embeddable":true,"href":"https:\/\/roveyayinevi.com.tr\/index.php\/wp-json\/wp\/v2\/product_brand?post=773300"},{"taxonomy":"product_cat","embeddable":true,"href":"https:\/\/roveyayinevi.com.tr\/index.php\/wp-json\/wp\/v2\/product_cat?post=773300"},{"taxonomy":"product_tag","embeddable":true,"href":"https:\/\/roveyayinevi.com.tr\/index.php\/wp-json\/wp\/v2\/product_tag?post=773300"}],"curies":[{"name":"wp","href":"https:\/\/api.w.org\/{rel}","templated":true}]}}