{"id":773296,"date":"2025-08-28T16:11:12","date_gmt":"2025-08-28T13:11:12","guid":{"rendered":"https:\/\/roveyayinevi.com.tr\/index.php\/urun\/kanunsuz-topraklar\/"},"modified":"2026-04-15T03:39:27","modified_gmt":"2026-04-15T00:39:27","slug":"kanunsuz-topraklar","status":"publish","type":"product","link":"https:\/\/roveyayinevi.com.tr\/index.php\/urun\/kanunsuz-topraklar\/","title":{"rendered":"Kanunsuz Topraklar"},"content":{"rendered":"<p>Beyaz topraklardan kurtulan do\u011fa turistleri ve u\u00e7ak kazazedelerinin kaderleri yeni ba\u015flamaktad\u0131r. NATO Gemisi\u2019ne binerek Kuzey Kutbu\u2019ndan d\u00fcnyan\u0131n g\u00fcvenli yerleri olan ada \u00fclkelerine gitmek zorundad\u0131rlar. \u00d6l\u00fcmc\u00fcl vir\u00fcs k\u0131talara yay\u0131lm\u0131\u015f, d\u00fcnya n\u00fcfusunun yar\u0131s\u0131ndan fazlas\u0131 \u00f6lm\u00fc\u015f ya da enfekte olmu\u015ftur. Kurtulanlar\u0131n se\u00e7imleri sa\u011fl\u0131kl\u0131 herkesin gelece\u011fini etkileyecektir.  T\u00fcm bunlar\u0131n \u00fcst\u00fcne Sibirya&#8217;da ki g\u00f6rd\u00fckleri \u00f6l\u00fcmc\u00fcl hastal\u0131k pe\u015flerinden gemiye gelmi\u015ftir. <\/p>\n","protected":false},"excerpt":{"rendered":"<p>Beyaz topraklardan kurtulan do\u011fa turistleri ve u\u00e7ak kazazedelerinin kaderleri yeni ba\u015flamaktad\u0131r. NATO Gemisi\u2019ne binerek Kuzey Kutbu\u2019ndan d\u00fcnyan\u0131n g\u00fcvenli yerleri olan ada \u00fclkelerine gitmek zorundad\u0131rlar. \u00d6l\u00fcmc\u00fcl vir\u00fcs<span class=\"excerpt-hellip\"> [\u2026]<\/span><\/p>\n","protected":false},"featured_media":0,"template":"","meta":{"_monsterinsights_skip_tracking":false,"_monsterinsights_sitenote_active":false,"_monsterinsights_sitenote_note":"","_monsterinsights_sitenote_category":0},"product_brand":[],"product_cat":[12291,12711],"product_tag":[],"class_list":{"0":"post-773296","1":"product","2":"type-product","3":"status-publish","5":"product_cat-edebiyat","6":"product_cat-roman-oyku","7":"pa_cilt-ciltsiz","8":"pa_tur-kitap","9":"pa_yayinevi-kmd-yayinlari","10":"pa_yazar-ertugrul-gazi-isik","12":"first","13":"instock","14":"sale","15":"shipping-taxable","16":"purchasable","17":"product-type-simple"},"_links":{"self":[{"href":"https:\/\/roveyayinevi.com.tr\/index.php\/wp-json\/wp\/v2\/product\/773296","targetHints":{"allow":["GET"]}}],"collection":[{"href":"https:\/\/roveyayinevi.com.tr\/index.php\/wp-json\/wp\/v2\/product"}],"about":[{"href":"https:\/\/roveyayinevi.com.tr\/index.php\/wp-json\/wp\/v2\/types\/product"}],"wp:attachment":[{"href":"https:\/\/roveyayinevi.com.tr\/index.php\/wp-json\/wp\/v2\/media?parent=773296"}],"wp:term":[{"taxonomy":"product_brand","embeddable":true,"href":"https:\/\/roveyayinevi.com.tr\/index.php\/wp-json\/wp\/v2\/product_brand?post=773296"},{"taxonomy":"product_cat","embeddable":true,"href":"https:\/\/roveyayinevi.com.tr\/index.php\/wp-json\/wp\/v2\/product_cat?post=773296"},{"taxonomy":"product_tag","embeddable":true,"href":"https:\/\/roveyayinevi.com.tr\/index.php\/wp-json\/wp\/v2\/product_tag?post=773296"}],"curies":[{"name":"wp","href":"https:\/\/api.w.org\/{rel}","templated":true}]}}