{"id":773293,"date":"2025-08-28T16:11:06","date_gmt":"2025-08-28T13:11:06","guid":{"rendered":"https:\/\/roveyayinevi.com.tr\/index.php\/urun\/estetik-psikoloji-ve-dini-inanc-uzerine-konferanslar-ve-soylesiler\/"},"modified":"2026-04-15T03:39:27","modified_gmt":"2026-04-15T00:39:27","slug":"estetik-psikoloji-ve-dini-inanc-uzerine-konferanslar-ve-soylesiler","status":"publish","type":"product","link":"https:\/\/roveyayinevi.com.tr\/index.php\/urun\/estetik-psikoloji-ve-dini-inanc-uzerine-konferanslar-ve-soylesiler\/","title":{"rendered":"Estetik, Psikoloji ve Dini \u0130nan\u00e7 \u00dczerine &amp; Konferanslar ve S\u00f6yle\u015filer"},"content":{"rendered":"<p>Ludwig Wittgenstein 20. y\u00fczy\u0131l\u0131n en \u00f6zg\u00fcn ve etkili filozoflar\u0131ndan biri olarak tarihe ge\u00e7ti. Avusturyal\u0131 bu d\u00fc\u015f\u00fcn\u00fcr, matematik ve mant\u0131k alan\u0131ndaki \u00e7al\u0131\u015fmalar\u0131n\u0131n yan\u0131 s\u0131ra dil felsefesi, estetik ve din felsefesi \u00fczerine yapt\u0131\u011f\u0131 k\u00f6kl\u00fc ara\u015ft\u0131rmalarla felsefe tarihinde \u00e7\u0131\u011f\u0131r a\u00e7t\u0131.Wittgenstein&#8217;\u0131n entelekt\u00fcel ya\u015fam\u0131 iki b\u00fcy\u00fck d\u00f6neme ayr\u0131l\u0131r. \u0130lk d\u00f6neminde mant\u0131ksal atomculu\u011fun temsilcisi olarak dilin yap\u0131s\u0131n\u0131 ve ger\u00e7eklikle olan ili\u015fkisini ara\u015ft\u0131rd\u0131. Daha sonra kendi felsefesini k\u00f6kl\u00fc bir \u015fekilde revize ederek dil oyunlar\u0131 kuram\u0131n\u0131 geli\u015ftirdi ve b\u00f6ylece modern felsefenin seyrini de\u011fi\u015ftirdi.Bu kitapta yer alan metinler, Wittgenstein&#8217;\u0131n Cambridge \u00dcniversitesi&#8217;ndeki derslerinden ve s\u00f6yle\u015filerinden derlenmi\u015ftir. B\u00fcy\u00fck filozofun \u00f6\u011frencileriyle payla\u015ft\u0131\u011f\u0131 d\u00fc\u015f\u00fcnceleri, onun zihninin i\u015fleyi\u015fini anlamam\u0131z i\u00e7in benzersiz bir f\u0131rsat sunuyor. Estetik be\u011feninin do\u011fas\u0131, r\u00fcyalar\u0131n anlam\u0131, dinsel inanc\u0131n s\u0131n\u0131rlar\u0131 gibi konularda Wittgenstein&#8217;\u0131n yakla\u015f\u0131m\u0131n\u0131 yak\u0131ndan g\u00f6rmek m\u00fcmk\u00fcn.Wittgenstein&#8217;\u0131n d\u00fc\u015f\u00fcnce d\u00fcnyas\u0131n\u0131 ke\u015ffetmek isteyenler i\u00e7in bu kitap, filozofun en samimi anlar\u0131nda d\u00fc\u015f\u00fcncelerine tan\u0131kl\u0131k etme \u015fans\u0131 veriyor. Modern felsefenin seyrini de\u011fi\u015ftiren bu b\u00fcy\u00fck ustan\u0131n entelekt\u00fcel miras\u0131n\u0131n canl\u0131 bir belgesini sunuyor.<\/p>\n","protected":false},"excerpt":{"rendered":"<p>Ludwig Wittgenstein 20. y\u00fczy\u0131l\u0131n en \u00f6zg\u00fcn ve etkili filozoflar\u0131ndan biri olarak tarihe ge\u00e7ti. Avusturyal\u0131 bu d\u00fc\u015f\u00fcn\u00fcr, matematik ve mant\u0131k alan\u0131ndaki \u00e7al\u0131\u015fmalar\u0131n\u0131n yan\u0131 s\u0131ra dil felsefesi, estetik<span class=\"excerpt-hellip\"> [\u2026]<\/span><\/p>\n","protected":false},"featured_media":0,"template":"","meta":{"_monsterinsights_skip_tracking":false,"_monsterinsights_sitenote_active":false,"_monsterinsights_sitenote_note":"","_monsterinsights_sitenote_category":0},"product_brand":[],"product_cat":[20351,12388],"product_tag":[],"class_list":{"0":"post-773293","1":"product","2":"type-product","3":"status-publish","5":"product_cat-dusunce","6":"product_cat-felsefe","7":"pa_cilt-ciltsiz","8":"pa_tur-kitap","9":"pa_yayinevi-liberus","10":"pa_yazar-ludwig-wittgenstein","12":"first","13":"instock","14":"sale","15":"shipping-taxable","16":"purchasable","17":"product-type-simple"},"_links":{"self":[{"href":"https:\/\/roveyayinevi.com.tr\/index.php\/wp-json\/wp\/v2\/product\/773293","targetHints":{"allow":["GET"]}}],"collection":[{"href":"https:\/\/roveyayinevi.com.tr\/index.php\/wp-json\/wp\/v2\/product"}],"about":[{"href":"https:\/\/roveyayinevi.com.tr\/index.php\/wp-json\/wp\/v2\/types\/product"}],"wp:attachment":[{"href":"https:\/\/roveyayinevi.com.tr\/index.php\/wp-json\/wp\/v2\/media?parent=773293"}],"wp:term":[{"taxonomy":"product_brand","embeddable":true,"href":"https:\/\/roveyayinevi.com.tr\/index.php\/wp-json\/wp\/v2\/product_brand?post=773293"},{"taxonomy":"product_cat","embeddable":true,"href":"https:\/\/roveyayinevi.com.tr\/index.php\/wp-json\/wp\/v2\/product_cat?post=773293"},{"taxonomy":"product_tag","embeddable":true,"href":"https:\/\/roveyayinevi.com.tr\/index.php\/wp-json\/wp\/v2\/product_tag?post=773293"}],"curies":[{"name":"wp","href":"https:\/\/api.w.org\/{rel}","templated":true}]}}