{"id":773292,"date":"2025-08-28T16:11:04","date_gmt":"2025-08-28T13:11:04","guid":{"rendered":"https:\/\/roveyayinevi.com.tr\/index.php\/urun\/dua-2\/"},"modified":"2026-04-12T03:30:49","modified_gmt":"2026-04-12T00:30:49","slug":"dua-2","status":"publish","type":"product","link":"https:\/\/roveyayinevi.com.tr\/index.php\/urun\/dua-2\/","title":{"rendered":"Dua"},"content":{"rendered":"<p>O pete\u011fe ba\u011fl\u0131yd\u0131m, Sanki \u00e7ocuklu\u011fumun t\u00fcm umutlar\u0131 da zincirlenmi\u015fti o an.Kafam\u0131n kaz\u0131nm\u0131\u015f yeri s\u0131zl\u0131yordu.Bedenim gibi gururum da t\u0131ra\u015flanm\u0131\u015ft\u0131 o gece.Bir \u00e7ocu\u011fun sessiz \u00e7\u0131\u011fl\u0131\u011f\u0131yd\u0131m.Duyulmayan.G\u00f6r\u00fclmeyen. <\/p>\n","protected":false},"excerpt":{"rendered":"<p>O pete\u011fe ba\u011fl\u0131yd\u0131m, Sanki \u00e7ocuklu\u011fumun t\u00fcm umutlar\u0131 da zincirlenmi\u015fti o an.Kafam\u0131n kaz\u0131nm\u0131\u015f yeri s\u0131zl\u0131yordu.Bedenim gibi gururum da t\u0131ra\u015flanm\u0131\u015ft\u0131 o gece.Bir \u00e7ocu\u011fun sessiz \u00e7\u0131\u011fl\u0131\u011f\u0131yd\u0131m.Duyulmayan.G\u00f6r\u00fclmeyen.<\/p>\n","protected":false},"featured_media":0,"template":"","meta":{"_monsterinsights_skip_tracking":false,"_monsterinsights_sitenote_active":false,"_monsterinsights_sitenote_note":"","_monsterinsights_sitenote_category":0},"product_brand":[],"product_cat":[12291,12711],"product_tag":[],"class_list":{"0":"post-773292","1":"product","2":"type-product","3":"status-publish","5":"product_cat-edebiyat","6":"product_cat-roman-oyku","7":"pa_cilt-ciltsiz","8":"pa_tur-kitap","9":"pa_yayinevi-karinca-yayinlari","10":"pa_yazar-caner-karacol","12":"first","13":"instock","14":"sale","15":"shipping-taxable","16":"purchasable","17":"product-type-simple"},"_links":{"self":[{"href":"https:\/\/roveyayinevi.com.tr\/index.php\/wp-json\/wp\/v2\/product\/773292","targetHints":{"allow":["GET"]}}],"collection":[{"href":"https:\/\/roveyayinevi.com.tr\/index.php\/wp-json\/wp\/v2\/product"}],"about":[{"href":"https:\/\/roveyayinevi.com.tr\/index.php\/wp-json\/wp\/v2\/types\/product"}],"wp:attachment":[{"href":"https:\/\/roveyayinevi.com.tr\/index.php\/wp-json\/wp\/v2\/media?parent=773292"}],"wp:term":[{"taxonomy":"product_brand","embeddable":true,"href":"https:\/\/roveyayinevi.com.tr\/index.php\/wp-json\/wp\/v2\/product_brand?post=773292"},{"taxonomy":"product_cat","embeddable":true,"href":"https:\/\/roveyayinevi.com.tr\/index.php\/wp-json\/wp\/v2\/product_cat?post=773292"},{"taxonomy":"product_tag","embeddable":true,"href":"https:\/\/roveyayinevi.com.tr\/index.php\/wp-json\/wp\/v2\/product_tag?post=773292"}],"curies":[{"name":"wp","href":"https:\/\/api.w.org\/{rel}","templated":true}]}}