{"id":773291,"date":"2025-08-28T16:11:03","date_gmt":"2025-08-28T13:11:03","guid":{"rendered":"https:\/\/roveyayinevi.com.tr\/index.php\/urun\/estetigin-temel-kavramlari-uzerinden-muzik-varliginin-cozumlenmesi\/"},"modified":"2026-04-15T03:39:27","modified_gmt":"2026-04-15T00:39:27","slug":"estetigin-temel-kavramlari-uzerinden-muzik-varliginin-cozumlenmesi","status":"publish","type":"product","link":"https:\/\/roveyayinevi.com.tr\/index.php\/urun\/estetigin-temel-kavramlari-uzerinden-muzik-varliginin-cozumlenmesi\/","title":{"rendered":"Esteti\u011fin Temel Kavramlar\u0131 \u00dczerinden M\u00fczik Varl\u0131\u011f\u0131n\u0131n \u00c7\u00f6z\u00fcmlenmesi"},"content":{"rendered":"<p>M\u00fczikal eserlerin herhangi bir anlam\u0131n\u0131n olup olmad\u0131\u011f\u0131 sorusu felsefe tarihinde kendine yer bulmu\u015f bir sorudur. \u0130lk bak\u0131\u015fta epistemolojik gibi g\u00f6r\u00fcnen bu sorunun, ontolojik bir aya\u011f\u0131 da vard\u0131r. \u00c7\u00fcnk\u00fc \u00f6ncelikli olarak m\u00fczik varl\u0131\u011f\u0131n\u0131n ne oldu\u011funun \u00e7\u00f6z\u00fcmlenmesi gerekir. Bir sanat t\u00fcr\u00fc olarak m\u00fczik, felsefenin bir alt disiplini olan estetik alan\u0131n\u0131n \u00e7al\u0131\u015fma konusudur. Her estetik olay bir obje-s\u00fcje ba\u011fl\u0131l\u0131\u011f\u0131na dayand\u0131\u011f\u0131ndan ve monizme d\u00fc\u015fmemek ad\u0131na m\u00fczik \u00fczerine yap\u0131lan ara\u015ft\u0131rmalar\u0131n ne obje merkezli ne de s\u00fcje merkezli olmamas\u0131 tercih edilebilir. Estetik tarihinde m\u00fczik s\u00f6z konusu oldu\u011funda, \u00f6ncelikli olarak s\u00fcjenin ara\u015ft\u0131r\u0131lmas\u0131na a\u011f\u0131rl\u0131k verilse de bu \u00e7al\u0131\u015fma kas\u0131tl\u0131 bir bi\u00e7imde ara\u015ft\u0131rmas\u0131na estetik objenin kendisinden ba\u015flayarak, integral bir iddia geli\u015ftirmeyi hedeflemektedir. Bu iddia kapsam\u0131nda kendisine ba\u015fvurulan filozoflar birer ama\u00e7 de\u011fildir. Elinizdeki kitapta merkezi konumda olmayan bu filozoflara iddian\u0131n kurulmas\u0131nda fayda sa\u011flayacaklar\u0131 i\u00e7in ba\u015fvurulmu\u015ftur. Geli\u015ftirilmesi hedeflenen integral iddia, bir estetik obje olarak m\u00fczikal eserlerin diyalektik bir ili\u015fki i\u00e7inde hem objektif hem de subjektif boyutlar\u0131n\u0131n oldu\u011funu savunmaktad\u0131r. Devam\u0131yla m\u00fczikal eserlerin ilgi kurdu\u011fu estetik s\u00fcjelerin kendi i\u00e7lerinde objektif temellerden y\u00fckselen subjektif bir yap\u0131ya, diyalektik bir boyuta sahip olduklar\u0131 g\u00f6sterilmeye \u00e7al\u0131\u015f\u0131lacakt\u0131r. Estetik s\u00fcje ile estetik objenin par\u00e7alar\u0131 olarak olu\u015fturdu\u011fu b\u00fct\u00fcn\u00fcn, canl\u0131 bir yap\u0131da oldu\u011fundan hareketle, s\u00f6z konusu canl\u0131 yap\u0131y\u0131 estetik obje ile etkile\u015fime giren s\u00fcjelerin zaman ve mek\u00e2n kategorilerinin d\u00f6n\u00fc\u015f\u00fcm\u00fc \u00fczerinde tecr\u00fcbe edebilecekleri savunulacakt\u0131r. <\/p>\n","protected":false},"excerpt":{"rendered":"<p>M\u00fczikal eserlerin herhangi bir anlam\u0131n\u0131n olup olmad\u0131\u011f\u0131 sorusu felsefe tarihinde kendine yer bulmu\u015f bir sorudur. \u0130lk bak\u0131\u015fta epistemolojik gibi g\u00f6r\u00fcnen bu sorunun, ontolojik bir aya\u011f\u0131 da<span class=\"excerpt-hellip\"> [\u2026]<\/span><\/p>\n","protected":false},"featured_media":0,"template":"","meta":{"_monsterinsights_skip_tracking":false,"_monsterinsights_sitenote_active":false,"_monsterinsights_sitenote_note":"","_monsterinsights_sitenote_category":0},"product_brand":[],"product_cat":[14556],"product_tag":[],"class_list":{"0":"post-773291","1":"product","2":"type-product","3":"status-publish","5":"product_cat-muzik","6":"pa_cilt-ciltsiz","7":"pa_tur-kitap","8":"pa_yayinevi-soncag-akademik-kitaplar","9":"pa_yazar-hasan-huseyin-albayrak","11":"first","12":"instock","13":"sale","14":"shipping-taxable","15":"purchasable","16":"product-type-simple"},"_links":{"self":[{"href":"https:\/\/roveyayinevi.com.tr\/index.php\/wp-json\/wp\/v2\/product\/773291","targetHints":{"allow":["GET"]}}],"collection":[{"href":"https:\/\/roveyayinevi.com.tr\/index.php\/wp-json\/wp\/v2\/product"}],"about":[{"href":"https:\/\/roveyayinevi.com.tr\/index.php\/wp-json\/wp\/v2\/types\/product"}],"wp:attachment":[{"href":"https:\/\/roveyayinevi.com.tr\/index.php\/wp-json\/wp\/v2\/media?parent=773291"}],"wp:term":[{"taxonomy":"product_brand","embeddable":true,"href":"https:\/\/roveyayinevi.com.tr\/index.php\/wp-json\/wp\/v2\/product_brand?post=773291"},{"taxonomy":"product_cat","embeddable":true,"href":"https:\/\/roveyayinevi.com.tr\/index.php\/wp-json\/wp\/v2\/product_cat?post=773291"},{"taxonomy":"product_tag","embeddable":true,"href":"https:\/\/roveyayinevi.com.tr\/index.php\/wp-json\/wp\/v2\/product_tag?post=773291"}],"curies":[{"name":"wp","href":"https:\/\/api.w.org\/{rel}","templated":true}]}}