{"id":773290,"date":"2025-08-28T16:11:01","date_gmt":"2025-08-28T13:11:01","guid":{"rendered":"https:\/\/roveyayinevi.com.tr\/index.php\/urun\/nasil-daha-cok-yazarim\/"},"modified":"2026-04-15T03:39:27","modified_gmt":"2026-04-15T00:39:27","slug":"nasil-daha-cok-yazarim","status":"publish","type":"product","link":"https:\/\/roveyayinevi.com.tr\/index.php\/urun\/nasil-daha-cok-yazarim\/","title":{"rendered":"Nas\u0131l Daha \u00c7ok Yazar\u0131m?"},"content":{"rendered":"<p>Kitap Tan\u0131t\u0131m Yaz\u0131s\u0131: \u00c7ok mu yava\u015f yaz\u0131yorsunuz? Yaz\u0131 yazmaya ay\u0131racak zaman\u0131n\u0131z m\u0131 yok? \u0130stedi\u011finiz s\u0131kl\u0131kta yazam\u0131yor ve bunun \u00fczerinde gere\u011finden fazla m\u0131 d\u00fc\u015f\u00fcn\u00fcyorsunuz? \u00d6yleyse bir \u015feylerin de\u011fi\u015fmesi gerekiyor demektir. Bu kitab\u0131n amac\u0131, sizi bir birey olarak de\u011fi\u015ftirmek de\u011fil. Daha verimli yazmak i\u00e7in yeni de\u011ferlere, kimliklere, ele\u015ftirel modellere, d\u00fcnya g\u00f6r\u00fc\u015flerine ya da sa\u00e7 stillerine ihtiyac\u0131n\u0131z yok. Oldu\u011funuz h\u00e2linizle gayet iyisiniz. Elinizdeki kitap, \u00fcretken yazarl\u0131\u011f\u0131, insanlar\u0131n sonradan \u00f6\u011frenebilece\u011fi bir beceri olarak g\u00f6r\u00fcyor ve yazmay\u0131 haftal\u0131k rutininizin bir par\u00e7as\u0131 h\u00e2line getirmenin yollar\u0131ndan bahsediyor. Bu do\u011frultuda i\u015f temposuyla ge\u00e7en bir haftada yaz\u0131 yazman\u0131z\u0131 kolayla\u015ft\u0131racak, yaz\u0131m s\u00fcrecinde hissetti\u011finiz stres ve su\u00e7lulu\u011fu hafifletecek ve verimlili\u011finizi art\u0131racak stratejiler \u00fczerinde duruyor. Yaz\u0131 yazman\u0131n \u00f6n\u00fcndeki en yayg\u0131n engelleri ele alarak onlar\u0131 nas\u0131l a\u015faca\u011f\u0131n\u0131z\u0131 g\u00f6steriyor, hakemli dergilerin de\u011ferlendirme s\u00fcre\u00e7lerinin \u00fcstesinden gelmek i\u00e7in tavsiyeler veriyor, kitap yaz\u0131m ve yay\u0131n s\u00fcre\u00e7lerine odaklan\u0131yor. Bir k\u00f6\u015fede tamamlanmay\u0131 bekleyen bir y\u0131\u011f\u0131n projeniz varsa ya da yazmaya zaman bulamamaktan hay\u0131flan\u0131yorsan\u0131z bu kitap tam size g\u00f6re! <\/p>\n","protected":false},"excerpt":{"rendered":"<p>Kitap Tan\u0131t\u0131m Yaz\u0131s\u0131: \u00c7ok mu yava\u015f yaz\u0131yorsunuz? Yaz\u0131 yazmaya ay\u0131racak zaman\u0131n\u0131z m\u0131 yok? \u0130stedi\u011finiz s\u0131kl\u0131kta yazam\u0131yor ve bunun \u00fczerinde gere\u011finden fazla m\u0131 d\u00fc\u015f\u00fcn\u00fcyorsunuz? \u00d6yleyse bir \u015feylerin<span class=\"excerpt-hellip\"> [\u2026]<\/span><\/p>\n","protected":false},"featured_media":0,"template":"","meta":{"_monsterinsights_skip_tracking":false,"_monsterinsights_sitenote_active":false,"_monsterinsights_sitenote_note":"","_monsterinsights_sitenote_category":0},"product_brand":[],"product_cat":[12777,12291],"product_tag":[],"class_list":{"0":"post-773290","1":"product","2":"type-product","3":"status-publish","5":"product_cat-deneme","6":"product_cat-edebiyat","7":"pa_cilt-ciltsiz","8":"pa_tur-kitap","9":"pa_yayinevi-ketebe-yayinlari","10":"pa_yazar-paul-j-silvia","12":"first","13":"instock","14":"sale","15":"shipping-taxable","16":"purchasable","17":"product-type-simple"},"_links":{"self":[{"href":"https:\/\/roveyayinevi.com.tr\/index.php\/wp-json\/wp\/v2\/product\/773290","targetHints":{"allow":["GET"]}}],"collection":[{"href":"https:\/\/roveyayinevi.com.tr\/index.php\/wp-json\/wp\/v2\/product"}],"about":[{"href":"https:\/\/roveyayinevi.com.tr\/index.php\/wp-json\/wp\/v2\/types\/product"}],"wp:attachment":[{"href":"https:\/\/roveyayinevi.com.tr\/index.php\/wp-json\/wp\/v2\/media?parent=773290"}],"wp:term":[{"taxonomy":"product_brand","embeddable":true,"href":"https:\/\/roveyayinevi.com.tr\/index.php\/wp-json\/wp\/v2\/product_brand?post=773290"},{"taxonomy":"product_cat","embeddable":true,"href":"https:\/\/roveyayinevi.com.tr\/index.php\/wp-json\/wp\/v2\/product_cat?post=773290"},{"taxonomy":"product_tag","embeddable":true,"href":"https:\/\/roveyayinevi.com.tr\/index.php\/wp-json\/wp\/v2\/product_tag?post=773290"}],"curies":[{"name":"wp","href":"https:\/\/api.w.org\/{rel}","templated":true}]}}