{"id":773287,"date":"2025-08-28T16:10:55","date_gmt":"2025-08-28T13:10:55","guid":{"rendered":"https:\/\/roveyayinevi.com.tr\/index.php\/urun\/emma-7\/"},"modified":"2026-04-15T03:39:27","modified_gmt":"2026-04-15T00:39:27","slug":"emma-7","status":"publish","type":"product","link":"https:\/\/roveyayinevi.com.tr\/index.php\/urun\/emma-7\/","title":{"rendered":"Emma"},"content":{"rendered":"<p>\u201c\u0130nsanlar\u0131n do\u011frular\u0131n\u0131 a\u00e7\u0131k ederken her \u015feyi oldu\u011fu gibi ortaya d\u00f6kt\u00fcklerine \u00e7ok ama \u00e7ok nadir rastlan\u0131r. Anlat\u0131lan ger\u00e7eklerin az da olsa gizli sakl\u0131 bir yan\u0131n\u0131n kalmad\u0131\u011f\u0131 ya da \u00e7arp\u0131t\u0131lmad\u0131\u011f\u0131 pek g\u00f6r\u00fcld\u00fck \u015fey de\u011fildir.\u201d   Jane Austen\u2019\u0131n 1815\u2019te tamamlad\u0131\u011f\u0131 d\u00f6rd\u00fcnc\u00fc roman\u0131 Emma 19. y\u00fczy\u0131l \u0130ngiltere\u2019sinde hayali Highbury kasabas\u0131nda ge\u00e7er. \u201cG\u00fczel, ak\u0131ll\u0131 ve varl\u0131kl\u0131\u201d Emma\u2019n\u0131n ana me\u015fgalesi \u00e7\u00f6p\u00e7atanl\u0131k ve ba\u015fkalar\u0131n\u0131n i\u015flerine kar\u0131\u015fmakt\u0131r. Emma\u2019n\u0131n yanl\u0131\u015f de\u011ferlendirmeleri ve y\u00f6nlendirmeleriyle dolu e\u011flenceli olaylar silsilesinde Jane Austen, evlilik kurumunu ve sosyal stat\u00fcy\u00fc hicveder. <\/p>\n","protected":false},"excerpt":{"rendered":"<p>\u201c\u0130nsanlar\u0131n do\u011frular\u0131n\u0131 a\u00e7\u0131k ederken her \u015feyi oldu\u011fu gibi ortaya d\u00f6kt\u00fcklerine \u00e7ok ama \u00e7ok nadir rastlan\u0131r. Anlat\u0131lan ger\u00e7eklerin az da olsa gizli sakl\u0131 bir yan\u0131n\u0131n kalmad\u0131\u011f\u0131 ya<span class=\"excerpt-hellip\"> [\u2026]<\/span><\/p>\n","protected":false},"featured_media":0,"template":"","meta":{"_monsterinsights_skip_tracking":false,"_monsterinsights_sitenote_active":false,"_monsterinsights_sitenote_note":"","_monsterinsights_sitenote_category":0},"product_brand":[],"product_cat":[12291,12711],"product_tag":[],"class_list":{"0":"post-773287","1":"product","2":"type-product","3":"status-publish","5":"product_cat-edebiyat","6":"product_cat-roman-oyku","7":"pa_cilt-ciltsiz","8":"pa_tur-kitap","9":"pa_yayinevi-dogan-kitap","10":"pa_yazar-jane-austen","12":"first","13":"instock","14":"sale","15":"shipping-taxable","16":"purchasable","17":"product-type-simple"},"_links":{"self":[{"href":"https:\/\/roveyayinevi.com.tr\/index.php\/wp-json\/wp\/v2\/product\/773287","targetHints":{"allow":["GET"]}}],"collection":[{"href":"https:\/\/roveyayinevi.com.tr\/index.php\/wp-json\/wp\/v2\/product"}],"about":[{"href":"https:\/\/roveyayinevi.com.tr\/index.php\/wp-json\/wp\/v2\/types\/product"}],"wp:attachment":[{"href":"https:\/\/roveyayinevi.com.tr\/index.php\/wp-json\/wp\/v2\/media?parent=773287"}],"wp:term":[{"taxonomy":"product_brand","embeddable":true,"href":"https:\/\/roveyayinevi.com.tr\/index.php\/wp-json\/wp\/v2\/product_brand?post=773287"},{"taxonomy":"product_cat","embeddable":true,"href":"https:\/\/roveyayinevi.com.tr\/index.php\/wp-json\/wp\/v2\/product_cat?post=773287"},{"taxonomy":"product_tag","embeddable":true,"href":"https:\/\/roveyayinevi.com.tr\/index.php\/wp-json\/wp\/v2\/product_tag?post=773287"}],"curies":[{"name":"wp","href":"https:\/\/api.w.org\/{rel}","templated":true}]}}