{"id":773286,"date":"2025-08-28T16:10:53","date_gmt":"2025-08-28T13:10:53","guid":{"rendered":"https:\/\/roveyayinevi.com.tr\/index.php\/urun\/kazaklar-8\/"},"modified":"2026-04-15T03:39:27","modified_gmt":"2026-04-15T00:39:27","slug":"kazaklar-8","status":"publish","type":"product","link":"https:\/\/roveyayinevi.com.tr\/index.php\/urun\/kazaklar-8\/","title":{"rendered":"Kazaklar"},"content":{"rendered":"<p>\u201c\u0130nsan, kendini co\u015fkuya kapt\u0131rd\u0131\u011f\u0131 zamanlar oldu\u011fu kadar bencil olmaz hi\u00e7bir zaman. O anda yery\u00fcz\u00fcnde kendisinden daha g\u00fczel, daha ilgin\u00e7 bir \u015feyin olmad\u0131\u011f\u0131na inan\u0131r.\u201d   Gen\u00e7 ve zengin Olenin, Moskova sosyetesinden b\u0131k\u0131p Rus ordusuna yaz\u0131l\u0131nca Kafkas Da\u011flar\u0131\u2019na g\u00f6nderilir. Burada bir Kazak k\u00f6y\u00fcndeki insanlarla tan\u0131\u015f\u0131r ve arad\u0131\u011f\u0131 huzuru bulur. Ancak bir Kazakla s\u00f6zl\u00fc gen\u00e7 ve g\u00fczel Maryana\u2019ya \u00e2\u015f\u0131k olunca her \u015fey de\u011fi\u015fir.   7 Kas\u0131m 1910\u2019da sabaha kar\u015f\u0131 Astapovo \u0130stasyonu\u2019nda, 82 ya\u015f\u0131nda g\u00f6zlerini kapad\u0131\u011f\u0131nda Sava\u015f ve Bar\u0131\u015f\u2019\u0131n, Anna Karenina\u2019n\u0131n \u00f6l\u00fcms\u00fcz yazar\u0131 de\u011fil, Avrupa\u2019y\u0131 bile kas\u0131p kavuran bir hareketin, Tolstoy-culu\u011fun peygamberiydi.  <\/p>\n","protected":false},"excerpt":{"rendered":"<p>\u201c\u0130nsan, kendini co\u015fkuya kapt\u0131rd\u0131\u011f\u0131 zamanlar oldu\u011fu kadar bencil olmaz hi\u00e7bir zaman. O anda yery\u00fcz\u00fcnde kendisinden daha g\u00fczel, daha ilgin\u00e7 bir \u015feyin olmad\u0131\u011f\u0131na inan\u0131r.\u201d Gen\u00e7 ve zengin<span class=\"excerpt-hellip\"> [\u2026]<\/span><\/p>\n","protected":false},"featured_media":0,"template":"","meta":{"_monsterinsights_skip_tracking":false,"_monsterinsights_sitenote_active":false,"_monsterinsights_sitenote_note":"","_monsterinsights_sitenote_category":0},"product_brand":[],"product_cat":[12291,12711],"product_tag":[],"class_list":{"0":"post-773286","1":"product","2":"type-product","3":"status-publish","5":"product_cat-edebiyat","6":"product_cat-roman-oyku","7":"pa_cilt-ciltsiz","8":"pa_tur-kitap","9":"pa_yayinevi-dogan-kitap","10":"pa_yazar-lev-nikolayevic-tolstoy","12":"first","13":"instock","14":"sale","15":"shipping-taxable","16":"purchasable","17":"product-type-simple"},"_links":{"self":[{"href":"https:\/\/roveyayinevi.com.tr\/index.php\/wp-json\/wp\/v2\/product\/773286","targetHints":{"allow":["GET"]}}],"collection":[{"href":"https:\/\/roveyayinevi.com.tr\/index.php\/wp-json\/wp\/v2\/product"}],"about":[{"href":"https:\/\/roveyayinevi.com.tr\/index.php\/wp-json\/wp\/v2\/types\/product"}],"wp:attachment":[{"href":"https:\/\/roveyayinevi.com.tr\/index.php\/wp-json\/wp\/v2\/media?parent=773286"}],"wp:term":[{"taxonomy":"product_brand","embeddable":true,"href":"https:\/\/roveyayinevi.com.tr\/index.php\/wp-json\/wp\/v2\/product_brand?post=773286"},{"taxonomy":"product_cat","embeddable":true,"href":"https:\/\/roveyayinevi.com.tr\/index.php\/wp-json\/wp\/v2\/product_cat?post=773286"},{"taxonomy":"product_tag","embeddable":true,"href":"https:\/\/roveyayinevi.com.tr\/index.php\/wp-json\/wp\/v2\/product_tag?post=773286"}],"curies":[{"name":"wp","href":"https:\/\/api.w.org\/{rel}","templated":true}]}}