{"id":773279,"date":"2025-08-28T16:10:38","date_gmt":"2025-08-28T13:10:38","guid":{"rendered":"https:\/\/roveyayinevi.com.tr\/index.php\/urun\/ataturkun-plancisi-jansenin-ankarasi\/"},"modified":"2026-04-15T03:39:27","modified_gmt":"2026-04-15T00:39:27","slug":"ataturkun-plancisi-jansenin-ankarasi","status":"publish","type":"product","link":"https:\/\/roveyayinevi.com.tr\/index.php\/urun\/ataturkun-plancisi-jansenin-ankarasi\/","title":{"rendered":"Atat\u00fcrk\u2019\u00fcn Planc\u0131s\u0131 Jansen\u2019in Ankaras\u0131"},"content":{"rendered":"<p>Atat\u00fcrk\u2019\u00fcn Ankara \u015eehir Planc\u0131s\u0131 Jansen Atat\u00fcrk 13 Ekim 1923 tarihinde Ankara\u2019n\u0131n ba\u015fkentli\u011fine karar verirken, onun en iyi bi\u00e7imde tasarlanmas\u0131 ve gelecek ku\u015faklara ya\u015fayan bir Cumhuriyet an\u0131t\u0131 olarak kalmas\u0131 i\u00e7in b\u00fct\u00fcn \u00e7abas\u0131n\u0131 ortaya koydu. Yeni ba\u015fkentin h\u0131zla artan n\u00fcfusunun modern ve \u00e7a\u011fda\u015f ko\u015fullarda bar\u0131nmas\u0131 i\u00e7in \u015fehre bir gelecek yazmak gerekliydi. 1924 ve 1925 y\u0131llar\u0131nda Alman mimar ve planc\u0131 L\u00f6rcher\u2019e yapt\u0131r\u0131lan ilk planlar yetmeyecek, \u0130mar M\u00fcd\u00fcriyeti\u2019nin destekleriyle a\u00e7\u0131lan 1927 yar\u0131\u015fmas\u0131, Ankara\u2019ya planc\u0131s\u0131n\u0131, Atat\u00fcrk\u2019\u00fcn de yak\u0131ndan \u00e7al\u0131\u015ft\u0131\u011f\u0131 Prof. Hermann Jansen\u2019i kazand\u0131racakt\u0131. Bug\u00fcn modern d\u00fc\u015f\u00fcnceleri, \u0131srarl\u0131 tasar\u0131m kararlar\u0131 ve uzak g\u00f6r\u00fc\u015fl\u00fcl\u00fc\u011f\u00fc ile an\u0131lan Hermann Jansen yaln\u0131zca Ankara\u2019n\u0131n de\u011fil, Atat\u00fcrk\u2019\u00fcn de planc\u0131s\u0131d\u0131r. Ankara planlama tarihini yazan Ali Cengizkan\u2019\u0131n kitab\u0131, Jansen\u2019in Ankara plan \u00e7al\u0131\u015fmalar\u0131ndaki bilinmeyenleri ayd\u0131nlat\u0131yor. Yar\u0131\u015fman\u0131n 100. y\u0131l\u0131na yakla\u015f\u0131rken eldeki belgelere dayanarak yeni yorumlar getiriyor; daha \u00f6nce yap\u0131lm\u0131\u015f olan ara\u015ft\u0131rmalar\u0131 tekrar etmeden, farkl\u0131 \u00e7al\u0131\u015fma alanlar\u0131n\u0131 a\u00e7\u0131yor. Kitab\u0131n eklerinde ilk kez dilimize kazand\u0131r\u0131lan belgelerle gerek Atat\u00fcrk\u2019\u00fcn gerekse Jansen\u2019in Ankara planlamas\u0131 konusundaki g\u00f6r\u00fc\u015fleri dolayl\u0131 da olsa ilk kez tart\u0131\u015fma alan\u0131na \u00e7\u0131kar\u0131l\u0131yor.<\/p>\n","protected":false},"excerpt":{"rendered":"<p>Atat\u00fcrk\u2019\u00fcn Ankara \u015eehir Planc\u0131s\u0131 Jansen Atat\u00fcrk 13 Ekim 1923 tarihinde Ankara\u2019n\u0131n ba\u015fkentli\u011fine karar verirken, onun en iyi bi\u00e7imde tasarlanmas\u0131 ve gelecek ku\u015faklara ya\u015fayan bir Cumhuriyet an\u0131t\u0131<span class=\"excerpt-hellip\"> [\u2026]<\/span><\/p>\n","protected":false},"featured_media":0,"template":"","meta":{"_monsterinsights_skip_tracking":false,"_monsterinsights_sitenote_active":false,"_monsterinsights_sitenote_note":"","_monsterinsights_sitenote_category":0},"product_brand":[],"product_cat":[12304,13493],"product_tag":[],"class_list":{"0":"post-773279","1":"product","2":"type-product","3":"status-publish","5":"product_cat-tarih","6":"product_cat-turkiye-ve-cumhuriyet-tarihi","7":"pa_cilt-ciltsiz","8":"pa_tur-kitap","9":"pa_yayinevi-arkadas-yayinlari","10":"pa_yazar-ali-cengizkan","12":"first","13":"instock","14":"sale","15":"shipping-taxable","16":"purchasable","17":"product-type-simple"},"_links":{"self":[{"href":"https:\/\/roveyayinevi.com.tr\/index.php\/wp-json\/wp\/v2\/product\/773279","targetHints":{"allow":["GET"]}}],"collection":[{"href":"https:\/\/roveyayinevi.com.tr\/index.php\/wp-json\/wp\/v2\/product"}],"about":[{"href":"https:\/\/roveyayinevi.com.tr\/index.php\/wp-json\/wp\/v2\/types\/product"}],"wp:attachment":[{"href":"https:\/\/roveyayinevi.com.tr\/index.php\/wp-json\/wp\/v2\/media?parent=773279"}],"wp:term":[{"taxonomy":"product_brand","embeddable":true,"href":"https:\/\/roveyayinevi.com.tr\/index.php\/wp-json\/wp\/v2\/product_brand?post=773279"},{"taxonomy":"product_cat","embeddable":true,"href":"https:\/\/roveyayinevi.com.tr\/index.php\/wp-json\/wp\/v2\/product_cat?post=773279"},{"taxonomy":"product_tag","embeddable":true,"href":"https:\/\/roveyayinevi.com.tr\/index.php\/wp-json\/wp\/v2\/product_tag?post=773279"}],"curies":[{"name":"wp","href":"https:\/\/api.w.org\/{rel}","templated":true}]}}