{"id":773278,"date":"2025-08-28T16:10:36","date_gmt":"2025-08-28T13:10:36","guid":{"rendered":"https:\/\/roveyayinevi.com.tr\/index.php\/urun\/heccav\/"},"modified":"2026-04-15T03:39:27","modified_gmt":"2026-04-15T00:39:27","slug":"heccav","status":"publish","type":"product","link":"https:\/\/roveyayinevi.com.tr\/index.php\/urun\/heccav\/","title":{"rendered":"Heccav"},"content":{"rendered":"<p>Hiciv \u015fiirinin yetkin \u00f6rneklerini vermi\u015f \u015eair E\u015fref, 1902 y\u0131l\u0131nda Tevfik Nevzad ve Haf\u0131z \u0130smail ile birlikte bir \u201cfesat \u015febekesi\u201d kurduklar\u0131 gerek\u00e7esiyle \u0130zmir\u2019de g\u00f6zalt\u0131na al\u0131n\u0131r. Oyun, o tarihte g\u00f6zalt\u0131na al\u0131nan E\u015fref\u2019in nezarethanede g\u00f6zlerini a\u00e7t\u0131\u011f\u0131nda bug\u00fcne uyanmas\u0131yla ba\u015flar. E\u015fref, o g\u00fcn de bug\u00fcn de zorbalara, \u201ccad\u0131 kazanlar\u0131na\u201d kar\u015f\u0131 m\u00fccadele eder. Ger\u00e7ek bir ayd\u0131n gibi bedel \u00f6der.   Semih \u00c7elenk\u2019in 2009 y\u0131l\u0131ndan bu yana sahnelenen, Ankara Sanat Kurumu En \u0130yi Oyun Yazar\u0131, Lions Asaf \u00c7iyiltepe \u00d6zel \u00d6d\u00fcl\u00fc ve Karaba\u011flar Belediyesi Mizaha Katk\u0131 \u00d6d\u00fcl\u00fc gibi \u00f6d\u00fcller kazanm\u0131\u015f oyunu Heccav Yahut \u015eair E\u015fref\u2019in Esrarengiz Maceras\u0131, \u015eair E\u015fref\u2019in alayc\u0131 diliyle e\u011flenceli bir \u201cdiktat\u00f6rle m\u00fccadele k\u0131lavuzu\u201d sunuyor.   \u201cSemih \u00c7elenk\u2019in oyunu Heccav, E\u015fref\u2019in s\u00f6zel zek\u00e2s\u0131n\u0131n \u00fcr\u00fcnleriyle tatland\u0131r\u0131lm\u0131\u015f, \u2018demokrasi\u2019 s\u00fcrecini bir t\u00fcrl\u00fc tamamlayamayan \u00fclkemizin ge\u00e7mi\u015fini, \u015fimdisini ve gelece\u011fini g\u00fcle\u00e7li\u011fe g\u00f6lge d\u00fc\u015f\u00fcrmeden ta\u015flayan, yal\u0131n bir dramatik doku olu\u015fturuyor. G\u00fcld\u00fcr\u00fcye abanmayan, s\u00f6zel a\u00e7\u0131dan hantalla\u015fmayan, yergi dozu oyunun \u2018ger\u00e7ek\u2019 ile \u2018fantezi\u2019 aras\u0131nda gidip geli\u015fine g\u00f6re dikkatlice ayarlanm\u0131\u015f bir metin kotarm\u0131\u015f yazar.\u201d Prof. Dr. Ay\u015feg\u00fcl Y\u00fcksel<\/p>\n","protected":false},"excerpt":{"rendered":"<p>Hiciv \u015fiirinin yetkin \u00f6rneklerini vermi\u015f \u015eair E\u015fref, 1902 y\u0131l\u0131nda Tevfik Nevzad ve Haf\u0131z \u0130smail ile birlikte bir \u201cfesat \u015febekesi\u201d kurduklar\u0131 gerek\u00e7esiyle \u0130zmir\u2019de g\u00f6zalt\u0131na al\u0131n\u0131r. Oyun, o<span class=\"excerpt-hellip\"> [\u2026]<\/span><\/p>\n","protected":false},"featured_media":0,"template":"","meta":{"_monsterinsights_skip_tracking":false,"_monsterinsights_sitenote_active":false,"_monsterinsights_sitenote_note":"","_monsterinsights_sitenote_category":0},"product_brand":[],"product_cat":[12291,15566],"product_tag":[],"class_list":{"0":"post-773278","1":"product","2":"type-product","3":"status-publish","5":"product_cat-edebiyat","6":"product_cat-oyun","7":"pa_cilt-ciltsiz","8":"pa_tur-kitap","9":"pa_yayinevi-everest-yayinlari","10":"pa_yazar-semih-celenk","12":"first","13":"instock","14":"sale","15":"shipping-taxable","16":"purchasable","17":"product-type-simple"},"_links":{"self":[{"href":"https:\/\/roveyayinevi.com.tr\/index.php\/wp-json\/wp\/v2\/product\/773278","targetHints":{"allow":["GET"]}}],"collection":[{"href":"https:\/\/roveyayinevi.com.tr\/index.php\/wp-json\/wp\/v2\/product"}],"about":[{"href":"https:\/\/roveyayinevi.com.tr\/index.php\/wp-json\/wp\/v2\/types\/product"}],"wp:attachment":[{"href":"https:\/\/roveyayinevi.com.tr\/index.php\/wp-json\/wp\/v2\/media?parent=773278"}],"wp:term":[{"taxonomy":"product_brand","embeddable":true,"href":"https:\/\/roveyayinevi.com.tr\/index.php\/wp-json\/wp\/v2\/product_brand?post=773278"},{"taxonomy":"product_cat","embeddable":true,"href":"https:\/\/roveyayinevi.com.tr\/index.php\/wp-json\/wp\/v2\/product_cat?post=773278"},{"taxonomy":"product_tag","embeddable":true,"href":"https:\/\/roveyayinevi.com.tr\/index.php\/wp-json\/wp\/v2\/product_tag?post=773278"}],"curies":[{"name":"wp","href":"https:\/\/api.w.org\/{rel}","templated":true}]}}