{"id":773277,"date":"2025-08-28T16:10:35","date_gmt":"2025-08-28T13:10:35","guid":{"rendered":"https:\/\/roveyayinevi.com.tr\/index.php\/urun\/cocuklar-ve-ergenler-icin-bilissel-davranisci-terapi-yardim-kiti\/"},"modified":"2026-04-15T03:39:27","modified_gmt":"2026-04-15T00:39:27","slug":"cocuklar-ve-ergenler-icin-bilissel-davranisci-terapi-yardim-kiti","status":"publish","type":"product","link":"https:\/\/roveyayinevi.com.tr\/index.php\/urun\/cocuklar-ve-ergenler-icin-bilissel-davranisci-terapi-yardim-kiti\/","title":{"rendered":"\u00c7ocuklar ve Ergenler \u0130\u00e7in Bili\u015fsel Davran\u0131\u015f\u00e7\u0131 Terapi Yard\u0131m Kiti"},"content":{"rendered":"<p>\u00c7ocuklar ve Ergenler \u0130\u00e7in Bili\u015fsel Davran\u0131\u015f\u00e7\u0131 Terapi Yard\u0131m Kiti, bili\u015fsel davran\u0131\u015f\u00e7\u0131 terapi (BDT) tekniklerini kullanarak \u00e7ocuklar ve ergenler i\u00e7in \u00f6zel olarak geli\u015ftirilmi\u015f y\u00fczlerce etkin ara\u00e7, strateji ve aktivite sunan bir kaynak. Uzun y\u0131llard\u0131r \u00e7ocuklarla \u00e7al\u0131\u015fan deneyimli klinik uzmanlar\u0131 ve \u00f6\u011fretmenler taraf\u0131ndan haz\u0131rlanan bu pratik ve kullan\u0131m\u0131 kolay terapi ara\u00e7lar\u0131, \u00e7ocuklara en zorlu m\u00fccadelelerinde yard\u0131mc\u0131 olacak ba\u015f etme becerilerini kazand\u0131rmay\u0131 ama\u00e7l\u0131yor. Travma, dikkat eksikli\u011fi ve hiperaktivite bozuklu\u011fu, otizm, kayg\u0131, depresyon ve davran\u0131\u015f bozukluklar\u0131 gibi yayg\u0131n terap\u00f6tik zorluklar i\u00e7in kolayca uygulanabilir stratejiler i\u00e7eren bu \u00e7al\u0131\u015fma kitab\u0131 e\u011fitim, terapi veya psikolojik dan\u0131\u015fmanl\u0131k alanlar\u0131nda \u00e7al\u0131\u015fan profesyoneller i\u00e7in bir rehber olman\u0131n yan\u0131 s\u0131ra, ailelerin \u00e7ocuklar\u0131na daha sa\u011fl\u0131kl\u0131 bir zihin yap\u0131s\u0131 kazand\u0131rabilmesi i\u00e7in \u00f6nemli ipu\u00e7lar\u0131 sunuyor.<\/p>\n","protected":false},"excerpt":{"rendered":"<p>\u00c7ocuklar ve Ergenler \u0130\u00e7in Bili\u015fsel Davran\u0131\u015f\u00e7\u0131 Terapi Yard\u0131m Kiti, bili\u015fsel davran\u0131\u015f\u00e7\u0131 terapi (BDT) tekniklerini kullanarak \u00e7ocuklar ve ergenler i\u00e7in \u00f6zel olarak geli\u015ftirilmi\u015f y\u00fczlerce etkin ara\u00e7, strateji<span class=\"excerpt-hellip\"> [\u2026]<\/span><\/p>\n","protected":false},"featured_media":0,"template":"","meta":{"_monsterinsights_skip_tracking":false,"_monsterinsights_sitenote_active":false,"_monsterinsights_sitenote_note":"","_monsterinsights_sitenote_category":0},"product_brand":[],"product_cat":[20502,12357],"product_tag":[],"class_list":{"0":"post-773277","1":"product","2":"type-product","3":"status-publish","5":"product_cat-basvuru-kitaplari-psikoloji","6":"product_cat-psikoloji","7":"pa_cilt-ciltsiz","8":"pa_tur-kitap","9":"pa_yayinevi-koridor-yayincilik","10":"pa_yazar-kolektif","12":"first","13":"instock","14":"sale","15":"shipping-taxable","16":"purchasable","17":"product-type-simple"},"_links":{"self":[{"href":"https:\/\/roveyayinevi.com.tr\/index.php\/wp-json\/wp\/v2\/product\/773277","targetHints":{"allow":["GET"]}}],"collection":[{"href":"https:\/\/roveyayinevi.com.tr\/index.php\/wp-json\/wp\/v2\/product"}],"about":[{"href":"https:\/\/roveyayinevi.com.tr\/index.php\/wp-json\/wp\/v2\/types\/product"}],"wp:attachment":[{"href":"https:\/\/roveyayinevi.com.tr\/index.php\/wp-json\/wp\/v2\/media?parent=773277"}],"wp:term":[{"taxonomy":"product_brand","embeddable":true,"href":"https:\/\/roveyayinevi.com.tr\/index.php\/wp-json\/wp\/v2\/product_brand?post=773277"},{"taxonomy":"product_cat","embeddable":true,"href":"https:\/\/roveyayinevi.com.tr\/index.php\/wp-json\/wp\/v2\/product_cat?post=773277"},{"taxonomy":"product_tag","embeddable":true,"href":"https:\/\/roveyayinevi.com.tr\/index.php\/wp-json\/wp\/v2\/product_tag?post=773277"}],"curies":[{"name":"wp","href":"https:\/\/api.w.org\/{rel}","templated":true}]}}