{"id":773276,"date":"2025-08-28T16:10:33","date_gmt":"2025-08-28T13:10:33","guid":{"rendered":"https:\/\/roveyayinevi.com.tr\/index.php\/urun\/seyahat-notlari-ve-sehir-yazilari\/"},"modified":"2026-04-15T03:39:27","modified_gmt":"2026-04-15T00:39:27","slug":"seyahat-notlari-ve-sehir-yazilari","status":"publish","type":"product","link":"https:\/\/roveyayinevi.com.tr\/index.php\/urun\/seyahat-notlari-ve-sehir-yazilari\/","title":{"rendered":"Seyahat Notlar\u0131 ve \u015eehir Yaz\u0131lar\u0131"},"content":{"rendered":"<p>\u201c\u0130\u00e7eridekiler bahtiyard\u0131r, \u00e7\u00fcnk\u00fc g\u00f6zleri g\u00f6rmez. Fakat hari\u00e7ten gelenlerin vazifesi mukayese yapmakt\u0131r,\u201d diyor Abd\u00fclhak \u015einasi Hisar. \u015e\u00fcphesizdir ki o, yaln\u0131zca \u0130stanbul\u2019u de\u011fil, d\u00fcnyadaki pek \u00e7ok \u015fehri dikkatle ve duygulanarak seyretmeye talip olmu\u015f bir yazar. Seyahat Notlar\u0131 ve \u015eehir Yaz\u0131lar\u0131\u2019nda, yazar\u0131n dergi sayfalar\u0131nda kalm\u0131\u015f seyahat yaz\u0131lar\u0131 ve el yaz\u0131s\u0131 notlar\u0131 bir araya geliyor. Bu kitap, edebiyat\u0131m\u0131z\u0131n en zarif kalemlerinden birinin \u0130stanbul d\u0131\u015f\u0131na ta\u015fan bak\u0131\u015f\u0131n\u0131n, \u015fehirlerle kurdu\u011fu \u015fahsi ili\u015fkinin, sokaklar\u0131n ruhunu okuyu\u015funun kayd\u0131n\u0131 tutuyor; Paris\u2019ten Atina\u2019ya, B\u00fckre\u015f\u2019ten Ankara\u2019ya, L\u00fcksemburg\u2019dan Br\u00fcksel\u2019e, Pire\u2019den Venedik\u2019e, kald\u0131r\u0131m ta\u015flar\u0131ndan m\u00fczelere, sil\u00fcetlerden \u015fehir miraslar\u0131na uzanan bu yaz\u0131lar, sadece yolculuklar\u0131n de\u011fil, hat\u0131ralar\u0131n ve hayallerin de g\u00fcncesi niteli\u011finde. Sokaklarda bir \u015fey arad\u0131\u011f\u0131m\u0131 pek\u00e2l\u00e2 duyan bir hisle dola\u015f\u0131yordum. Fakat arad\u0131\u011f\u0131m\u0131 sorsalar bunu iyice bildi\u011fimi ve ne oldu\u011funu s\u00f6yleyemeyecektim. Belki da\u011f\u0131n\u0131k fikirlerimi ba\u011flayacak bir felsefe, belki art\u0131k hayal olmu\u015f bir istek, belki unutulmu\u015f bir y\u00fcz, belki tahlil edilmemi\u015f bir dostluk, belki \u00f6lm\u00fc\u015f bir sevgi ar\u0131yordum. Ne ve kim? Bilir miyim? Bulam\u0131yordum. <\/p>\n","protected":false},"excerpt":{"rendered":"<p>\u201c\u0130\u00e7eridekiler bahtiyard\u0131r, \u00e7\u00fcnk\u00fc g\u00f6zleri g\u00f6rmez. Fakat hari\u00e7ten gelenlerin vazifesi mukayese yapmakt\u0131r,\u201d diyor Abd\u00fclhak \u015einasi Hisar. \u015e\u00fcphesizdir ki o, yaln\u0131zca \u0130stanbul\u2019u de\u011fil, d\u00fcnyadaki pek \u00e7ok \u015fehri dikkatle<span class=\"excerpt-hellip\"> [\u2026]<\/span><\/p>\n","protected":false},"featured_media":0,"template":"","meta":{"_monsterinsights_skip_tracking":false,"_monsterinsights_sitenote_active":false,"_monsterinsights_sitenote_note":"","_monsterinsights_sitenote_category":0},"product_brand":[],"product_cat":[18545,12291],"product_tag":[],"class_list":{"0":"post-773276","1":"product","2":"type-product","3":"status-publish","5":"product_cat-anlati","6":"product_cat-edebiyat","7":"pa_cilt-ciltsiz","8":"pa_tur-kitap","9":"pa_yayinevi-everest-yayinlari","10":"pa_yazar-abdulhak-sinasi-hisar","12":"first","13":"instock","14":"sale","15":"shipping-taxable","16":"purchasable","17":"product-type-simple"},"_links":{"self":[{"href":"https:\/\/roveyayinevi.com.tr\/index.php\/wp-json\/wp\/v2\/product\/773276","targetHints":{"allow":["GET"]}}],"collection":[{"href":"https:\/\/roveyayinevi.com.tr\/index.php\/wp-json\/wp\/v2\/product"}],"about":[{"href":"https:\/\/roveyayinevi.com.tr\/index.php\/wp-json\/wp\/v2\/types\/product"}],"wp:attachment":[{"href":"https:\/\/roveyayinevi.com.tr\/index.php\/wp-json\/wp\/v2\/media?parent=773276"}],"wp:term":[{"taxonomy":"product_brand","embeddable":true,"href":"https:\/\/roveyayinevi.com.tr\/index.php\/wp-json\/wp\/v2\/product_brand?post=773276"},{"taxonomy":"product_cat","embeddable":true,"href":"https:\/\/roveyayinevi.com.tr\/index.php\/wp-json\/wp\/v2\/product_cat?post=773276"},{"taxonomy":"product_tag","embeddable":true,"href":"https:\/\/roveyayinevi.com.tr\/index.php\/wp-json\/wp\/v2\/product_tag?post=773276"}],"curies":[{"name":"wp","href":"https:\/\/api.w.org\/{rel}","templated":true}]}}